{"id":699814,"date":"2025-08-27T14:53:18","date_gmt":"2025-08-27T11:53:18","guid":{"rendered":"https:\/\/roveyayinevi.com.tr\/index.php\/urun\/aksaraydan-bir-perihan\/"},"modified":"2026-04-16T02:08:56","modified_gmt":"2026-04-15T23:08:56","slug":"aksaraydan-bir-perihan","status":"publish","type":"product","link":"https:\/\/roveyayinevi.com.tr\/index.php\/urun\/aksaraydan-bir-perihan\/","title":{"rendered":"Aksaray&#8217;dan Bir Perihan"},"content":{"rendered":"<p>\u201c\u0130htiyarl\u0131\u011f\u0131n\u0131 emniyet alt\u0131na al\u0131nm\u0131\u015f sanmak i\u00e7in yak\u0131nlar\u0131n\u0131n \u015fefkat ve sevgisine g\u00fcvenmek bir hatayd\u0131, bu sevgi ve muhabbetin bu emniyeti temin edemeyece\u011fi durumlar da vard\u0131, i\u015fte, evlad\u0131 gibi g\u00fcvendi\u011fi Pakize art\u0131k d\u00fcnyada yoktu ve Aksaray\u2019dan bir Perihan Han\u0131m \u00e7\u0131kagelmi\u015f, sevgisine o kadar g\u00fcvenilen m\u00fc\u015ffik bir \u00e7ocu\u011fu bu ac\u0131n\u0131lacak h\u00e2le sokmu\u015ftu. Her ya\u015fayan insan\u0131n ihtiyar olmas\u0131 ve bir \u00e7ocu\u011fun tek ba\u015f\u0131na kalmas\u0131 mukadderdi. \u0130htiyarl\u0131k emniyet alt\u0131nda olmal\u0131yd\u0131.\u201dPerihan, Aksaray&#8217;da yeti\u015fmi\u015f, kaba, s\u0131n\u0131f atlama hevesi i\u00e7inde olan ve bu s\u0131n\u0131f atlama \u00e7abas\u0131n\u0131 e\u015fi Nuri ile para \u00fczerinden ger\u00e7ekle\u015ftiren bir kad\u0131nd\u0131r. Nuri ise sarayl\u0131 bir aileden gelen, Perihan&#8217;\u0131n kontrol\u00fcnde ya\u015fayan, hi\u00e7bir \u015feye ses \u00e7\u0131karmayan, her t\u00fcrl\u00fc ahlaks\u0131z davran\u0131\u015f\u0131 bile kabul eden bir adamd\u0131r. Perihan bu yolda her t\u00fcrl\u00fc davran\u0131\u015f\u0131 mubah g\u00f6rmekte ve e\u015fine de bu konuda s\u00fcrekli telkinler vermektedir.Gece Postas\u0131\u2019nda tefrika edilen Aksaray\u2019dan Bir Perihan\u2019da Suat Dervi\u015f, Perihan karakteri \u00fczerinden zenginle\u015fen, ama bir taraftan da yozla\u015fmakta olan toplumu ele\u015ftirir.<\/p>\n","protected":false},"excerpt":{"rendered":"<p>\u201c\u0130htiyarl\u0131\u011f\u0131n\u0131 emniyet alt\u0131na al\u0131nm\u0131\u015f sanmak i\u00e7in yak\u0131nlar\u0131n\u0131n \u015fefkat ve sevgisine g\u00fcvenmek bir hatayd\u0131, bu sevgi ve muhabbetin bu emniyeti temin edemeyece\u011fi durumlar da vard\u0131, i\u015fte, evlad\u0131<span class=\"excerpt-hellip\"> [\u2026]<\/span><\/p>\n","protected":false},"featured_media":0,"template":"","meta":{"_monsterinsights_skip_tracking":false,"_monsterinsights_sitenote_active":false,"_monsterinsights_sitenote_note":"","_monsterinsights_sitenote_category":0},"product_brand":[],"product_cat":[12291,12292],"product_tag":[],"class_list":{"0":"post-699814","1":"product","2":"type-product","3":"status-publish","5":"product_cat-edebiyat","6":"product_cat-turk-edebiyati","7":"pa_cilt-ciltsiz","8":"pa_tur-kitap","9":"pa_yayinevi-ithaki-yayinlari","10":"pa_yazar-suat-dervis","12":"first","13":"instock","14":"sale","15":"shipping-taxable","16":"purchasable","17":"product-type-simple"},"_links":{"self":[{"href":"https:\/\/roveyayinevi.com.tr\/index.php\/wp-json\/wp\/v2\/product\/699814","targetHints":{"allow":["GET"]}}],"collection":[{"href":"https:\/\/roveyayinevi.com.tr\/index.php\/wp-json\/wp\/v2\/product"}],"about":[{"href":"https:\/\/roveyayinevi.com.tr\/index.php\/wp-json\/wp\/v2\/types\/product"}],"wp:attachment":[{"href":"https:\/\/roveyayinevi.com.tr\/index.php\/wp-json\/wp\/v2\/media?parent=699814"}],"wp:term":[{"taxonomy":"product_brand","embeddable":true,"href":"https:\/\/roveyayinevi.com.tr\/index.php\/wp-json\/wp\/v2\/product_brand?post=699814"},{"taxonomy":"product_cat","embeddable":true,"href":"https:\/\/roveyayinevi.com.tr\/index.php\/wp-json\/wp\/v2\/product_cat?post=699814"},{"taxonomy":"product_tag","embeddable":true,"href":"https:\/\/roveyayinevi.com.tr\/index.php\/wp-json\/wp\/v2\/product_tag?post=699814"}],"curies":[{"name":"wp","href":"https:\/\/api.w.org\/{rel}","templated":true}]}}