{"id":699811,"date":"2025-08-27T14:53:17","date_gmt":"2025-08-27T11:53:17","guid":{"rendered":"https:\/\/roveyayinevi.com.tr\/index.php\/urun\/incili-cavus\/"},"modified":"2026-04-16T02:08:56","modified_gmt":"2026-04-15T23:08:56","slug":"incili-cavus","status":"publish","type":"product","link":"https:\/\/roveyayinevi.com.tr\/index.php\/urun\/incili-cavus\/","title":{"rendered":"\u0130ncili \u00c7avu\u015f"},"content":{"rendered":"<p>K\u00fclt\u00fcr, bir cemiyetin sahip oldu\u011fu maddi ve manevi k\u0131ymetlerden te\u015fekk\u00fcl eden bir b\u00fct\u00fcnd\u00fcr. Her milletin kendine has i\u00e7 dinamiklerinin yo\u011furdu\u011fu sosyo\u2013psikolojisinin g\u00f6stergesi olan ya\u015fay\u0131\u015f \u015feklidir; ya\u015famay\u0131 d\u00fczenleyen benimseyi\u015f ve tav\u0131r al\u0131\u015flar nizam\u0131d\u0131r. G\u00fclme ve mizah, k\u00fclt\u00fcrde dolay\u0131s\u0131yla toplumda do\u011frudan ili\u015fkilidir.Her milletin mizah ve hicvinin m\u00fcmessili olarak ya\u015fayan bir veya birka\u00e7 kahraman\u0131 vard\u0131r.Bu \u00e7al\u0131\u015fmada T\u00fcrk mizah kahraman\u0131 zincirinin kahraman\u0131 olan \u0130ncili \u00c7avu\u015f f\u0131kralar\u0131 \u00fczerinde durulmu\u015ftur. <\/p>\n","protected":false},"excerpt":{"rendered":"<p>K\u00fclt\u00fcr, bir cemiyetin sahip oldu\u011fu maddi ve manevi k\u0131ymetlerden te\u015fekk\u00fcl eden bir b\u00fct\u00fcnd\u00fcr. Her milletin kendine has i\u00e7 dinamiklerinin yo\u011furdu\u011fu sosyo\u2013psikolojisinin g\u00f6stergesi olan ya\u015fay\u0131\u015f \u015feklidir; ya\u015famay\u0131<span class=\"excerpt-hellip\"> [\u2026]<\/span><\/p>\n","protected":false},"featured_media":0,"template":"","meta":{"_monsterinsights_skip_tracking":false,"_monsterinsights_sitenote_active":false,"_monsterinsights_sitenote_note":"","_monsterinsights_sitenote_category":0},"product_brand":[],"product_cat":[12573,12566],"product_tag":[],"class_list":{"0":"post-699811","1":"product","2":"type-product","3":"status-publish","5":"product_cat-akademik-kitaplar","6":"product_cat-egitim","7":"pa_cilt-ciltsiz","8":"pa_tur-kitap","9":"pa_yayinevi-gazi-kitabevi","10":"pa_yazar-fatma-ahsen-turan","12":"first","13":"instock","14":"sale","15":"shipping-taxable","16":"purchasable","17":"product-type-simple"},"_links":{"self":[{"href":"https:\/\/roveyayinevi.com.tr\/index.php\/wp-json\/wp\/v2\/product\/699811","targetHints":{"allow":["GET"]}}],"collection":[{"href":"https:\/\/roveyayinevi.com.tr\/index.php\/wp-json\/wp\/v2\/product"}],"about":[{"href":"https:\/\/roveyayinevi.com.tr\/index.php\/wp-json\/wp\/v2\/types\/product"}],"wp:attachment":[{"href":"https:\/\/roveyayinevi.com.tr\/index.php\/wp-json\/wp\/v2\/media?parent=699811"}],"wp:term":[{"taxonomy":"product_brand","embeddable":true,"href":"https:\/\/roveyayinevi.com.tr\/index.php\/wp-json\/wp\/v2\/product_brand?post=699811"},{"taxonomy":"product_cat","embeddable":true,"href":"https:\/\/roveyayinevi.com.tr\/index.php\/wp-json\/wp\/v2\/product_cat?post=699811"},{"taxonomy":"product_tag","embeddable":true,"href":"https:\/\/roveyayinevi.com.tr\/index.php\/wp-json\/wp\/v2\/product_tag?post=699811"}],"curies":[{"name":"wp","href":"https:\/\/api.w.org\/{rel}","templated":true}]}}