{"id":699808,"date":"2025-08-27T14:53:16","date_gmt":"2025-08-27T11:53:16","guid":{"rendered":"https:\/\/roveyayinevi.com.tr\/index.php\/urun\/osmanli-sehirleri-ve-kirsal-hayati\/"},"modified":"2026-04-16T02:08:56","modified_gmt":"2026-04-15T23:08:56","slug":"osmanli-sehirleri-ve-kirsal-hayati","status":"publish","type":"product","link":"https:\/\/roveyayinevi.com.tr\/index.php\/urun\/osmanli-sehirleri-ve-kirsal-hayati\/","title":{"rendered":"Osmanl\u0131 \u015eehirleri ve K\u0131rsal Hayat\u0131"},"content":{"rendered":"<p>Son y\u0131llarda yap\u0131lan Osmanl\u0131 tarihi \u00e7al\u0131\u015fmalar\u0131 belli bir d\u00fczeye ula\u015fm\u0131\u015f olsa da sosyo-ekonomik tarih incelemelerinin, Osmanl\u0131 tarih\u00e7ili\u011finin zay\u0131f halkalar\u0131ndan birini olu\u015fturmaya devam etti\u011fi s\u00f6ylenebilir. Ge\u00e7mi\u015fin kaybolmaya y\u00fcz tutmu\u015f haritas\u0131 i\u00e7inde sakl\u0131 kalan, ke\u015ffedilmesi zor ayr\u0131nt\u0131lar\u0131 g\u00fcn y\u00fcz\u00fcne \u00e7\u0131karmak, \u00f6nemli bir ustal\u0131\u011f\u0131 gerektirmektedir. Suraiya Faroqhi, b\u00fct\u00fcnc\u00fcl bir tarih resmini alg\u0131lamam\u0131za yard\u0131mc\u0131 olacak makaleleri ile titiz bir \u00e7al\u0131\u015fma \u00f6rne\u011fi sunmaktad\u0131r. Faroqhi, tahrir defterleri, \u015feriyye sicilleri, m\u00fchimme defterleri gibi birincil kaynaklar ile Osmanl\u0131 tarih\u00e7ilerinin eserleri \u0131\u015f\u0131\u011f\u0131nda -\u00f6zellikle onbe\u015f ve onalt\u0131nc\u0131 y\u00fczy\u0131llardaki- Osmanl\u0131 \u015fehirlerini ve k\u0131rsal toplumunu inceliyor. Osmanl\u0131 \u015eehirleri ve K\u0131rsal Hayat\u0131\u2019nda hemen herkes, kendi y\u00f6resel tarihi ba\u011flam\u0131nda da ilgin\u00e7 ipu\u00e7lar\u0131 bulabilecektir. \ufffcTan\u0131t\u0131m Metni<\/p>\n","protected":false},"excerpt":{"rendered":"<p>Son y\u0131llarda yap\u0131lan Osmanl\u0131 tarihi \u00e7al\u0131\u015fmalar\u0131 belli bir d\u00fczeye ula\u015fm\u0131\u015f olsa da sosyo-ekonomik tarih incelemelerinin, Osmanl\u0131 tarih\u00e7ili\u011finin zay\u0131f halkalar\u0131ndan birini olu\u015fturmaya devam etti\u011fi s\u00f6ylenebilir. Ge\u00e7mi\u015fin kaybolmaya<span class=\"excerpt-hellip\"> [\u2026]<\/span><\/p>\n","protected":false},"featured_media":0,"template":"","meta":{"_monsterinsights_skip_tracking":false,"_monsterinsights_sitenote_active":false,"_monsterinsights_sitenote_note":"","_monsterinsights_sitenote_category":0},"product_brand":[],"product_cat":[12573,12566],"product_tag":[],"class_list":{"0":"post-699808","1":"product","2":"type-product","3":"status-publish","5":"product_cat-akademik-kitaplar","6":"product_cat-egitim","7":"pa_cilt-ciltsiz","8":"pa_tur-kitap","9":"pa_yayinevi-dogu-bati-yayinlari","10":"pa_yazar-suraiya-faroqhi","12":"first","13":"instock","14":"sale","15":"shipping-taxable","16":"purchasable","17":"product-type-simple"},"_links":{"self":[{"href":"https:\/\/roveyayinevi.com.tr\/index.php\/wp-json\/wp\/v2\/product\/699808","targetHints":{"allow":["GET"]}}],"collection":[{"href":"https:\/\/roveyayinevi.com.tr\/index.php\/wp-json\/wp\/v2\/product"}],"about":[{"href":"https:\/\/roveyayinevi.com.tr\/index.php\/wp-json\/wp\/v2\/types\/product"}],"wp:attachment":[{"href":"https:\/\/roveyayinevi.com.tr\/index.php\/wp-json\/wp\/v2\/media?parent=699808"}],"wp:term":[{"taxonomy":"product_brand","embeddable":true,"href":"https:\/\/roveyayinevi.com.tr\/index.php\/wp-json\/wp\/v2\/product_brand?post=699808"},{"taxonomy":"product_cat","embeddable":true,"href":"https:\/\/roveyayinevi.com.tr\/index.php\/wp-json\/wp\/v2\/product_cat?post=699808"},{"taxonomy":"product_tag","embeddable":true,"href":"https:\/\/roveyayinevi.com.tr\/index.php\/wp-json\/wp\/v2\/product_tag?post=699808"}],"curies":[{"name":"wp","href":"https:\/\/api.w.org\/{rel}","templated":true}]}}