{"id":699805,"date":"2025-08-27T14:53:15","date_gmt":"2025-08-27T11:53:15","guid":{"rendered":"https:\/\/roveyayinevi.com.tr\/index.php\/urun\/sinoplu-filozof-diogenes\/"},"modified":"2026-04-16T02:08:56","modified_gmt":"2026-04-15T23:08:56","slug":"sinoplu-filozof-diogenes","status":"publish","type":"product","link":"https:\/\/roveyayinevi.com.tr\/index.php\/urun\/sinoplu-filozof-diogenes\/","title":{"rendered":"Sinoplu Filozof Diogenes"},"content":{"rendered":"<p>\u201cDiogenes\u2019in dahil edildi\u011fi ak\u0131m bir ya\u015fay\u0131\u015f bi\u00e7imini yans\u0131t\u0131r: k\u00f6peksi, kynik. Ak\u0131m\u0131n temsilcileri de bu ad\u0131 benimsemi\u015ftir. A\u015fa\u011f\u0131lay\u0131c\u0131 bir kelime oldu\u011fu belli, ama sokak k\u00f6pe\u011finin boynundan ba\u011flanmad\u0131\u011f\u0131, \u00f6zg\u00fcr oldu\u011fu da d\u00fc\u015f\u00fcn\u00fclmeli&#8230;&#8221;Diogenes&#8217;in d\u00e2hil edildi\u011fi ak\u0131m bir ya\u015fay\u0131\u015f bi\u00e7imini yans\u0131t\u0131r: k\u00f6peksi, kynik. Ak\u0131m\u0131n temsilcileri de bu ad\u0131 benimsemi\u015ftir. A\u015fa\u011f\u0131lay\u0131c\u0131 bir kelime oldu\u011fu belli, ama sokak k\u00f6pe\u011finin boynundan ba\u011flanmad\u0131\u011f\u0131, \u00f6zg\u00fcr oldu\u011fu da d\u00fc\u015f\u00fcn\u00fclmeli&#8230; Diogenes&#8217;in en \u00e7ok bilinen c\u00fcmlesi B\u00fcy\u00fck \u0130skender&#8217;e s\u00f6yledi\u011fidir. \u0130skender, Aristoteles&#8217;in \u00f6\u011frencisiydi; babas\u0131 Filip filozofu saray\u0131na \u00e7a\u011f\u0131rm\u0131\u015ft\u0131. \u0130skender&#8217;in &#8220;E\u011fer \u0130skender olmasayd\u0131m Diogenes olmak isterdim&#8221; deyi\u015fi, hocas\u0131ndan \u00e7ok bir k\u00f6peksiye sayg\u0131s\u0131n\u0131 g\u00f6sterir. O komutan o filozofa kendisinden bir istekte bulunmas\u0131n\u0131 s\u00f6yledi\u011finde, &#8220;g\u00fcne\u015fime engel olma yeter&#8221; (yayg\u0131n bilinen \u015fekliyle &#8220;g\u00f6lge etme ba\u015fka ihsan istemem&#8221;) cevab\u0131n\u0131 al\u0131nca daha da sayg\u0131 duymu\u015f olmal\u0131&#8221; (Ulu\u011f NUTKU). Bu kitap UNESCO T\u00fcrkiye Milli Komisyonu, Felsefe \u0130htisas Komitesi&#8217;nin, T\u00fcrkiye Felsefe Kurumu ve Sinop \u00dcniversitesi Rekt\u00f6rl\u00fc\u011f\u00fcyle birlikte 19-20 Nisan 2013&#8217;te Sinop&#8217;ta ger\u00e7ekle\u015ftirdi\u011fi Anadolu&#8217;da Felsefeye Yolculuk II, Sinoplu Bir Filozof: Diogenes ba\u015fl\u0131kl\u0131 sempozyumun bildirilerinden olu\u015fmaktad\u0131r. <\/p>\n","protected":false},"excerpt":{"rendered":"<p>\u201cDiogenes\u2019in dahil edildi\u011fi ak\u0131m bir ya\u015fay\u0131\u015f bi\u00e7imini yans\u0131t\u0131r: k\u00f6peksi, kynik. Ak\u0131m\u0131n temsilcileri de bu ad\u0131 benimsemi\u015ftir. A\u015fa\u011f\u0131lay\u0131c\u0131 bir kelime oldu\u011fu belli, ama sokak k\u00f6pe\u011finin boynundan ba\u011flanmad\u0131\u011f\u0131,<span class=\"excerpt-hellip\"> [\u2026]<\/span><\/p>\n","protected":false},"featured_media":0,"template":"","meta":{"_monsterinsights_skip_tracking":false,"_monsterinsights_sitenote_active":false,"_monsterinsights_sitenote_note":"","_monsterinsights_sitenote_category":0},"product_brand":[],"product_cat":[12388,15309],"product_tag":[],"class_list":{"0":"post-699805","1":"product","2":"type-product","3":"status-publish","5":"product_cat-felsefe","6":"product_cat-felsefi-akimlar","7":"pa_cilt-ciltsiz","8":"pa_tur-kitap","9":"pa_yayinevi-turkiye-felsefe-kurumu","10":"pa_yazar-kolektif","12":"first","13":"instock","14":"sale","15":"shipping-taxable","16":"purchasable","17":"product-type-simple"},"_links":{"self":[{"href":"https:\/\/roveyayinevi.com.tr\/index.php\/wp-json\/wp\/v2\/product\/699805","targetHints":{"allow":["GET"]}}],"collection":[{"href":"https:\/\/roveyayinevi.com.tr\/index.php\/wp-json\/wp\/v2\/product"}],"about":[{"href":"https:\/\/roveyayinevi.com.tr\/index.php\/wp-json\/wp\/v2\/types\/product"}],"wp:attachment":[{"href":"https:\/\/roveyayinevi.com.tr\/index.php\/wp-json\/wp\/v2\/media?parent=699805"}],"wp:term":[{"taxonomy":"product_brand","embeddable":true,"href":"https:\/\/roveyayinevi.com.tr\/index.php\/wp-json\/wp\/v2\/product_brand?post=699805"},{"taxonomy":"product_cat","embeddable":true,"href":"https:\/\/roveyayinevi.com.tr\/index.php\/wp-json\/wp\/v2\/product_cat?post=699805"},{"taxonomy":"product_tag","embeddable":true,"href":"https:\/\/roveyayinevi.com.tr\/index.php\/wp-json\/wp\/v2\/product_tag?post=699805"}],"curies":[{"name":"wp","href":"https:\/\/api.w.org\/{rel}","templated":true}]}}