{"id":699801,"date":"2025-08-27T14:53:14","date_gmt":"2025-08-27T11:53:14","guid":{"rendered":"https:\/\/roveyayinevi.com.tr\/index.php\/urun\/cizgi-alistirmalari-yasantimiz\/"},"modified":"2026-04-16T02:08:55","modified_gmt":"2026-04-15T23:08:55","slug":"cizgi-alistirmalari-yasantimiz","status":"publish","type":"product","link":"https:\/\/roveyayinevi.com.tr\/index.php\/urun\/cizgi-alistirmalari-yasantimiz\/","title":{"rendered":"\u00c7izgi Al\u0131\u015ft\u0131rmalar\u0131 &#8211; Ya\u015fant\u0131m\u0131z"},"content":{"rendered":"<p>Yap\u0131\u015ft\u0131r \u00c7iz Sil serisine ait 8 kitap, \u00e7ocuklar\u0131n kalem ve kitap ile e\u011flenceli bir \u015fekilde kar\u015f\u0131la\u015fmalar\u0131n\u0131 sa\u011flarken; y\u00f6nergelere uygun davranma, g\u00f6rsel alg\u0131lama, el- g\u00f6z kordinasyonu, ince motor becerileri, kavram \u00f6\u011fretimi, \u015fekil zemin ayr\u0131m\u0131, ak\u0131lda tutma, hat\u0131rlama, tahmin etme, e\u015fle\u015ftirme, ili\u015fki kurma, farkl\u0131 olan\u0131 bulma vb. bili\u015fsel, ince motor ve duygusal geli\u015fim basamaklar\u0131na ait becerilerin geli\u015fmesini sa\u011flayacak \u015fekilde haz\u0131rland\u0131. \u00c7ocuklar\u0131n\u0131z\u0131n uygulayarak \u00f6\u011frenmeleri, geli\u015fim basamaklar\u0131n\u0131 birlikte ve uyum i\u00e7inde harekete ge\u00e7irmeleri ve ilkokul \u00f6ncesi s\u00fcre\u00e7te haz\u0131rbulunu\u015fluk d\u00fczeylerini art\u0131rmalar\u0131 amac\u0131 ile haz\u0131rlanan Yap\u0131\u015ft\u0131r \u00c7iz Sil serisini, okul \u00f6ncesi d\u00f6nemdeki \u00e7ocuklar\u0131m\u0131z i\u00e7in tavsiye deriz. Unutmayal\u0131m ki; geli\u015fim bir s\u00fcre\u00e7tir ve bu s\u00fcrecin desteklenmesi gerekmektedir. \u00dclk\u00fc Uslu \u2013 Psikolojik Dan\u0131\u015fman- Art Terapist <\/p>\n","protected":false},"excerpt":{"rendered":"<p>Yap\u0131\u015ft\u0131r \u00c7iz Sil serisine ait 8 kitap, \u00e7ocuklar\u0131n kalem ve kitap ile e\u011flenceli bir \u015fekilde kar\u015f\u0131la\u015fmalar\u0131n\u0131 sa\u011flarken; y\u00f6nergelere uygun davranma, g\u00f6rsel alg\u0131lama, el- g\u00f6z kordinasyonu, ince<span class=\"excerpt-hellip\"> [\u2026]<\/span><\/p>\n","protected":false},"featured_media":0,"template":"","meta":{"_monsterinsights_skip_tracking":false,"_monsterinsights_sitenote_active":false,"_monsterinsights_sitenote_note":"","_monsterinsights_sitenote_category":0},"product_brand":[],"product_cat":[12274,12631],"product_tag":[],"class_list":{"0":"post-699801","1":"product","2":"type-product","3":"status-publish","5":"product_cat-cocuk-ve-genclik-kitaplari","6":"product_cat-diger-cocuk-ve-genclik-kitaplari","7":"pa_tur-kitap","8":"pa_yayinevi-parilti-yayinlari","9":"pa_yazar-kolektif","11":"first","12":"instock","13":"sale","14":"shipping-taxable","15":"purchasable","16":"product-type-simple"},"_links":{"self":[{"href":"https:\/\/roveyayinevi.com.tr\/index.php\/wp-json\/wp\/v2\/product\/699801","targetHints":{"allow":["GET"]}}],"collection":[{"href":"https:\/\/roveyayinevi.com.tr\/index.php\/wp-json\/wp\/v2\/product"}],"about":[{"href":"https:\/\/roveyayinevi.com.tr\/index.php\/wp-json\/wp\/v2\/types\/product"}],"wp:attachment":[{"href":"https:\/\/roveyayinevi.com.tr\/index.php\/wp-json\/wp\/v2\/media?parent=699801"}],"wp:term":[{"taxonomy":"product_brand","embeddable":true,"href":"https:\/\/roveyayinevi.com.tr\/index.php\/wp-json\/wp\/v2\/product_brand?post=699801"},{"taxonomy":"product_cat","embeddable":true,"href":"https:\/\/roveyayinevi.com.tr\/index.php\/wp-json\/wp\/v2\/product_cat?post=699801"},{"taxonomy":"product_tag","embeddable":true,"href":"https:\/\/roveyayinevi.com.tr\/index.php\/wp-json\/wp\/v2\/product_tag?post=699801"}],"curies":[{"name":"wp","href":"https:\/\/api.w.org\/{rel}","templated":true}]}}