{"id":699798,"date":"2025-08-27T14:53:13","date_gmt":"2025-08-27T11:53:13","guid":{"rendered":"https:\/\/roveyayinevi.com.tr\/index.php\/urun\/akp-iktidarinda-egitim\/"},"modified":"2026-01-29T02:16:47","modified_gmt":"2026-01-28T23:16:47","slug":"akp-iktidarinda-egitim","status":"publish","type":"product","link":"https:\/\/roveyayinevi.com.tr\/index.php\/urun\/akp-iktidarinda-egitim\/","title":{"rendered":"AKP \u0130ktidar\u0131nda E\u011fitim"},"content":{"rendered":"<p>Bu kitapta, AKP&#8217;nin 21 y\u0131ll\u0131k iktidar\u0131 boyunca, \u00f6zellikle e\u011fitim alan\u0131nda ger\u00e7ekle\u015ftirdi\u011fi piyasac\u0131 vegerici uygulamalar irdelenmektedir. Dersinde T\u00fcrkiye e\u011fitim sistemini i\u015fleyen akademisyenler i\u00e7in,bir kaynak kitap niteli\u011finde olan bu kitab\u0131n i\u00e7indeki bilgilerin bir k\u0131sm\u0131ndan haberi olmayanki\u015filerin, e\u011fitim sistemini tan\u0131mas\u0131n\u0131n olana\u011f\u0131 herhalde yoktur.Bu kitab\u0131n temel amac\u0131, ilgilenenleri ve merakl\u0131 ki\u015fileri, laik, bilimsel, paras\u0131z ve kamusal e\u011fitimyanl\u0131lar\u0131n\u0131, AKP\u2019nin iktidara geldi\u011fi 2002 y\u0131l\u0131ndan bug\u00fcne e\u011fitim alan\u0131nda yapt\u0131klar\u0131 ve yapmakistedikleri konusunda bilgilendirmektir. AKP&#8217;nin olumlu ad\u0131mlar att\u0131\u011f\u0131n\u0131 sananlar\u0131 uyarmakt\u0131r.AKP&#8217;nin esas hedefinin &#8220;giri\u015fimci molla&#8221; yeti\u015ftirmek oldu\u011funu g\u00f6stermektir. T\u00fcrkiye&#8217;nin i\u00e7inesokuldu\u011fu tehlikenin ayr\u0131m\u0131na var\u0131lmas\u0131n\u0131 sa\u011flamakt\u0131r.Bu kitab\u0131n birincil umudu, AKP&#8217;nin e\u011fitim alan\u0131nda 21 y\u0131lda yapt\u0131klar\u0131n\u0131 okuyanlar\u0131n, T\u00fcrkiye&#8217;nini\u00e7ine sokuldu\u011fu durumdan kayg\u0131lanmalar\u0131d\u0131r. Ayd\u0131nlar, ilgililer ve sorumlular\u0131n kayg\u0131lanmamalar\u0131durumunda bu piyasac\u0131 ve gerici gidi\u015fin \u00f6n\u00fcn\u00fc almak \u00e7ok zor olacakt\u0131r.<\/p>\n","protected":false},"excerpt":{"rendered":"<p>Bu kitapta, AKP&#8217;nin 21 y\u0131ll\u0131k iktidar\u0131 boyunca, \u00f6zellikle e\u011fitim alan\u0131nda ger\u00e7ekle\u015ftirdi\u011fi piyasac\u0131 vegerici uygulamalar irdelenmektedir. Dersinde T\u00fcrkiye e\u011fitim sistemini i\u015fleyen akademisyenler i\u00e7in,bir kaynak kitap niteli\u011finde olan<span class=\"excerpt-hellip\"> [\u2026]<\/span><\/p>\n","protected":false},"featured_media":0,"template":"","meta":{"_monsterinsights_skip_tracking":false,"_monsterinsights_sitenote_active":false,"_monsterinsights_sitenote_note":"","_monsterinsights_sitenote_category":0},"product_brand":[],"product_cat":[12312,12304],"product_tag":[],"class_list":{"0":"post-699798","1":"product","2":"type-product","3":"status-publish","5":"product_cat-diger","6":"product_cat-tarih","7":"pa_cilt-ciltsiz","8":"pa_tur-kitap","9":"pa_yayinevi-utopya-yayinevi","10":"pa_yazar-rifat-okcabol","12":"first","13":"instock","14":"sale","15":"shipping-taxable","16":"purchasable","17":"product-type-simple"},"_links":{"self":[{"href":"https:\/\/roveyayinevi.com.tr\/index.php\/wp-json\/wp\/v2\/product\/699798","targetHints":{"allow":["GET"]}}],"collection":[{"href":"https:\/\/roveyayinevi.com.tr\/index.php\/wp-json\/wp\/v2\/product"}],"about":[{"href":"https:\/\/roveyayinevi.com.tr\/index.php\/wp-json\/wp\/v2\/types\/product"}],"wp:attachment":[{"href":"https:\/\/roveyayinevi.com.tr\/index.php\/wp-json\/wp\/v2\/media?parent=699798"}],"wp:term":[{"taxonomy":"product_brand","embeddable":true,"href":"https:\/\/roveyayinevi.com.tr\/index.php\/wp-json\/wp\/v2\/product_brand?post=699798"},{"taxonomy":"product_cat","embeddable":true,"href":"https:\/\/roveyayinevi.com.tr\/index.php\/wp-json\/wp\/v2\/product_cat?post=699798"},{"taxonomy":"product_tag","embeddable":true,"href":"https:\/\/roveyayinevi.com.tr\/index.php\/wp-json\/wp\/v2\/product_tag?post=699798"}],"curies":[{"name":"wp","href":"https:\/\/api.w.org\/{rel}","templated":true}]}}