{"id":699797,"date":"2025-08-27T14:53:13","date_gmt":"2025-08-27T11:53:13","guid":{"rendered":"https:\/\/roveyayinevi.com.tr\/index.php\/urun\/azinlik-okullarinda-tarih-egitimi-ve-cokkulturluluk\/"},"modified":"2026-04-16T02:08:55","modified_gmt":"2026-04-15T23:08:55","slug":"azinlik-okullarinda-tarih-egitimi-ve-cokkulturluluk","status":"publish","type":"product","link":"https:\/\/roveyayinevi.com.tr\/index.php\/urun\/azinlik-okullarinda-tarih-egitimi-ve-cokkulturluluk\/","title":{"rendered":"Az\u0131nl\u0131k Okullar\u0131nda Tarih E\u011fitimi ve \u00c7okk\u00fclt\u00fcrl\u00fcl\u00fck"},"content":{"rendered":"<p>Ulus-in\u015fa s\u00fcre\u00e7leri tarihe, toplumu bir arada tutacak yeni de\u011ferlerin \u00fcretilmesi gibi misyon y\u00fckler. \u2018\u00d6teki\u2019nin kurban edilmesi pahas\u0131na \u2018biz\u2019 duygusu yaratmay\u0131 ama\u00e7layan bu de\u011ferlerin yayg\u0131nla\u015ft\u0131rma ve me\u015frula\u015ft\u0131rma arac\u0131 da elbette ki tarih e\u011fitimidir. <\/p>\n","protected":false},"excerpt":{"rendered":"<p>Ulus-in\u015fa s\u00fcre\u00e7leri tarihe, toplumu bir arada tutacak yeni de\u011ferlerin \u00fcretilmesi gibi misyon y\u00fckler. \u2018\u00d6teki\u2019nin kurban edilmesi pahas\u0131na \u2018biz\u2019 duygusu yaratmay\u0131 ama\u00e7layan bu de\u011ferlerin yayg\u0131nla\u015ft\u0131rma ve me\u015frula\u015ft\u0131rma<span class=\"excerpt-hellip\"> [\u2026]<\/span><\/p>\n","protected":false},"featured_media":0,"template":"","meta":{"_monsterinsights_skip_tracking":false,"_monsterinsights_sitenote_active":false,"_monsterinsights_sitenote_note":"","_monsterinsights_sitenote_category":0},"product_brand":[],"product_cat":[12573,12566],"product_tag":[],"class_list":{"0":"post-699797","1":"product","2":"type-product","3":"status-publish","5":"product_cat-akademik-kitaplar","6":"product_cat-egitim","7":"pa_tur-kitap","8":"pa_yayinevi-yeni-insan-yayinlari","9":"pa_yazar-fatih-yazici","11":"first","12":"instock","13":"sale","14":"shipping-taxable","15":"purchasable","16":"product-type-simple"},"_links":{"self":[{"href":"https:\/\/roveyayinevi.com.tr\/index.php\/wp-json\/wp\/v2\/product\/699797","targetHints":{"allow":["GET"]}}],"collection":[{"href":"https:\/\/roveyayinevi.com.tr\/index.php\/wp-json\/wp\/v2\/product"}],"about":[{"href":"https:\/\/roveyayinevi.com.tr\/index.php\/wp-json\/wp\/v2\/types\/product"}],"wp:attachment":[{"href":"https:\/\/roveyayinevi.com.tr\/index.php\/wp-json\/wp\/v2\/media?parent=699797"}],"wp:term":[{"taxonomy":"product_brand","embeddable":true,"href":"https:\/\/roveyayinevi.com.tr\/index.php\/wp-json\/wp\/v2\/product_brand?post=699797"},{"taxonomy":"product_cat","embeddable":true,"href":"https:\/\/roveyayinevi.com.tr\/index.php\/wp-json\/wp\/v2\/product_cat?post=699797"},{"taxonomy":"product_tag","embeddable":true,"href":"https:\/\/roveyayinevi.com.tr\/index.php\/wp-json\/wp\/v2\/product_tag?post=699797"}],"curies":[{"name":"wp","href":"https:\/\/api.w.org\/{rel}","templated":true}]}}