{"id":699796,"date":"2025-08-27T14:53:12","date_gmt":"2025-08-27T11:53:12","guid":{"rendered":"https:\/\/roveyayinevi.com.tr\/index.php\/urun\/zaman-yolculari-canakkale-savasinda\/"},"modified":"2026-04-16T02:08:55","modified_gmt":"2026-04-15T23:08:55","slug":"zaman-yolculari-canakkale-savasinda","status":"publish","type":"product","link":"https:\/\/roveyayinevi.com.tr\/index.php\/urun\/zaman-yolculari-canakkale-savasinda\/","title":{"rendered":"Zaman Yolcular\u0131 \u00c7anakkale Sava\u015f\u0131&#8217;nda"},"content":{"rendered":"<p>Alp\u2019in annesinin ve babas\u0131n\u0131n bir patlamada \u00f6ld\u00fc\u011f\u00fc san\u0131lmaktad\u0131r. Zaman i\u00e7erisinde buldu\u011fu ipu\u00e7lar\u0131 Alp\u2019i onlar\u0131n ya\u015fad\u0131\u011f\u0131na dair umutland\u0131r\u0131r. Ancak onlar\u0131 bulmak sand\u0131\u011f\u0131 kadar kolay de\u011fildir. Bunun i\u00e7in bir zaman makinesiyle ge\u00e7mi\u015fe yolculuk yapmas\u0131 gerekmektedir! S\u0131ra arkada\u015f\u0131 olan Alp ve Ahmet hen\u00fcz arkada\u015fl\u0131klar\u0131n\u0131n ba\u015f\u0131nda sonu bilinmeyen ancak bir o kadar da heyecanl\u0131 bir maceraya at\u0131l\u0131r. Alp\u2019in annesini ve babas\u0131n\u0131 bulmak i\u00e7in \u00c7anakkale Sava\u015f\u0131\u2019n\u0131n en hararetli g\u00fcnlerine giderler. Orada Seyit Onba\u015f\u0131\u2019dan, Ezineli Yahya \u00c7avu\u015f\u2019a; Y\u00fczba\u015f\u0131 Hakk\u0131 Bey\u2019den, Saka H\u00fcseyin\u2019e kadar bir\u00e7ok \u00c7anakkale kahraman\u0131yla tan\u0131\u015f\u0131rlar ve \u00c7anakkale ruhunu iliklerine kadar hissederler. Art\u0131k bu kahramanlar onlar\u0131n hayat\u0131na \u0131\u015f\u0131k tutacakt\u0131r. Peki, iki arkada\u015f Alp\u2019in annesini ve babas\u0131n\u0131 bulabilecekler mi? <\/p>\n","protected":false},"excerpt":{"rendered":"<p>Alp\u2019in annesinin ve babas\u0131n\u0131n bir patlamada \u00f6ld\u00fc\u011f\u00fc san\u0131lmaktad\u0131r. Zaman i\u00e7erisinde buldu\u011fu ipu\u00e7lar\u0131 Alp\u2019i onlar\u0131n ya\u015fad\u0131\u011f\u0131na dair umutland\u0131r\u0131r. Ancak onlar\u0131 bulmak sand\u0131\u011f\u0131 kadar kolay de\u011fildir. Bunun i\u00e7in<span class=\"excerpt-hellip\"> [\u2026]<\/span><\/p>\n","protected":false},"featured_media":0,"template":"","meta":{"_monsterinsights_skip_tracking":false,"_monsterinsights_sitenote_active":false,"_monsterinsights_sitenote_note":"","_monsterinsights_sitenote_category":0},"product_brand":[],"product_cat":[12291,12745],"product_tag":[],"class_list":{"0":"post-699796","1":"product","2":"type-product","3":"status-publish","5":"product_cat-edebiyat","6":"product_cat-tarihi-roman","7":"pa_cilt-ciltsiz","8":"pa_tur-kitap","9":"pa_yayinevi-genc-timas","10":"pa_yazar-mustafa-orakci","12":"first","13":"instock","14":"sale","15":"shipping-taxable","16":"purchasable","17":"product-type-simple"},"_links":{"self":[{"href":"https:\/\/roveyayinevi.com.tr\/index.php\/wp-json\/wp\/v2\/product\/699796","targetHints":{"allow":["GET"]}}],"collection":[{"href":"https:\/\/roveyayinevi.com.tr\/index.php\/wp-json\/wp\/v2\/product"}],"about":[{"href":"https:\/\/roveyayinevi.com.tr\/index.php\/wp-json\/wp\/v2\/types\/product"}],"wp:attachment":[{"href":"https:\/\/roveyayinevi.com.tr\/index.php\/wp-json\/wp\/v2\/media?parent=699796"}],"wp:term":[{"taxonomy":"product_brand","embeddable":true,"href":"https:\/\/roveyayinevi.com.tr\/index.php\/wp-json\/wp\/v2\/product_brand?post=699796"},{"taxonomy":"product_cat","embeddable":true,"href":"https:\/\/roveyayinevi.com.tr\/index.php\/wp-json\/wp\/v2\/product_cat?post=699796"},{"taxonomy":"product_tag","embeddable":true,"href":"https:\/\/roveyayinevi.com.tr\/index.php\/wp-json\/wp\/v2\/product_tag?post=699796"}],"curies":[{"name":"wp","href":"https:\/\/api.w.org\/{rel}","templated":true}]}}