{"id":699788,"date":"2025-08-27T14:53:10","date_gmt":"2025-08-27T11:53:10","guid":{"rendered":"https:\/\/roveyayinevi.com.tr\/index.php\/urun\/ideal-ve-gercek\/"},"modified":"2026-04-16T02:08:55","modified_gmt":"2026-04-15T23:08:55","slug":"ideal-ve-gercek","status":"publish","type":"product","link":"https:\/\/roveyayinevi.com.tr\/index.php\/urun\/ideal-ve-gercek\/","title":{"rendered":"\u0130deal ve Ger\u00e7ek"},"content":{"rendered":"<p>\u201cS\u0131n\u0131rs\u0131z uzayda, say\u0131s\u0131z parlak k\u00fcre. Her birinin etraf\u0131nda d\u00f6nen bir d\u00fczine kadar daha k\u00fc\u00e7\u00fck ayd\u0131nlanm\u0131\u015f k\u00fcre. \u00c7ekirde\u011fi k\u0131zg\u0131n lakin d\u0131\u015f\u0131 kat\u0131, so\u011fuk bir k\u00fctle ile kapl\u0131. Bu kabu\u011fun \u00fczerinde k\u00fcfl\u00fc, ince bir tabaka. \u0130\u015fte bu tabaka canl\u0131 ve bilgili varl\u0131klar\u0131 husule getirdi: bu, tecr\u00fcbi hakikat, ger\u00e7ek, d\u00fcnyad\u0131r. Ancak d\u00fc\u015f\u00fcnen bir varl\u0131k i\u00e7in, nereden [gelip] nereye [gitti\u011fini] bilmeksizin, ba\u015flang\u0131\u00e7s\u0131z ve sonsuz zamanda biteviye ve s\u00fcratle ortaya \u00e7\u0131k\u0131p kaybolan hesaps\u0131z varl\u0131ktan sadece birisi olarak s\u0131n\u0131rs\u0131z uzayda serbest\u00e7e seyran eden bu say\u0131s\u0131z k\u00fcrelerden birinde bulunmak g\u00fcvenilmez bir durumdur.\u201d <\/p>\n","protected":false},"excerpt":{"rendered":"<p>\u201cS\u0131n\u0131rs\u0131z uzayda, say\u0131s\u0131z parlak k\u00fcre. Her birinin etraf\u0131nda d\u00f6nen bir d\u00fczine kadar daha k\u00fc\u00e7\u00fck ayd\u0131nlanm\u0131\u015f k\u00fcre. \u00c7ekirde\u011fi k\u0131zg\u0131n lakin d\u0131\u015f\u0131 kat\u0131, so\u011fuk bir k\u00fctle ile kapl\u0131.<span class=\"excerpt-hellip\"> [\u2026]<\/span><\/p>\n","protected":false},"featured_media":0,"template":"","meta":{"_monsterinsights_skip_tracking":false,"_monsterinsights_sitenote_active":false,"_monsterinsights_sitenote_note":"","_monsterinsights_sitenote_category":0},"product_brand":[],"product_cat":[12388,13555],"product_tag":[],"class_list":{"0":"post-699788","1":"product","2":"type-product","3":"status-publish","5":"product_cat-felsefe","6":"product_cat-genel-felsefe","7":"pa_cilt-ciltsiz","8":"pa_tur-kitap","9":"pa_yayinevi-say-yayinlari","10":"pa_yazar-arthur-schopenhauer","12":"first","13":"instock","14":"sale","15":"shipping-taxable","16":"purchasable","17":"product-type-simple"},"_links":{"self":[{"href":"https:\/\/roveyayinevi.com.tr\/index.php\/wp-json\/wp\/v2\/product\/699788","targetHints":{"allow":["GET"]}}],"collection":[{"href":"https:\/\/roveyayinevi.com.tr\/index.php\/wp-json\/wp\/v2\/product"}],"about":[{"href":"https:\/\/roveyayinevi.com.tr\/index.php\/wp-json\/wp\/v2\/types\/product"}],"wp:attachment":[{"href":"https:\/\/roveyayinevi.com.tr\/index.php\/wp-json\/wp\/v2\/media?parent=699788"}],"wp:term":[{"taxonomy":"product_brand","embeddable":true,"href":"https:\/\/roveyayinevi.com.tr\/index.php\/wp-json\/wp\/v2\/product_brand?post=699788"},{"taxonomy":"product_cat","embeddable":true,"href":"https:\/\/roveyayinevi.com.tr\/index.php\/wp-json\/wp\/v2\/product_cat?post=699788"},{"taxonomy":"product_tag","embeddable":true,"href":"https:\/\/roveyayinevi.com.tr\/index.php\/wp-json\/wp\/v2\/product_tag?post=699788"}],"curies":[{"name":"wp","href":"https:\/\/api.w.org\/{rel}","templated":true}]}}