{"id":699787,"date":"2025-08-27T14:53:10","date_gmt":"2025-08-27T11:53:10","guid":{"rendered":"https:\/\/roveyayinevi.com.tr\/index.php\/urun\/sudan-colaya\/"},"modified":"2026-04-16T02:08:55","modified_gmt":"2026-04-15T23:08:55","slug":"sudan-colaya","status":"publish","type":"product","link":"https:\/\/roveyayinevi.com.tr\/index.php\/urun\/sudan-colaya\/","title":{"rendered":"Su&#8217;dan Cola&#8217;ya"},"content":{"rendered":"<p>Faik Byrns &#8220;Hayalden \u00d6te&#8221; adl\u0131 kitab\u0131ndan sonra kaleme ald\u0131\u011f\u0131 &#8220;Su&#8221;dan &#8220;Cola&#8221;ya adl\u0131 yeni eseriyle i\u015f d\u00fcnyas\u0131na, i\u015f d\u00fcnyas\u0131n\u0131n kurallar\u0131na ve i\u015f hayat\u0131 k\u00fclt\u00fcr\u00fcne Coca Cola&#8217;da yapt\u0131\u011f\u0131 uygulamalarla farkl\u0131 bir bak\u0131\u015f a\u00e7\u0131s\u0131 getiriyor. Rekabet, i\u015f ili\u015fkileri, y\u00f6netim, y\u00f6neticiler ve \u00e7al\u0131\u015fanlar Faik Byrns&#8217;\u00fcn anlat\u0131lar\u0131yla mevcut kimliklerini korurken; insani ve ya\u015famsal hassasiyetlerin g\u00f6z ard\u0131 edilmedi\u011fi bir i\u015f ortam\u0131nda ba\u015far\u0131ya ula\u015fman\u0131n \u00e7ok daha kolay olabilece\u011fini g\u00f6steriyor bize.  &#8220;Ba\u015far\u0131n\u0131n tek yolu, ba\u015far\u0131s\u0131zl\u0131\u011f\u0131n ise bin bir bahanesi var&#8221; diyen Faik Byrns, gen\u00e7lere, okuyuculara ve merak eden herkese &#8220;Su&#8221;dan &#8220;Cola&#8221;ya kitab\u0131yla, i\u015fte bu &#8220;tek yol&#8221;a giden adresi veriyor. <\/p>\n","protected":false},"excerpt":{"rendered":"<p>Faik Byrns &#8220;Hayalden \u00d6te&#8221; adl\u0131 kitab\u0131ndan sonra kaleme ald\u0131\u011f\u0131 &#8220;Su&#8221;dan &#8220;Cola&#8221;ya adl\u0131 yeni eseriyle i\u015f d\u00fcnyas\u0131na, i\u015f d\u00fcnyas\u0131n\u0131n kurallar\u0131na ve i\u015f hayat\u0131 k\u00fclt\u00fcr\u00fcne Coca Cola&#8217;da yapt\u0131\u011f\u0131<span class=\"excerpt-hellip\"> [\u2026]<\/span><\/p>\n","protected":false},"featured_media":0,"template":"","meta":{"_monsterinsights_skip_tracking":false,"_monsterinsights_sitenote_active":false,"_monsterinsights_sitenote_note":"","_monsterinsights_sitenote_category":0},"product_brand":[],"product_cat":[13043,17647],"product_tag":[],"class_list":{"0":"post-699787","1":"product","2":"type-product","3":"status-publish","5":"product_cat-ekonomi","6":"product_cat-is-dunyasi","7":"pa_cilt-ciltsiz","8":"pa_tur-kitap","9":"pa_yayinevi-elma-yayinevi","10":"pa_yazar-faik-byrns","12":"first","13":"instock","14":"sale","15":"shipping-taxable","16":"purchasable","17":"product-type-simple"},"_links":{"self":[{"href":"https:\/\/roveyayinevi.com.tr\/index.php\/wp-json\/wp\/v2\/product\/699787","targetHints":{"allow":["GET"]}}],"collection":[{"href":"https:\/\/roveyayinevi.com.tr\/index.php\/wp-json\/wp\/v2\/product"}],"about":[{"href":"https:\/\/roveyayinevi.com.tr\/index.php\/wp-json\/wp\/v2\/types\/product"}],"wp:attachment":[{"href":"https:\/\/roveyayinevi.com.tr\/index.php\/wp-json\/wp\/v2\/media?parent=699787"}],"wp:term":[{"taxonomy":"product_brand","embeddable":true,"href":"https:\/\/roveyayinevi.com.tr\/index.php\/wp-json\/wp\/v2\/product_brand?post=699787"},{"taxonomy":"product_cat","embeddable":true,"href":"https:\/\/roveyayinevi.com.tr\/index.php\/wp-json\/wp\/v2\/product_cat?post=699787"},{"taxonomy":"product_tag","embeddable":true,"href":"https:\/\/roveyayinevi.com.tr\/index.php\/wp-json\/wp\/v2\/product_tag?post=699787"}],"curies":[{"name":"wp","href":"https:\/\/api.w.org\/{rel}","templated":true}]}}