{"id":699786,"date":"2025-08-27T14:53:09","date_gmt":"2025-08-27T11:53:09","guid":{"rendered":"https:\/\/roveyayinevi.com.tr\/index.php\/urun\/carpim-tablosu\/"},"modified":"2026-04-14T02:11:55","modified_gmt":"2026-04-13T23:11:55","slug":"carpim-tablosu","status":"publish","type":"product","link":"https:\/\/roveyayinevi.com.tr\/index.php\/urun\/carpim-tablosu\/","title":{"rendered":"\u00c7arp\u0131m Tablosu"},"content":{"rendered":"<p>Al\u0131\u015ft\u0131rmalarla dolu, renkli \u00e7\u0131kartmalar ve b\u00fcy\u00fck bir \u00e7arp\u0131m tablosu posteri hediyesi olan bu kitap, size t\u00fcm \u00e7arp\u0131m tablosunu e\u011flenceli bir \u015fekilde \u00f6\u011fretir. \u00d6\u011frenmeye yeni ba\u015flayanlar i\u00e7in uygundur. Ev \u00f6devlerine yard\u0131mc\u0131d\u0131r, e\u011flenerek \u00f6\u011fretir. T\u00fcm \u00e7arp\u0131m tablosunun anla\u015f\u0131l\u0131r listesini i\u00e7erir. Bilinen nesneler ve say\u0131lar\u0131n 160&#8217;dan fazla renkli \u00e7\u0131kartmalar\u0131 ile birlikte. <\/p>\n","protected":false},"excerpt":{"rendered":"<p>Al\u0131\u015ft\u0131rmalarla dolu, renkli \u00e7\u0131kartmalar ve b\u00fcy\u00fck bir \u00e7arp\u0131m tablosu posteri hediyesi olan bu kitap, size t\u00fcm \u00e7arp\u0131m tablosunu e\u011flenceli bir \u015fekilde \u00f6\u011fretir. \u00d6\u011frenmeye yeni ba\u015flayanlar i\u00e7in<span class=\"excerpt-hellip\"> [\u2026]<\/span><\/p>\n","protected":false},"featured_media":0,"template":"","meta":{"_monsterinsights_skip_tracking":false,"_monsterinsights_sitenote_active":false,"_monsterinsights_sitenote_note":"","_monsterinsights_sitenote_category":0},"product_brand":[],"product_cat":[12274,12631],"product_tag":[],"class_list":{"0":"post-699786","1":"product","2":"type-product","3":"status-publish","5":"product_cat-cocuk-ve-genclik-kitaplari","6":"product_cat-diger-cocuk-ve-genclik-kitaplari","7":"pa_tur-kitap","8":"pa_yayinevi-parilti-yayinlari","9":"pa_yazar-kolektif","11":"first","12":"instock","13":"sale","14":"shipping-taxable","15":"purchasable","16":"product-type-simple"},"_links":{"self":[{"href":"https:\/\/roveyayinevi.com.tr\/index.php\/wp-json\/wp\/v2\/product\/699786","targetHints":{"allow":["GET"]}}],"collection":[{"href":"https:\/\/roveyayinevi.com.tr\/index.php\/wp-json\/wp\/v2\/product"}],"about":[{"href":"https:\/\/roveyayinevi.com.tr\/index.php\/wp-json\/wp\/v2\/types\/product"}],"wp:attachment":[{"href":"https:\/\/roveyayinevi.com.tr\/index.php\/wp-json\/wp\/v2\/media?parent=699786"}],"wp:term":[{"taxonomy":"product_brand","embeddable":true,"href":"https:\/\/roveyayinevi.com.tr\/index.php\/wp-json\/wp\/v2\/product_brand?post=699786"},{"taxonomy":"product_cat","embeddable":true,"href":"https:\/\/roveyayinevi.com.tr\/index.php\/wp-json\/wp\/v2\/product_cat?post=699786"},{"taxonomy":"product_tag","embeddable":true,"href":"https:\/\/roveyayinevi.com.tr\/index.php\/wp-json\/wp\/v2\/product_tag?post=699786"}],"curies":[{"name":"wp","href":"https:\/\/api.w.org\/{rel}","templated":true}]}}