{"id":699784,"date":"2025-08-27T14:53:09","date_gmt":"2025-08-27T11:53:09","guid":{"rendered":"https:\/\/roveyayinevi.com.tr\/index.php\/urun\/canavar-pesinde-serisi-28-olumun-golgesi-buzul-savascisi-koldo\/"},"modified":"2026-04-13T02:11:26","modified_gmt":"2026-04-12T23:11:26","slug":"canavar-pesinde-serisi-28-olumun-golgesi-buzul-savascisi-koldo","status":"publish","type":"product","link":"https:\/\/roveyayinevi.com.tr\/index.php\/urun\/canavar-pesinde-serisi-28-olumun-golgesi-buzul-savascisi-koldo\/","title":{"rendered":"Canavar Pe\u015finde Serisi 28 &#8211; \u00d6l\u00fcm\u00fcn G\u00f6lgesi (Buzul Sava\u015f\u00e7\u0131s\u0131 Koldo)"},"content":{"rendered":"<p>Bir sonraki Canavar Av\u0131 i\u00e7in Freeshor k\u00f6y\u00fcne giden Tom ve arkada\u015flar\u0131n\u0131 burada b\u00fcy\u00fck bir s\u00fcrpriz bekliyor. Y\u00fczle\u015fecekleri yeni Canavar, Buzul Sava\u015f\u00e7\u0131s\u0131 Koldo, k\u00f6yl\u00fcler taraf\u0131ndan tutsak edilmi\u015f durumda. Tom ve Elenna, neler olup bitti\u011fini anlamaya \u00e7al\u0131\u015f\u0131rken ans\u0131z\u0131n ortaya \u00e7\u0131kan Canavar Ustas\u0131 Ferya ortal\u0131\u011f\u0131 sava\u015f alan\u0131na \u00e7eviriyor. Tom ve arkada\u015flar\u0131n\u0131 yine zorlu bir s\u0131nav bekliyor. Ama Velmal&#8217;i ve Canavar Ustas\u0131 Freya&#8217;y\u0131 alt etmek hi\u00e7 de kolay olmayacak. <\/p>\n","protected":false},"excerpt":{"rendered":"<p>Bir sonraki Canavar Av\u0131 i\u00e7in Freeshor k\u00f6y\u00fcne giden Tom ve arkada\u015flar\u0131n\u0131 burada b\u00fcy\u00fck bir s\u00fcrpriz bekliyor. Y\u00fczle\u015fecekleri yeni Canavar, Buzul Sava\u015f\u00e7\u0131s\u0131 Koldo, k\u00f6yl\u00fcler taraf\u0131ndan tutsak edilmi\u015f<span class=\"excerpt-hellip\"> [\u2026]<\/span><\/p>\n","protected":false},"featured_media":0,"template":"","meta":{"_monsterinsights_skip_tracking":false,"_monsterinsights_sitenote_active":false,"_monsterinsights_sitenote_note":"","_monsterinsights_sitenote_category":0},"product_brand":[],"product_cat":[12274,12284],"product_tag":[],"class_list":{"0":"post-699784","1":"product","2":"type-product","3":"status-publish","5":"product_cat-cocuk-ve-genclik-kitaplari","6":"product_cat-hikayeler","7":"pa_tur-kitap","8":"pa_yayinevi-beyaz-balina-yayinlari","9":"pa_yazar-adam-blade","11":"first","12":"instock","13":"sale","14":"shipping-taxable","15":"purchasable","16":"product-type-simple"},"_links":{"self":[{"href":"https:\/\/roveyayinevi.com.tr\/index.php\/wp-json\/wp\/v2\/product\/699784","targetHints":{"allow":["GET"]}}],"collection":[{"href":"https:\/\/roveyayinevi.com.tr\/index.php\/wp-json\/wp\/v2\/product"}],"about":[{"href":"https:\/\/roveyayinevi.com.tr\/index.php\/wp-json\/wp\/v2\/types\/product"}],"wp:attachment":[{"href":"https:\/\/roveyayinevi.com.tr\/index.php\/wp-json\/wp\/v2\/media?parent=699784"}],"wp:term":[{"taxonomy":"product_brand","embeddable":true,"href":"https:\/\/roveyayinevi.com.tr\/index.php\/wp-json\/wp\/v2\/product_brand?post=699784"},{"taxonomy":"product_cat","embeddable":true,"href":"https:\/\/roveyayinevi.com.tr\/index.php\/wp-json\/wp\/v2\/product_cat?post=699784"},{"taxonomy":"product_tag","embeddable":true,"href":"https:\/\/roveyayinevi.com.tr\/index.php\/wp-json\/wp\/v2\/product_tag?post=699784"}],"curies":[{"name":"wp","href":"https:\/\/api.w.org\/{rel}","templated":true}]}}