{"id":699783,"date":"2025-08-27T14:53:08","date_gmt":"2025-08-27T11:53:08","guid":{"rendered":"https:\/\/roveyayinevi.com.tr\/index.php\/urun\/turkiye-ekonomisinde-krizler-1929-2009-ekonomi-politik-acisindan-bir-irdeleme\/"},"modified":"2026-04-16T02:08:55","modified_gmt":"2026-04-15T23:08:55","slug":"turkiye-ekonomisinde-krizler-1929-2009-ekonomi-politik-acisindan-bir-irdeleme","status":"publish","type":"product","link":"https:\/\/roveyayinevi.com.tr\/index.php\/urun\/turkiye-ekonomisinde-krizler-1929-2009-ekonomi-politik-acisindan-bir-irdeleme\/","title":{"rendered":"T\u00fcrkiye Ekonomisinde Krizler (1929-2009): Ekonomi Politik A\u00e7\u0131s\u0131ndan Bir \u0130rdeleme"},"content":{"rendered":"<p>T\u00fcrkiye ekonomisinde krizler, cumhuriyetin kuruldu\u011fu y\u0131llardan ba\u015flayarak, g\u00fcn\u00fcm\u00fcze kadar uzanan; ekonomide derin izler yaratan,kimi k\u0131sa s\u00fcrede atlat\u0131lan kimi ise yap\u0131sal de\u011fi\u015fimlerle birlikte geride de\u011fi\u015fik ekonomik miraslar b\u0131rakan bir sarmal \u015feklinde ilerler. Prof. Dr. G\u00fclten Kazgan bu de\u011ferli \u00e7al\u0131\u015fmas\u0131nda cumhuriyet d\u00f6neminin t\u00fcm krizlerini incelerken, \u00f6zellikle ya\u015fanan be\u015f b\u00fcy\u00fck krizi (1929, 1958, 1978, 1998, 2008) ele alarak, krizleri tetikleyen k\u00fcresel ve yerel olaylar\u0131n yaratt\u0131\u011f\u0131 ortam\u0131 t\u00fcm boyutlar\u0131yla ortaya koyup, do\u011fru sonu\u00e7lara ula\u015fmaktad\u0131r. Bunu yaparken modelle\u015ftirme kayg\u0131s\u0131 g\u00fctmeyen Kazgan, ba\u015flang\u0131\u00e7ta k\u00f6y-tar\u0131m a\u011f\u0131rl\u0131kl\u0131 yap\u0131dan kent-sanayi ve hizmet a\u011f\u0131rl\u0131kl\u0131 yap\u0131ya ge\u00e7en T\u00fcrkiye ekonomisinde krizlerin seyrini, siyasal iktidarlar\u0131n izledi\u011fi sosyoekonomik politikalar ve bunlar\u0131n yaratt\u0131\u011f\u0131 sonu\u00e7lar \u00e7er\u00e7evesinde incelerken, aralar\u0131ndaki farkl\u0131l\u0131klara da de\u011finmektedir. Kazgan bu yap\u0131t\u0131nda \u00f6zellikle d\u0131\u015far\u0131dan T\u00fcrkiye ekonomisine yans\u0131yan olumsuz etkilerin artt\u0131\u011f\u0131na dikkat \u00e7ekerek, bu konuda kamu politikalar\u0131nda g\u00f6zlenen s\u0131n\u0131rlamalar\u0131n b\u00fcy\u00fcme \u00fczerindeki olumsuz etkilerine de\u011finirken, \u00fclkemizde ya\u015fanan son d\u00f6nem krizlerin bize yans\u0131ma bi\u00e7iminin bir t\u00fcr \u201cdomino kuram\u0131\u201d bi\u00e7iminde \u015fekillendi\u011fini vurgulamaktad\u0131r. Daha evvel T\u00fcrkiye Ekonomisinde Krizler (1929-2001) ad\u0131 alt\u0131nda yay\u0131nevimiz taraf\u0131ndan yay\u0131nlanan ve 1929, 1958, 1978, 1998 krizlerini ayr\u0131nt\u0131lar\u0131yla ele alan bu kitap, yazar taraf\u0131ndan geni\u015fletilmi\u015f, 2008 k\u00fcresel krizinin kapsaml\u0131 yeni bir de\u011ferlendirmesi de kitaba dahil edilmi\u015ftir. 2008 krizinin bu ayr\u0131nt\u0131l\u0131 incelemesinin eklenmesiyle, T\u00fcrkiye ekonomisinin bug\u00fcne kadar ya\u015fad\u0131\u011f\u0131 belli ba\u015fl\u0131 be\u015f b\u00fcy\u00fck kriz toplu halde g\u00f6zler \u00f6n\u00fcne serilmi\u015ftir. \ufffc<\/p>\n","protected":false},"excerpt":{"rendered":"<p>T\u00fcrkiye ekonomisinde krizler, cumhuriyetin kuruldu\u011fu y\u0131llardan ba\u015flayarak, g\u00fcn\u00fcm\u00fcze kadar uzanan; ekonomide derin izler yaratan,kimi k\u0131sa s\u00fcrede atlat\u0131lan kimi ise yap\u0131sal de\u011fi\u015fimlerle birlikte geride de\u011fi\u015fik ekonomik miraslar<span class=\"excerpt-hellip\"> [\u2026]<\/span><\/p>\n","protected":false},"featured_media":0,"template":"","meta":{"_monsterinsights_skip_tracking":false,"_monsterinsights_sitenote_active":false,"_monsterinsights_sitenote_note":"","_monsterinsights_sitenote_category":0},"product_brand":[],"product_cat":[13043,17647],"product_tag":[],"class_list":{"0":"post-699783","1":"product","2":"type-product","3":"status-publish","5":"product_cat-ekonomi","6":"product_cat-is-dunyasi","7":"pa_cilt-ciltsiz","8":"pa_tur-kitap","9":"pa_yayinevi-bilgi-universitesi-yayinlari","10":"pa_yazar-gulten-kazgan","12":"first","13":"instock","14":"sale","15":"shipping-taxable","16":"purchasable","17":"product-type-simple"},"_links":{"self":[{"href":"https:\/\/roveyayinevi.com.tr\/index.php\/wp-json\/wp\/v2\/product\/699783","targetHints":{"allow":["GET"]}}],"collection":[{"href":"https:\/\/roveyayinevi.com.tr\/index.php\/wp-json\/wp\/v2\/product"}],"about":[{"href":"https:\/\/roveyayinevi.com.tr\/index.php\/wp-json\/wp\/v2\/types\/product"}],"wp:attachment":[{"href":"https:\/\/roveyayinevi.com.tr\/index.php\/wp-json\/wp\/v2\/media?parent=699783"}],"wp:term":[{"taxonomy":"product_brand","embeddable":true,"href":"https:\/\/roveyayinevi.com.tr\/index.php\/wp-json\/wp\/v2\/product_brand?post=699783"},{"taxonomy":"product_cat","embeddable":true,"href":"https:\/\/roveyayinevi.com.tr\/index.php\/wp-json\/wp\/v2\/product_cat?post=699783"},{"taxonomy":"product_tag","embeddable":true,"href":"https:\/\/roveyayinevi.com.tr\/index.php\/wp-json\/wp\/v2\/product_tag?post=699783"}],"curies":[{"name":"wp","href":"https:\/\/api.w.org\/{rel}","templated":true}]}}