{"id":699780,"date":"2025-08-27T14:53:07","date_gmt":"2025-08-27T11:53:07","guid":{"rendered":"https:\/\/roveyayinevi.com.tr\/index.php\/urun\/buluslar-ve-seruvenleri-10-kitap-takim\/"},"modified":"2026-04-16T02:08:55","modified_gmt":"2026-04-15T23:08:55","slug":"buluslar-ve-seruvenleri-10-kitap-takim","status":"publish","type":"product","link":"https:\/\/roveyayinevi.com.tr\/index.php\/urun\/buluslar-ve-seruvenleri-10-kitap-takim\/","title":{"rendered":"Bulu\u015flar ve Ser\u00fcvenleri 10 Kitap Tak\u0131m"},"content":{"rendered":"<p>Ba\u015flang\u0131\u00e7ta tek bir tekerlek olan bulu\u015fun otomobile, trene,  u\u00e7a\u011fa nas\u0131l d\u00f6n\u00fc\u015ft\u00fc\u011f\u00fcn\u00fc hayretler i\u00e7inde okuyacaks\u0131n\u0131z. Son halini bulu\u015fu ilk yapan ki\u015finin bile hayal edemedi\u011fi geli\u015fmeleri izleyeceksiniz. Geli\u015fim s\u00fcrecini g\u00f6rd\u00fc\u011f\u00fcn\u00fczde i\u00e7inizde mucidin harekete ge\u00e7ti\u011fini hissedeceksiniz. Bulu\u015flar hayat\u0131 kolayla\u015ft\u0131r\u0131r m\u0131 zorla\u015ft\u0131r\u0131r m\u0131? Her yeni bulu\u015fun do\u011furdu\u011fu yeni ihtiya\u00e7lar\u0131 g\u00f6receksiniz.       Gemiler, trenler, u\u00e7aklar, para, arabalar, uzay ara\u00e7lar\u0131, bilgisayarlar, telefon, elektrik, say\u0131lar\u2026 Her bir bulu\u015fun en ilkel halinden en geli\u015fmi\u015f \u015fekline yapt\u0131\u011f\u0131 yolculu\u011fa e\u015flik edeceksiniz. Bulu\u015flar ortaya \u00e7\u0131kmad\u0131\u011f\u0131 zamanda insanlar neler yap\u0131yormu\u015f? Bulunduktan sonra neler de\u011fi\u015fmi\u015f?  Mucitler bizim gibi insanlar m\u0131? Bulu\u015flar bir anda m\u00fckemmel olarak m\u0131 icat edilir? Ge\u00e7mi\u015fteki bilgileri kullanmak ne kadar \u00f6nemlidir? S\u0131ra d\u0131\u015f\u0131 d\u00fc\u015f\u00fcnebilmek ne kadar \u00f6nemlidir? Hayalleri ger\u00e7ekle\u015ftirmek i\u00e7in \u00e7al\u0131\u015fmak nas\u0131l sonu\u00e7lar getirir? Sorular\u0131n\u0131n cevab\u0131n\u0131 kendinize verdi\u011finizi g\u00f6receksiniz. <\/p>\n","protected":false},"excerpt":{"rendered":"<p>Ba\u015flang\u0131\u00e7ta tek bir tekerlek olan bulu\u015fun otomobile, trene, u\u00e7a\u011fa nas\u0131l d\u00f6n\u00fc\u015ft\u00fc\u011f\u00fcn\u00fc hayretler i\u00e7inde okuyacaks\u0131n\u0131z. Son halini bulu\u015fu ilk yapan ki\u015finin bile hayal edemedi\u011fi geli\u015fmeleri izleyeceksiniz. Geli\u015fim<span class=\"excerpt-hellip\"> [\u2026]<\/span><\/p>\n","protected":false},"featured_media":0,"template":"","meta":{"_monsterinsights_skip_tracking":false,"_monsterinsights_sitenote_active":false,"_monsterinsights_sitenote_note":"","_monsterinsights_sitenote_category":0},"product_brand":[],"product_cat":[13829,12274],"product_tag":[],"class_list":{"0":"post-699780","1":"product","2":"type-product","3":"status-publish","5":"product_cat-bilimsel-kitaplar","6":"product_cat-cocuk-ve-genclik-kitaplari","7":"pa_cilt-ciltsiz","8":"pa_tur-kitap","9":"pa_yayinevi-timas-cocuk","10":"pa_yazar-kolektif","12":"first","13":"instock","14":"sale","15":"shipping-taxable","16":"purchasable","17":"product-type-simple"},"_links":{"self":[{"href":"https:\/\/roveyayinevi.com.tr\/index.php\/wp-json\/wp\/v2\/product\/699780","targetHints":{"allow":["GET"]}}],"collection":[{"href":"https:\/\/roveyayinevi.com.tr\/index.php\/wp-json\/wp\/v2\/product"}],"about":[{"href":"https:\/\/roveyayinevi.com.tr\/index.php\/wp-json\/wp\/v2\/types\/product"}],"wp:attachment":[{"href":"https:\/\/roveyayinevi.com.tr\/index.php\/wp-json\/wp\/v2\/media?parent=699780"}],"wp:term":[{"taxonomy":"product_brand","embeddable":true,"href":"https:\/\/roveyayinevi.com.tr\/index.php\/wp-json\/wp\/v2\/product_brand?post=699780"},{"taxonomy":"product_cat","embeddable":true,"href":"https:\/\/roveyayinevi.com.tr\/index.php\/wp-json\/wp\/v2\/product_cat?post=699780"},{"taxonomy":"product_tag","embeddable":true,"href":"https:\/\/roveyayinevi.com.tr\/index.php\/wp-json\/wp\/v2\/product_tag?post=699780"}],"curies":[{"name":"wp","href":"https:\/\/api.w.org\/{rel}","templated":true}]}}