{"id":699774,"date":"2025-08-27T14:53:06","date_gmt":"2025-08-27T11:53:06","guid":{"rendered":"https:\/\/roveyayinevi.com.tr\/index.php\/urun\/islam-dusuncesi\/"},"modified":"2026-04-16T02:08:55","modified_gmt":"2026-04-15T23:08:55","slug":"islam-dusuncesi","status":"publish","type":"product","link":"https:\/\/roveyayinevi.com.tr\/index.php\/urun\/islam-dusuncesi\/","title":{"rendered":"\u0130slam D\u00fc\u015f\u00fcncesi"},"content":{"rendered":"<p>\u201cM\u0131s\u0131r, Asur-Keldan, \u0130ran, Anadolu-Yunan, Roma (Bizans), \u0130sl\u00e2m, H\u0131ristiyan, Yahudi, Modern Avrupa medeniyetleri birbirine kar\u015f\u0131l\u0131kl\u0131 tesir eden, birbirini tamamlayan ve gittik\u00e7e ink\u0131\u015faf ederek d\u00fcnya medeniyeti halini alan i\u00e7timai bir ink\u0131\u015faf\u0131n halkalar\u0131d\u0131r.\u201d Hilmi Ziya \u00dclken, \u0130sl\u00e2m uygarl\u0131\u011f\u0131n\u0131 Akdeniz uygarl\u0131\u011f\u0131n\u0131n bir par\u00e7as\u0131 olarak ele al\u0131rken, kendinden \u00f6nce ve sonraki tarihsel olu\u015fumu i\u00e7inde dinamik ve etkile\u015fimsel s\u00fcre\u00e7te de\u011ferlendirir bu co\u011frafyadaki insani olaylar\u0131 ve d\u00fc\u015f\u00fcnsel miras\u0131. \u0130\u015fte bu ama\u00e7la, sistematik ve metodolojik bir anlay\u0131\u015fla olu\u015fturdu\u011fu ilimler sayesinde, ula\u015ft\u0131\u011f\u0131 y\u00fcksek k\u00fclt\u00fcr seviyesiyle bir zamanlar \u201ckavimler aras\u0131 m\u00fcnasebetin merkezi\u201d haline gelen \u0130sl\u00e2m co\u011frafyas\u0131nda, o d\u00f6nemdeki fikri geli\u015fmelerin \u00f6z\u00fcne n\u00fcfuz edebilmek ve daha sonra yakla\u015f\u0131k bin y\u0131l boyunca burada s\u00f6z sahibi olmu\u015f T\u00fcrklerin bu d\u00fc\u015f\u00fcnce ve k\u00fclt\u00fcr miras\u0131 \u00fczerinde tesis etti\u011fi ya\u015fama evreninin fikri kodlar\u0131na inebilmek i\u00e7in giri\u015f mahiyetinde haz\u0131rlanm\u0131\u015f bir \u00e7al\u0131\u015fmad\u0131r \u201c\u0130sl\u00e2m D\u00fc\u015f\u00fcncesi\u201d ve alt ba\u015fl\u0131\u011f\u0131yla \u201cT\u00fcrk D\u00fc\u015f\u00fcncesi Tarihi Ara\u015ft\u0131rmalar\u0131na Giri\u015f\u201d kitab\u0131. Son b\u00f6l\u00fcmdeki Gazali, C\u00fcrc\u00e2n\u00ee, \u0130bn Arab\u00ee, Bedreddin Simav\u00ee, S\u00fchreverd\u00ee, Farabi, \u0130bn S\u00een\u00e2&#8217;ya ait okuma par\u00e7alar\u0131n\u0131n yan\u0131s\u0131ra kelam, f\u0131k\u0131h, tasavvuf, felsefe, mant\u0131k alan\u0131ndaki klasiklere ve onlar \u00fczerinde yap\u0131lm\u0131\u015f yerli ve yabanc\u0131 ara\u015ft\u0131rmalar hakk\u0131ndaki bibliyografya, kitapta ana hatlar\u0131yla \u00e7er\u00e7evesi \u00e7izilip son derece \u00f6zl\u00fc bir \u015fekilde anlat\u0131lan konular\u0131n nas\u0131l daha da derinle\u015ftirilebilece\u011fi konusunda da ayr\u0131ca yol g\u00f6sterici olmaktad\u0131r. <\/p>\n","protected":false},"excerpt":{"rendered":"<p>\u201cM\u0131s\u0131r, Asur-Keldan, \u0130ran, Anadolu-Yunan, Roma (Bizans), \u0130sl\u00e2m, H\u0131ristiyan, Yahudi, Modern Avrupa medeniyetleri birbirine kar\u015f\u0131l\u0131kl\u0131 tesir eden, birbirini tamamlayan ve gittik\u00e7e ink\u0131\u015faf ederek d\u00fcnya medeniyeti halini alan<span class=\"excerpt-hellip\"> [\u2026]<\/span><\/p>\n","protected":false},"featured_media":0,"template":"","meta":{"_monsterinsights_skip_tracking":false,"_monsterinsights_sitenote_active":false,"_monsterinsights_sitenote_note":"","_monsterinsights_sitenote_category":0},"product_brand":[],"product_cat":[12389,12388],"product_tag":[],"class_list":{"0":"post-699774","1":"product","2":"type-product","3":"status-publish","5":"product_cat-diger-felsefe","6":"product_cat-felsefe","7":"pa_cilt-ciltsiz","8":"pa_tur-kitap","9":"pa_yayinevi-dogu-bati-yayinlari","10":"pa_yazar-hilmi-ziya-ulken","12":"first","13":"instock","14":"sale","15":"shipping-taxable","16":"purchasable","17":"product-type-simple"},"_links":{"self":[{"href":"https:\/\/roveyayinevi.com.tr\/index.php\/wp-json\/wp\/v2\/product\/699774","targetHints":{"allow":["GET"]}}],"collection":[{"href":"https:\/\/roveyayinevi.com.tr\/index.php\/wp-json\/wp\/v2\/product"}],"about":[{"href":"https:\/\/roveyayinevi.com.tr\/index.php\/wp-json\/wp\/v2\/types\/product"}],"wp:attachment":[{"href":"https:\/\/roveyayinevi.com.tr\/index.php\/wp-json\/wp\/v2\/media?parent=699774"}],"wp:term":[{"taxonomy":"product_brand","embeddable":true,"href":"https:\/\/roveyayinevi.com.tr\/index.php\/wp-json\/wp\/v2\/product_brand?post=699774"},{"taxonomy":"product_cat","embeddable":true,"href":"https:\/\/roveyayinevi.com.tr\/index.php\/wp-json\/wp\/v2\/product_cat?post=699774"},{"taxonomy":"product_tag","embeddable":true,"href":"https:\/\/roveyayinevi.com.tr\/index.php\/wp-json\/wp\/v2\/product_tag?post=699774"}],"curies":[{"name":"wp","href":"https:\/\/api.w.org\/{rel}","templated":true}]}}