{"id":699768,"date":"2025-08-27T14:53:04","date_gmt":"2025-08-27T11:53:04","guid":{"rendered":"https:\/\/roveyayinevi.com.tr\/index.php\/urun\/germinal-3\/"},"modified":"2026-04-16T02:08:55","modified_gmt":"2026-04-15T23:08:55","slug":"germinal-3","status":"publish","type":"product","link":"https:\/\/roveyayinevi.com.tr\/index.php\/urun\/germinal-3\/","title":{"rendered":"Germinal"},"content":{"rendered":"<p>Germinal, i\u015f\u00e7i s\u0131n\u0131f\u0131 m\u00fccadelesini destanla\u015ft\u0131ran bir ba\u015fyap\u0131tt\u0131r. Romanda, maden ocaklar\u0131ndaki a\u011f\u0131r ve tehlikeli \u00e7al\u0131\u015fma ko\u015fullar\u0131, maden i\u015f\u00e7ilerinin yoksullu\u011fu, i\u00e7 d\u00fcnyalar\u0131, sevgileri ve m\u00fccadeleleri \u00fcst\u00fcn bir anlat\u0131mla tasvir edilir. Zola\u2019n\u0131n uzun s\u00fcreli g\u00f6zlemlere dayanarak ince ince \u00f6rd\u00fc\u011f\u00fc bu \u00f6l\u00fcms\u00fcz eser, tarih sahnesinde etkin bir \u00f6zne olarak kendini duyuran proletaryay\u0131, roman kahraman\u0131 olarak yeniden canland\u0131r\u0131r. \ufffcTan\u0131t\u0131m Metni<\/p>\n","protected":false},"excerpt":{"rendered":"<p>Germinal, i\u015f\u00e7i s\u0131n\u0131f\u0131 m\u00fccadelesini destanla\u015ft\u0131ran bir ba\u015fyap\u0131tt\u0131r. Romanda, maden ocaklar\u0131ndaki a\u011f\u0131r ve tehlikeli \u00e7al\u0131\u015fma ko\u015fullar\u0131, maden i\u015f\u00e7ilerinin yoksullu\u011fu, i\u00e7 d\u00fcnyalar\u0131, sevgileri ve m\u00fccadeleleri \u00fcst\u00fcn bir anlat\u0131mla<span class=\"excerpt-hellip\"> [\u2026]<\/span><\/p>\n","protected":false},"featured_media":0,"template":"","meta":{"_monsterinsights_skip_tracking":false,"_monsterinsights_sitenote_active":false,"_monsterinsights_sitenote_note":"","_monsterinsights_sitenote_category":0},"product_brand":[],"product_cat":[12291,13376],"product_tag":[],"class_list":{"0":"post-699768","1":"product","2":"type-product","3":"status-publish","5":"product_cat-edebiyat","6":"product_cat-fransiz-edebiyati","7":"pa_cilt-ciltsiz","8":"pa_tur-kitap","9":"pa_yayinevi-yordam-kitap","10":"pa_yazar-emile-zola","12":"first","13":"instock","14":"sale","15":"shipping-taxable","16":"purchasable","17":"product-type-simple"},"_links":{"self":[{"href":"https:\/\/roveyayinevi.com.tr\/index.php\/wp-json\/wp\/v2\/product\/699768","targetHints":{"allow":["GET"]}}],"collection":[{"href":"https:\/\/roveyayinevi.com.tr\/index.php\/wp-json\/wp\/v2\/product"}],"about":[{"href":"https:\/\/roveyayinevi.com.tr\/index.php\/wp-json\/wp\/v2\/types\/product"}],"wp:attachment":[{"href":"https:\/\/roveyayinevi.com.tr\/index.php\/wp-json\/wp\/v2\/media?parent=699768"}],"wp:term":[{"taxonomy":"product_brand","embeddable":true,"href":"https:\/\/roveyayinevi.com.tr\/index.php\/wp-json\/wp\/v2\/product_brand?post=699768"},{"taxonomy":"product_cat","embeddable":true,"href":"https:\/\/roveyayinevi.com.tr\/index.php\/wp-json\/wp\/v2\/product_cat?post=699768"},{"taxonomy":"product_tag","embeddable":true,"href":"https:\/\/roveyayinevi.com.tr\/index.php\/wp-json\/wp\/v2\/product_tag?post=699768"}],"curies":[{"name":"wp","href":"https:\/\/api.w.org\/{rel}","templated":true}]}}