{"id":699766,"date":"2025-08-27T14:53:03","date_gmt":"2025-08-27T11:53:03","guid":{"rendered":"https:\/\/roveyayinevi.com.tr\/index.php\/urun\/adem-ile-havva-her-yerde\/"},"modified":"2026-04-16T02:08:55","modified_gmt":"2026-04-15T23:08:55","slug":"adem-ile-havva-her-yerde","status":"publish","type":"product","link":"https:\/\/roveyayinevi.com.tr\/index.php\/urun\/adem-ile-havva-her-yerde\/","title":{"rendered":"Adem ile Havva Her Yerde"},"content":{"rendered":"<p>D\u00fcnyada ba\u015fka hi\u00e7bir hik\u00e2ye insan soyunun anne ve babas\u0131 Adem ile Havva kadar me\u015fhur de\u011fildir. Onlar\u0131 konu edinen bilmeceler, atas\u00f6zleri, \u015fark\u0131lar, \u015fiirler, romanlar, operalar ve filmler vard\u0131r. Adem ve Havva\u2019n\u0131n hik\u00e2yesi \u00fc\u00e7 semavi din taraf\u0131ndan aktar\u0131larak her yere ula\u015ft\u0131. Kitab-\u0131 Mukaddes\u2019teki Adem ve Havva hik\u00e2yesi, Mezopotamya, Arabistan, Anadolu ve M\u0131s\u0131r\u2019\u0131 geni\u015f \u00f6l\u00e7\u00fcde dola\u015fan kabile insanlar\u0131 Bedevilerin s\u00f6zl\u00fc gelene\u011fiyle geli\u015fti, ancak \u00e7o\u011funlukla Vaat Edilmi\u015f Topraklar diye adland\u0131r\u0131lan ya da bunun d\u0131\u015f\u0131nda tek tek Filistin, Fenike, Suriye, \u0130srail, Yuda ve Samiriye diye de bilinen bir b\u00f6lgeye yerle\u015fti. <\/p>\n","protected":false},"excerpt":{"rendered":"<p>D\u00fcnyada ba\u015fka hi\u00e7bir hik\u00e2ye insan soyunun anne ve babas\u0131 Adem ile Havva kadar me\u015fhur de\u011fildir. Onlar\u0131 konu edinen bilmeceler, atas\u00f6zleri, \u015fark\u0131lar, \u015fiirler, romanlar, operalar ve filmler<span class=\"excerpt-hellip\"> [\u2026]<\/span><\/p>\n","protected":false},"featured_media":0,"template":"","meta":{"_monsterinsights_skip_tracking":false,"_monsterinsights_sitenote_active":false,"_monsterinsights_sitenote_note":"","_monsterinsights_sitenote_category":0},"product_brand":[],"product_cat":[12388,14717],"product_tag":[],"class_list":{"0":"post-699766","1":"product","2":"type-product","3":"status-publish","5":"product_cat-felsefe","6":"product_cat-felsefe-tarihi","7":"pa_cilt-ciltsiz","8":"pa_tur-kitap","9":"pa_yayinevi-ayrinti-yayinlari","10":"pa_yazar-mineke-schipper","12":"first","13":"instock","14":"sale","15":"shipping-taxable","16":"purchasable","17":"product-type-simple"},"_links":{"self":[{"href":"https:\/\/roveyayinevi.com.tr\/index.php\/wp-json\/wp\/v2\/product\/699766","targetHints":{"allow":["GET"]}}],"collection":[{"href":"https:\/\/roveyayinevi.com.tr\/index.php\/wp-json\/wp\/v2\/product"}],"about":[{"href":"https:\/\/roveyayinevi.com.tr\/index.php\/wp-json\/wp\/v2\/types\/product"}],"wp:attachment":[{"href":"https:\/\/roveyayinevi.com.tr\/index.php\/wp-json\/wp\/v2\/media?parent=699766"}],"wp:term":[{"taxonomy":"product_brand","embeddable":true,"href":"https:\/\/roveyayinevi.com.tr\/index.php\/wp-json\/wp\/v2\/product_brand?post=699766"},{"taxonomy":"product_cat","embeddable":true,"href":"https:\/\/roveyayinevi.com.tr\/index.php\/wp-json\/wp\/v2\/product_cat?post=699766"},{"taxonomy":"product_tag","embeddable":true,"href":"https:\/\/roveyayinevi.com.tr\/index.php\/wp-json\/wp\/v2\/product_tag?post=699766"}],"curies":[{"name":"wp","href":"https:\/\/api.w.org\/{rel}","templated":true}]}}