{"id":699762,"date":"2025-08-27T14:53:02","date_gmt":"2025-08-27T11:53:02","guid":{"rendered":"https:\/\/roveyayinevi.com.tr\/index.php\/urun\/diyalektik-materyalizme-giris\/"},"modified":"2026-04-16T02:08:55","modified_gmt":"2026-04-15T23:08:55","slug":"diyalektik-materyalizme-giris","status":"publish","type":"product","link":"https:\/\/roveyayinevi.com.tr\/index.php\/urun\/diyalektik-materyalizme-giris\/","title":{"rendered":"Diyalektik Materyalizme Giri\u015f"},"content":{"rendered":"<p>\u00dcnl\u00fc Marksist siyaset\u00e7i ve kuramc\u0131 August Thalheimer\u2019in 1927 y\u0131l\u0131nda Moskova\u2019daki Sun Yat-sen \u00dcniversitesinin ikinci s\u0131n\u0131f \u00f6\u011frencilerine verdi\u011fi Modern D\u00fcnya G\u00f6r\u00fc\u015f\u00fc dersinin notlar\u0131. Thalheimer \u00e7o\u011funlu\u011fu \u00c7inli, bir b\u00f6l\u00fcm\u00fc Avrupa \u00fclkelerinden gelme, hemen hi\u00e7biri bi\u00e7imsel felsefe e\u011fitiminden ge\u00e7memi\u015f, ama hepsi devrimci siyasi m\u00fccadelenin birer par\u00e7as\u0131 olan bir izleyici kitlesine seslenmenin didaktik zorluklar\u0131n\u0131 \u00f6rnek bir ba\u015far\u0131yla a\u015f\u0131yor. Bu arada kadim \u00c7in ve Hint felsefesinin Marksist bir bak\u0131\u015fla ele al\u0131nmas\u0131 gibi bir i\u015fi, o tarihte ilk olarak, ba\u015far\u0131yor. Kitap devrimci militanlar\u0131 e\u011fitmenin yan\u0131 s\u0131ra do\u011fa bilimcilerinin i\u00e7g\u00fcd\u00fcsel maddecili\u011fi ile Marksizm aras\u0131nda k\u00f6pr\u00fc kurmay\u0131 ama\u00e7l\u0131yor. \ufffcTan\u0131t\u0131m Metni<\/p>\n","protected":false},"excerpt":{"rendered":"<p>\u00dcnl\u00fc Marksist siyaset\u00e7i ve kuramc\u0131 August Thalheimer\u2019in 1927 y\u0131l\u0131nda Moskova\u2019daki Sun Yat-sen \u00dcniversitesinin ikinci s\u0131n\u0131f \u00f6\u011frencilerine verdi\u011fi Modern D\u00fcnya G\u00f6r\u00fc\u015f\u00fc dersinin notlar\u0131. Thalheimer \u00e7o\u011funlu\u011fu \u00c7inli, bir<span class=\"excerpt-hellip\"> [\u2026]<\/span><\/p>\n","protected":false},"featured_media":0,"template":"","meta":{"_monsterinsights_skip_tracking":false,"_monsterinsights_sitenote_active":false,"_monsterinsights_sitenote_note":"","_monsterinsights_sitenote_category":0},"product_brand":[],"product_cat":[12388,15536],"product_tag":[],"class_list":{"0":"post-699762","1":"product","2":"type-product","3":"status-publish","5":"product_cat-felsefe","6":"product_cat-siyaset-felsefesi","7":"pa_cilt-ciltsiz","8":"pa_tur-kitap","9":"pa_yayinevi-yordam-kitap","10":"pa_yazar-august-thalheimer","12":"first","13":"instock","14":"sale","15":"shipping-taxable","16":"purchasable","17":"product-type-simple"},"_links":{"self":[{"href":"https:\/\/roveyayinevi.com.tr\/index.php\/wp-json\/wp\/v2\/product\/699762","targetHints":{"allow":["GET"]}}],"collection":[{"href":"https:\/\/roveyayinevi.com.tr\/index.php\/wp-json\/wp\/v2\/product"}],"about":[{"href":"https:\/\/roveyayinevi.com.tr\/index.php\/wp-json\/wp\/v2\/types\/product"}],"wp:attachment":[{"href":"https:\/\/roveyayinevi.com.tr\/index.php\/wp-json\/wp\/v2\/media?parent=699762"}],"wp:term":[{"taxonomy":"product_brand","embeddable":true,"href":"https:\/\/roveyayinevi.com.tr\/index.php\/wp-json\/wp\/v2\/product_brand?post=699762"},{"taxonomy":"product_cat","embeddable":true,"href":"https:\/\/roveyayinevi.com.tr\/index.php\/wp-json\/wp\/v2\/product_cat?post=699762"},{"taxonomy":"product_tag","embeddable":true,"href":"https:\/\/roveyayinevi.com.tr\/index.php\/wp-json\/wp\/v2\/product_tag?post=699762"}],"curies":[{"name":"wp","href":"https:\/\/api.w.org\/{rel}","templated":true}]}}