{"id":699759,"date":"2025-08-27T14:53:01","date_gmt":"2025-08-27T11:53:01","guid":{"rendered":"https:\/\/roveyayinevi.com.tr\/index.php\/urun\/haremin-son-yuzyili\/"},"modified":"2026-04-16T02:08:55","modified_gmt":"2026-04-15T23:08:55","slug":"haremin-son-yuzyili","status":"publish","type":"product","link":"https:\/\/roveyayinevi.com.tr\/index.php\/urun\/haremin-son-yuzyili\/","title":{"rendered":"Haremin Son Y\u00fczy\u0131l\u0131"},"content":{"rendered":"<p>Enver Pa\u015fa\u2018n\u0131n e\u015fi Emine Naciye Sultan, Enver Pa\u015fa\u2018y\u0131 nas\u0131l se\u00e7ti\u011fini \u015fu \u015fekilde dile getirmektedir: Fakat g\u00fcn\u00fcn birinde Enver Bey\u2018in beni, Sultan Re\u015fat\u2018tan istemesi \u00fczerine annem odama geldi ve bana dedi ki: K\u0131z\u0131m art\u0131k sen b\u00fcy\u00fcd\u00fcn. Seni Abd\u00fcrrahim Efendi\u2018den ba\u015fka birka\u00e7 ki\u015fi daha istiyor. Bunlar\u0131n aras\u0131nda h\u00fcrriyet kahraman\u0131 Enver Bey de var. \u0130\u015fte hepsinin isimleri ve resimleri&#8230; Bak d\u00fc\u015f\u00fcn ve karar ver. <\/p>\n","protected":false},"excerpt":{"rendered":"<p>Enver Pa\u015fa\u2018n\u0131n e\u015fi Emine Naciye Sultan, Enver Pa\u015fa\u2018y\u0131 nas\u0131l se\u00e7ti\u011fini \u015fu \u015fekilde dile getirmektedir: Fakat g\u00fcn\u00fcn birinde Enver Bey\u2018in beni, Sultan Re\u015fat\u2018tan istemesi \u00fczerine annem odama<span class=\"excerpt-hellip\"> [\u2026]<\/span><\/p>\n","protected":false},"featured_media":0,"template":"","meta":{"_monsterinsights_skip_tracking":false,"_monsterinsights_sitenote_active":false,"_monsterinsights_sitenote_note":"","_monsterinsights_sitenote_category":0},"product_brand":[],"product_cat":[12370,12304],"product_tag":[],"class_list":{"0":"post-699759","1":"product","2":"type-product","3":"status-publish","5":"product_cat-arastirma-inceleme","6":"product_cat-tarih","7":"pa_tur-kitap","8":"pa_yayinevi-timas-yayinlari","9":"pa_yazar-cevdet-kirpik","11":"first","12":"instock","13":"sale","14":"shipping-taxable","15":"purchasable","16":"product-type-simple"},"_links":{"self":[{"href":"https:\/\/roveyayinevi.com.tr\/index.php\/wp-json\/wp\/v2\/product\/699759","targetHints":{"allow":["GET"]}}],"collection":[{"href":"https:\/\/roveyayinevi.com.tr\/index.php\/wp-json\/wp\/v2\/product"}],"about":[{"href":"https:\/\/roveyayinevi.com.tr\/index.php\/wp-json\/wp\/v2\/types\/product"}],"wp:attachment":[{"href":"https:\/\/roveyayinevi.com.tr\/index.php\/wp-json\/wp\/v2\/media?parent=699759"}],"wp:term":[{"taxonomy":"product_brand","embeddable":true,"href":"https:\/\/roveyayinevi.com.tr\/index.php\/wp-json\/wp\/v2\/product_brand?post=699759"},{"taxonomy":"product_cat","embeddable":true,"href":"https:\/\/roveyayinevi.com.tr\/index.php\/wp-json\/wp\/v2\/product_cat?post=699759"},{"taxonomy":"product_tag","embeddable":true,"href":"https:\/\/roveyayinevi.com.tr\/index.php\/wp-json\/wp\/v2\/product_tag?post=699759"}],"curies":[{"name":"wp","href":"https:\/\/api.w.org\/{rel}","templated":true}]}}