{"id":699758,"date":"2025-08-27T14:53:01","date_gmt":"2025-08-27T11:53:01","guid":{"rendered":"https:\/\/roveyayinevi.com.tr\/index.php\/urun\/diyalektik-sorusturmalar\/"},"modified":"2026-04-16T02:08:55","modified_gmt":"2026-04-15T23:08:55","slug":"diyalektik-sorusturmalar","status":"publish","type":"product","link":"https:\/\/roveyayinevi.com.tr\/index.php\/urun\/diyalektik-sorusturmalar\/","title":{"rendered":"Diyalektik Soru\u015fturmalar"},"content":{"rendered":"<p>G\u00fcn\u00fcm\u00fcz kapitalizmini anlamada Marx ne kadar \u00f6nemliyse, diyalektik de Marx\u2019\u0131 anlamada o kadar \u00f6nemlidir. Diyalekti\u011fin Dans\u0131\u2019nda Marx\u2019\u0131n y\u00f6nteminin analitik yap\u0131s\u0131n\u0131 a\u00e7\u0131k\u00e7a ortaya seren Bertell Ollman, bu kez Diyalektik Soru\u015fturmalar\u2019da temel toplumsal sorunlar kar\u015f\u0131s\u0131nda diyalekti\u011fin nas\u0131l i\u015fler k\u0131l\u0131nabilece\u011fini tart\u0131\u015f\u0131yor. Kitap bir yandan Marx\u2019\u0131n teorisinin ve y\u00f6nteminin temel \u00f6\u011felerinin hem sade hem de derinlikli bir \u00e7\u00f6z\u00fcmlemesini y\u00fcr\u00fct\u00fcrken, di\u011fer yandan bu teori ve y\u00f6ntem \u00fczerinden, \u00fcniversite, devlet, s\u0131n\u0131f, ideoloji, \u00fctopya, cinsellik ve hatta basketbol gibi ba\u015fl\u0131klar\u0131 g\u00fcn\u00fcm\u00fcz kapitalizmi ve gelecekteki sosyalizm tahayy\u00fcl\u00fc ile ili\u015fkili bi\u00e7imde inceliyor. \ufffcTan\u0131t\u0131m Metni<\/p>\n","protected":false},"excerpt":{"rendered":"<p>G\u00fcn\u00fcm\u00fcz kapitalizmini anlamada Marx ne kadar \u00f6nemliyse, diyalektik de Marx\u2019\u0131 anlamada o kadar \u00f6nemlidir. Diyalekti\u011fin Dans\u0131\u2019nda Marx\u2019\u0131n y\u00f6nteminin analitik yap\u0131s\u0131n\u0131 a\u00e7\u0131k\u00e7a ortaya seren Bertell Ollman, bu<span class=\"excerpt-hellip\"> [\u2026]<\/span><\/p>\n","protected":false},"featured_media":0,"template":"","meta":{"_monsterinsights_skip_tracking":false,"_monsterinsights_sitenote_active":false,"_monsterinsights_sitenote_note":"","_monsterinsights_sitenote_category":0},"product_brand":[],"product_cat":[12388,15309],"product_tag":[],"class_list":{"0":"post-699758","1":"product","2":"type-product","3":"status-publish","5":"product_cat-felsefe","6":"product_cat-felsefi-akimlar","7":"pa_cilt-ciltsiz","8":"pa_tur-kitap","9":"pa_yayinevi-yordam-kitap","10":"pa_yazar-bertell-ollman","12":"first","13":"instock","14":"sale","15":"shipping-taxable","16":"purchasable","17":"product-type-simple"},"_links":{"self":[{"href":"https:\/\/roveyayinevi.com.tr\/index.php\/wp-json\/wp\/v2\/product\/699758","targetHints":{"allow":["GET"]}}],"collection":[{"href":"https:\/\/roveyayinevi.com.tr\/index.php\/wp-json\/wp\/v2\/product"}],"about":[{"href":"https:\/\/roveyayinevi.com.tr\/index.php\/wp-json\/wp\/v2\/types\/product"}],"wp:attachment":[{"href":"https:\/\/roveyayinevi.com.tr\/index.php\/wp-json\/wp\/v2\/media?parent=699758"}],"wp:term":[{"taxonomy":"product_brand","embeddable":true,"href":"https:\/\/roveyayinevi.com.tr\/index.php\/wp-json\/wp\/v2\/product_brand?post=699758"},{"taxonomy":"product_cat","embeddable":true,"href":"https:\/\/roveyayinevi.com.tr\/index.php\/wp-json\/wp\/v2\/product_cat?post=699758"},{"taxonomy":"product_tag","embeddable":true,"href":"https:\/\/roveyayinevi.com.tr\/index.php\/wp-json\/wp\/v2\/product_tag?post=699758"}],"curies":[{"name":"wp","href":"https:\/\/api.w.org\/{rel}","templated":true}]}}