{"id":699757,"date":"2025-08-27T14:53:00","date_gmt":"2025-08-27T11:53:00","guid":{"rendered":"https:\/\/roveyayinevi.com.tr\/index.php\/urun\/oglen-namazina-nasil-kalkilir\/"},"modified":"2026-04-16T02:08:55","modified_gmt":"2026-04-15T23:08:55","slug":"oglen-namazina-nasil-kalkilir","status":"publish","type":"product","link":"https:\/\/roveyayinevi.com.tr\/index.php\/urun\/oglen-namazina-nasil-kalkilir\/","title":{"rendered":"\u00d6\u011flen Namaz\u0131na Nas\u0131l Kalk\u0131l\u0131r?"},"content":{"rendered":"<p>Daha \u00e7ok y\u0131lg\u0131n t\u00fcrkler, ve kitaplar\u0131ndan tan\u0131d\u0131\u011f\u0131m\u0131z; benzersiz \u00fcsl\u00fbbu, ya\u015fay\u0131\u015f\u0131, cesareti, sert tav\u0131rlar\u0131 ve ba\u011f\u0131ms\u0131z kalemiyle ses getiren, ezberleri bozan B\u00dcLENT AKY\u00dcREKin bu kitab\u0131 da \u00e7ok okunacak, \u00e7ok tart\u0131\u015f\u0131lacak&#8230; Modernizmin, trafi\u011fin, g\u00fcr\u00fclt\u00fcn\u00fcn, \u00f6n\u00fcm\u00fczden ak\u0131p giden sosyal medya gevezeliklerinin aras\u0131nda kulaklar\u0131m\u0131z ezan\u0131 duymaz oldu. Art\u0131k insanlar, ak\u015famlar\u0131 televizyon izleyip, gece yar\u0131lar\u0131na kadar tart\u0131\u015fma programlar\u0131n\u0131 takip ediyor daha sonra sabaha kadar internetin ba\u015f\u0131ndan ayr\u0131lam\u0131yorlar. O s\u0131rada okunuyor, namazlar\u0131n\u0131 k\u0131l\u0131p uyuyorlar ve bu arada \u00f6\u011flen ile ikindi namaz\u0131 ka\u00e7\u0131yor. Sabah namaz\u0131n\u0131 ayakta kar\u015f\u0131layan \u00fcmmet ma\u015fallah ak\u015fama kadar uyuyor. Bu kitap sabaha kadar oturup ak\u015fama kadar uyuyanlar\u0131n can\u0131n\u0131 ac\u0131tacak. Yine bir klasi\u011fi, yine y\u0131llarca unutulmayacak makaleler, c\u00fcmleler girecek hayat\u0131m\u0131za. &#8220;\u00d6 &#8221; Allaha inanan ama kitaptan uzakla\u015fan insanlar i\u00e7in bir \u0131\u015f\u0131k olabilir kanaatindeyiz&#8230; <\/p>\n","protected":false},"excerpt":{"rendered":"<p>Daha \u00e7ok y\u0131lg\u0131n t\u00fcrkler, ve kitaplar\u0131ndan tan\u0131d\u0131\u011f\u0131m\u0131z; benzersiz \u00fcsl\u00fbbu, ya\u015fay\u0131\u015f\u0131, cesareti, sert tav\u0131rlar\u0131 ve ba\u011f\u0131ms\u0131z kalemiyle ses getiren, ezberleri bozan B\u00dcLENT AKY\u00dcREKin bu kitab\u0131 da \u00e7ok<span class=\"excerpt-hellip\"> [\u2026]<\/span><\/p>\n","protected":false},"featured_media":0,"template":"","meta":{"_monsterinsights_skip_tracking":false,"_monsterinsights_sitenote_active":false,"_monsterinsights_sitenote_note":"","_monsterinsights_sitenote_category":0},"product_brand":[],"product_cat":[12777,12291],"product_tag":[],"class_list":{"0":"post-699757","1":"product","2":"type-product","3":"status-publish","5":"product_cat-deneme","6":"product_cat-edebiyat","7":"pa_cilt-ciltsiz","8":"pa_tur-kitap","9":"pa_yayinevi-c4-kitap","10":"pa_yazar-bulent-akyurek","12":"first","13":"instock","14":"sale","15":"shipping-taxable","16":"purchasable","17":"product-type-simple"},"_links":{"self":[{"href":"https:\/\/roveyayinevi.com.tr\/index.php\/wp-json\/wp\/v2\/product\/699757","targetHints":{"allow":["GET"]}}],"collection":[{"href":"https:\/\/roveyayinevi.com.tr\/index.php\/wp-json\/wp\/v2\/product"}],"about":[{"href":"https:\/\/roveyayinevi.com.tr\/index.php\/wp-json\/wp\/v2\/types\/product"}],"wp:attachment":[{"href":"https:\/\/roveyayinevi.com.tr\/index.php\/wp-json\/wp\/v2\/media?parent=699757"}],"wp:term":[{"taxonomy":"product_brand","embeddable":true,"href":"https:\/\/roveyayinevi.com.tr\/index.php\/wp-json\/wp\/v2\/product_brand?post=699757"},{"taxonomy":"product_cat","embeddable":true,"href":"https:\/\/roveyayinevi.com.tr\/index.php\/wp-json\/wp\/v2\/product_cat?post=699757"},{"taxonomy":"product_tag","embeddable":true,"href":"https:\/\/roveyayinevi.com.tr\/index.php\/wp-json\/wp\/v2\/product_tag?post=699757"}],"curies":[{"name":"wp","href":"https:\/\/api.w.org\/{rel}","templated":true}]}}