{"id":699754,"date":"2025-08-27T14:52:59","date_gmt":"2025-08-27T11:52:59","guid":{"rendered":"https:\/\/roveyayinevi.com.tr\/index.php\/urun\/dunya-nimeti\/"},"modified":"2026-04-12T02:10:45","modified_gmt":"2026-04-11T23:10:45","slug":"dunya-nimeti","status":"publish","type":"product","link":"https:\/\/roveyayinevi.com.tr\/index.php\/urun\/dunya-nimeti\/","title":{"rendered":"D\u00fcnya Nimeti"},"content":{"rendered":"<p>D\u00fcnya Nimeti (Markens Gr\u00f6de) 1917\u2019de \u00e7\u0131kt\u0131. Iss\u0131z topraklar\u0131 canland\u0131rmak i\u00e7in insan g\u00fcc\u00fcn\u00fcn verdi\u011fi imtihanlar\u0131, tabiat kuvvetleri ile \u00e7etin sava\u015flar\u0131 hik\u00e2ye eden bu roman, kat\u0131 ve bo\u015f topraklara d\u00fc\u015fen al\u0131n terlerinin \u00f6nce k\u0131t kanaat, giderek c\u00f6mert hasad\u0131n\u0131, bu ba\u015far\u0131daki b\u00fcy\u00fck hazz\u0131 dile getirir. Bu kitapta Hamsun yirminci y\u00fczy\u0131l insan\u0131n destan\u0131n\u0131 yazm\u0131\u015f, \u00f6n\u00fcne bir model almadan ba\u015faran insan\u0131n b\u00fcy\u00fckl\u00fc\u011f\u00fcn\u00fc g\u00f6zler \u00f6n\u00fcne sermi\u015ftir. \u0130\u00e7tenlik, sadelik, g\u00fczelliktir bu kitab\u0131n sanats\u0131z sanat\u0131!Bu kitap i\u00e7in Selma Lagerl\u00f6f, Hamsun\u2019a \u015funlar\u0131 yazm\u0131\u015f: \u201cD\u00fcnya Sava\u015f\u0131 olurken, milletler, ordular, y\u00fczy\u0131llardan miras bunca eme\u011fi k\u0131r\u0131p par\u00e7alarken; yap\u0131c\u0131n\u0131n, \u00e7ift\u00e7inin, g\u00f6\u00e7menin yaratmaktan duydu\u011fu hazla dolu kitab\u0131n \u00e7\u0131kt\u0131. Liderlerin, milletlerin yak\u0131p y\u0131karak, kesip bi\u00e7erek yeni topraklar, \u00fclkeler pe\u015finde k\u0131z\u0131\u015ft\u0131klar\u0131 bir s\u0131rada, sen basit bir adam\u0131, eline bir balta, bir de saban vererek kutsal bir sava\u015fa yollad\u0131n; evvelce hi\u00e7bir kalemin tasvir etmedi\u011fi bir sava\u015ft\u0131 bu; toprakla sava\u015f! Senin bu kitab\u0131n, d\u00fcnya kuruldu kurulal\u0131 insano\u011flunun g\u00f6nl\u00fcne ferahl\u0131k veren tek \u015feyin; zahmetli yorgunluklar, sab\u0131rl\u0131 \u00e7al\u0131\u015fmalar oldu\u011funu; insano\u011flunun ancak b\u00f6yle \u00e7al\u0131\u015fmalarla v\u00fccudunu zindeli\u011fe, hayat\u0131n\u0131 mutlulu\u011fa, ismini sayg\u0131ya ve hat\u0131ras\u0131n\u0131 \u00f6l\u00fcms\u00fczl\u00fc\u011fe ula\u015ft\u0131raca\u011f\u0131n\u0131 ispat etti.\u201d Roman, cahil bir g\u00f6\u00e7men olan Isak\u2019\u0131n basit, cahil kar\u0131s\u0131 Inger\u2019le birlikte \u00e7orak ve ha\u015fin topraklar\u0131 sab\u0131rla nas\u0131l bereketli, ye\u015fil bir yurt par\u00e7as\u0131 haline getirdi\u011fini anlat\u0131r.Beh\u00e7et Necatigil<\/p>\n","protected":false},"excerpt":{"rendered":"<p>D\u00fcnya Nimeti (Markens Gr\u00f6de) 1917\u2019de \u00e7\u0131kt\u0131. Iss\u0131z topraklar\u0131 canland\u0131rmak i\u00e7in insan g\u00fcc\u00fcn\u00fcn verdi\u011fi imtihanlar\u0131, tabiat kuvvetleri ile \u00e7etin sava\u015flar\u0131 hik\u00e2ye eden bu roman, kat\u0131 ve bo\u015f<span class=\"excerpt-hellip\"> [\u2026]<\/span><\/p>\n","protected":false},"featured_media":0,"template":"","meta":{"_monsterinsights_skip_tracking":false,"_monsterinsights_sitenote_active":false,"_monsterinsights_sitenote_note":"","_monsterinsights_sitenote_category":0},"product_brand":[],"product_cat":[12291,12711],"product_tag":[],"class_list":{"0":"post-699754","1":"product","2":"type-product","3":"status-publish","5":"product_cat-edebiyat","6":"product_cat-roman-oyku","7":"pa_cilt-ciltsiz","8":"pa_tur-kitap","9":"pa_yayinevi-timas-yayinlari","10":"pa_yazar-knut-hamsun","12":"first","13":"instock","14":"sale","15":"shipping-taxable","16":"purchasable","17":"product-type-simple"},"_links":{"self":[{"href":"https:\/\/roveyayinevi.com.tr\/index.php\/wp-json\/wp\/v2\/product\/699754","targetHints":{"allow":["GET"]}}],"collection":[{"href":"https:\/\/roveyayinevi.com.tr\/index.php\/wp-json\/wp\/v2\/product"}],"about":[{"href":"https:\/\/roveyayinevi.com.tr\/index.php\/wp-json\/wp\/v2\/types\/product"}],"wp:attachment":[{"href":"https:\/\/roveyayinevi.com.tr\/index.php\/wp-json\/wp\/v2\/media?parent=699754"}],"wp:term":[{"taxonomy":"product_brand","embeddable":true,"href":"https:\/\/roveyayinevi.com.tr\/index.php\/wp-json\/wp\/v2\/product_brand?post=699754"},{"taxonomy":"product_cat","embeddable":true,"href":"https:\/\/roveyayinevi.com.tr\/index.php\/wp-json\/wp\/v2\/product_cat?post=699754"},{"taxonomy":"product_tag","embeddable":true,"href":"https:\/\/roveyayinevi.com.tr\/index.php\/wp-json\/wp\/v2\/product_tag?post=699754"}],"curies":[{"name":"wp","href":"https:\/\/api.w.org\/{rel}","templated":true}]}}