{"id":699753,"date":"2025-08-27T14:52:59","date_gmt":"2025-08-27T11:52:59","guid":{"rendered":"https:\/\/roveyayinevi.com.tr\/index.php\/urun\/sermaye-imparatorlugu\/"},"modified":"2026-04-16T02:08:54","modified_gmt":"2026-04-15T23:08:54","slug":"sermaye-imparatorlugu","status":"publish","type":"product","link":"https:\/\/roveyayinevi.com.tr\/index.php\/urun\/sermaye-imparatorlugu\/","title":{"rendered":"Sermaye \u0130mparatorlu\u011fu"},"content":{"rendered":"<p>2000\u2019li y\u0131llar boyunca yeni emperyalizm hakk\u0131nda \u00e7ok s\u00f6ylendi ve yaz\u0131ld\u0131; konunun bu yo\u011funlukta tart\u0131\u015f\u0131lmas\u0131n\u0131n nedeni ABD\u2019dir. ABD, Irak\u2019a kar\u015f\u0131 y\u00fcr\u00fctt\u00fc\u011f\u00fc sald\u0131r\u0131y\u0131, \u201cter\u00f6rizme kar\u015f\u0131 sava\u015f\u201d ve \u201c\u00f6nleyici savunma politikas\u0131\u201d gibi \u201cmakul\u201d gerek\u00e7elere dayand\u0131rm\u0131\u015ft\u0131. Ama s\u00f6m\u00fcrgeci fetihler ve do\u011frudan emperyal y\u00f6netim olmad\u0131\u011f\u0131 zaman emperyalizmin anlam\u0131 ne olabilir ki? \ufffcTan\u0131t\u0131m Metni<\/p>\n","protected":false},"excerpt":{"rendered":"<p>2000\u2019li y\u0131llar boyunca yeni emperyalizm hakk\u0131nda \u00e7ok s\u00f6ylendi ve yaz\u0131ld\u0131; konunun bu yo\u011funlukta tart\u0131\u015f\u0131lmas\u0131n\u0131n nedeni ABD\u2019dir. ABD, Irak\u2019a kar\u015f\u0131 y\u00fcr\u00fctt\u00fc\u011f\u00fc sald\u0131r\u0131y\u0131, \u201cter\u00f6rizme kar\u015f\u0131 sava\u015f\u201d ve \u201c\u00f6nleyici<span class=\"excerpt-hellip\"> [\u2026]<\/span><\/p>\n","protected":false},"featured_media":0,"template":"","meta":{"_monsterinsights_skip_tracking":false,"_monsterinsights_sitenote_active":false,"_monsterinsights_sitenote_note":"","_monsterinsights_sitenote_category":0},"product_brand":[],"product_cat":[12338,12337],"product_tag":[],"class_list":{"0":"post-699753","1":"product","2":"type-product","3":"status-publish","5":"product_cat-dunya-siyaseti-ve-politikasi","6":"product_cat-politika-siyaset","7":"pa_cilt-ciltsiz","8":"pa_tur-kitap","9":"pa_yayinevi-yordam-kitap","10":"pa_yazar-ellen-meiksins-wood","12":"first","13":"instock","14":"sale","15":"shipping-taxable","16":"purchasable","17":"product-type-simple"},"_links":{"self":[{"href":"https:\/\/roveyayinevi.com.tr\/index.php\/wp-json\/wp\/v2\/product\/699753","targetHints":{"allow":["GET"]}}],"collection":[{"href":"https:\/\/roveyayinevi.com.tr\/index.php\/wp-json\/wp\/v2\/product"}],"about":[{"href":"https:\/\/roveyayinevi.com.tr\/index.php\/wp-json\/wp\/v2\/types\/product"}],"wp:attachment":[{"href":"https:\/\/roveyayinevi.com.tr\/index.php\/wp-json\/wp\/v2\/media?parent=699753"}],"wp:term":[{"taxonomy":"product_brand","embeddable":true,"href":"https:\/\/roveyayinevi.com.tr\/index.php\/wp-json\/wp\/v2\/product_brand?post=699753"},{"taxonomy":"product_cat","embeddable":true,"href":"https:\/\/roveyayinevi.com.tr\/index.php\/wp-json\/wp\/v2\/product_cat?post=699753"},{"taxonomy":"product_tag","embeddable":true,"href":"https:\/\/roveyayinevi.com.tr\/index.php\/wp-json\/wp\/v2\/product_tag?post=699753"}],"curies":[{"name":"wp","href":"https:\/\/api.w.org\/{rel}","templated":true}]}}