{"id":699751,"date":"2025-08-27T14:52:58","date_gmt":"2025-08-27T11:52:58","guid":{"rendered":"https:\/\/roveyayinevi.com.tr\/index.php\/urun\/ustad\/"},"modified":"2026-04-16T02:08:54","modified_gmt":"2026-04-15T23:08:54","slug":"ustad","status":"publish","type":"product","link":"https:\/\/roveyayinevi.com.tr\/index.php\/urun\/ustad\/","title":{"rendered":"\u00dcstad"},"content":{"rendered":"<p>\u201cY\u00fcz katl\u0131 bir y\u00fckseklikte, y\u00fcz\u00fcnc\u00fc makamdas\u0131n. \u00c7amda\u011f\u0131\u2019nda sessiz, kimsesiz, sadece O\u2019nunla m\u0131s\u0131n? Mecazlara emanet edilmi\u015f bir yer de\u011fil oras\u0131. S\u00f6z de de\u011fil, ses de. Bir hal, bir melaldesin, hissediyorum. Bu perdeler bir aralansa\u2026 Geride ne var bir g\u00f6r\u00fcnse\u2026 Bir a\u00e7\u0131lsa\u2026 Bir cilvelense\u2026 Bir g\u00f6rsem\u2026 Bir anlasam\u2026 Bir bilsem\u2026 Bir tatsam efendim\u2026 Bir tadabilsem\u2026 O huzuru bir nebze tadabilsem\u2026 \u0130man nurdur diyorsun\u2026 Nur nedir ki\u2026 Hikmet nedir\u2026 Bunun hikmeti nedir\u2026 Senden \u00f6\u011frendim bunlar\u0131\u2026 Bu kelimeler sana ait\u2026 Sana ait olan bir \u015fey belirince benim kelimelerim s\u00f6n\u00fckle\u015fiyor\u2026\u201d <\/p>\n","protected":false},"excerpt":{"rendered":"<p>\u201cY\u00fcz katl\u0131 bir y\u00fckseklikte, y\u00fcz\u00fcnc\u00fc makamdas\u0131n. \u00c7amda\u011f\u0131\u2019nda sessiz, kimsesiz, sadece O\u2019nunla m\u0131s\u0131n? Mecazlara emanet edilmi\u015f bir yer de\u011fil oras\u0131. S\u00f6z de de\u011fil, ses de. Bir hal,<span class=\"excerpt-hellip\"> [\u2026]<\/span><\/p>\n","protected":false},"featured_media":0,"template":"","meta":{"_monsterinsights_skip_tracking":false,"_monsterinsights_sitenote_active":false,"_monsterinsights_sitenote_note":"","_monsterinsights_sitenote_category":0},"product_brand":[],"product_cat":[12718,18102,12719],"product_tag":[],"class_list":{"0":"post-699751","1":"product","2":"type-product","3":"status-publish","5":"product_cat-din","6":"product_cat-edebiyat-roman","7":"product_cat-islam","8":"pa_tur-kitap","9":"pa_yayinevi-timas-yayinlari","10":"pa_yazar-sadik-yalsizucanlar","12":"first","13":"instock","14":"sale","15":"shipping-taxable","16":"purchasable","17":"product-type-simple"},"_links":{"self":[{"href":"https:\/\/roveyayinevi.com.tr\/index.php\/wp-json\/wp\/v2\/product\/699751","targetHints":{"allow":["GET"]}}],"collection":[{"href":"https:\/\/roveyayinevi.com.tr\/index.php\/wp-json\/wp\/v2\/product"}],"about":[{"href":"https:\/\/roveyayinevi.com.tr\/index.php\/wp-json\/wp\/v2\/types\/product"}],"wp:attachment":[{"href":"https:\/\/roveyayinevi.com.tr\/index.php\/wp-json\/wp\/v2\/media?parent=699751"}],"wp:term":[{"taxonomy":"product_brand","embeddable":true,"href":"https:\/\/roveyayinevi.com.tr\/index.php\/wp-json\/wp\/v2\/product_brand?post=699751"},{"taxonomy":"product_cat","embeddable":true,"href":"https:\/\/roveyayinevi.com.tr\/index.php\/wp-json\/wp\/v2\/product_cat?post=699751"},{"taxonomy":"product_tag","embeddable":true,"href":"https:\/\/roveyayinevi.com.tr\/index.php\/wp-json\/wp\/v2\/product_tag?post=699751"}],"curies":[{"name":"wp","href":"https:\/\/api.w.org\/{rel}","templated":true}]}}