{"id":699746,"date":"2025-08-27T14:52:57","date_gmt":"2025-08-27T11:52:57","guid":{"rendered":"https:\/\/roveyayinevi.com.tr\/index.php\/urun\/hrant-dinkin-katline-2015-perspektifinden-bakmak\/"},"modified":"2026-01-29T02:16:46","modified_gmt":"2026-01-28T23:16:46","slug":"hrant-dinkin-katline-2015-perspektifinden-bakmak","status":"publish","type":"product","link":"https:\/\/roveyayinevi.com.tr\/index.php\/urun\/hrant-dinkin-katline-2015-perspektifinden-bakmak\/","title":{"rendered":"Hrant Dink&#8217;in Katline 2015 Perspektifinden Bakmak"},"content":{"rendered":"<p>Ahmet Abakay \u2013 George Aghjayan Arakats Akhoyan \u2013 Cengiz Aktar Kenan Araz \u2013 Fikret Ba\u015fkaya \u0130smail Be\u015fik\u00e7i \u2013 Kadir Cang\u0131zbay \u0130mam Canpolat \u2013 Sait \u00c7etino\u011flu Temel Demirer \u2013 Y\u00fccel Demirer Atilla Dirim \u2013 Oktay Etiman Kaz\u0131m Gen\u00e7 \u2013 Ramazan Gezgin Nazmi G\u00fcr \u2013 Sarkis Hatspanian Fatin Kanat \u2013 Mahmut Konuk \u00dcmit Kurt \u2013 Khatchig Mouradian Bask\u0131n Oran \u2013 H\u00fcsn\u00fc \u00d6nd\u00fcl Sibel \u00d6zbudun \u2013 \u015eiar Ri\u015fvano\u011flu \u2013 Huriye \u015eahin <\/p>\n","protected":false},"excerpt":{"rendered":"<p>Ahmet Abakay \u2013 George Aghjayan Arakats Akhoyan \u2013 Cengiz Aktar Kenan Araz \u2013 Fikret Ba\u015fkaya \u0130smail Be\u015fik\u00e7i \u2013 Kadir Cang\u0131zbay \u0130mam Canpolat \u2013 Sait \u00c7etino\u011flu Temel<span class=\"excerpt-hellip\"> [\u2026]<\/span><\/p>\n","protected":false},"featured_media":0,"template":"","meta":{"_monsterinsights_skip_tracking":false,"_monsterinsights_sitenote_active":false,"_monsterinsights_sitenote_note":"","_monsterinsights_sitenote_category":0},"product_brand":[],"product_cat":[12312,12304],"product_tag":[],"class_list":{"0":"post-699746","1":"product","2":"type-product","3":"status-publish","5":"product_cat-diger","6":"product_cat-tarih","7":"pa_cilt-ciltsiz","8":"pa_tur-kitap","9":"pa_yayinevi-utopya-yayinevi","10":"pa_yazar-kolektif","12":"first","13":"instock","14":"sale","15":"shipping-taxable","16":"purchasable","17":"product-type-simple"},"_links":{"self":[{"href":"https:\/\/roveyayinevi.com.tr\/index.php\/wp-json\/wp\/v2\/product\/699746","targetHints":{"allow":["GET"]}}],"collection":[{"href":"https:\/\/roveyayinevi.com.tr\/index.php\/wp-json\/wp\/v2\/product"}],"about":[{"href":"https:\/\/roveyayinevi.com.tr\/index.php\/wp-json\/wp\/v2\/types\/product"}],"wp:attachment":[{"href":"https:\/\/roveyayinevi.com.tr\/index.php\/wp-json\/wp\/v2\/media?parent=699746"}],"wp:term":[{"taxonomy":"product_brand","embeddable":true,"href":"https:\/\/roveyayinevi.com.tr\/index.php\/wp-json\/wp\/v2\/product_brand?post=699746"},{"taxonomy":"product_cat","embeddable":true,"href":"https:\/\/roveyayinevi.com.tr\/index.php\/wp-json\/wp\/v2\/product_cat?post=699746"},{"taxonomy":"product_tag","embeddable":true,"href":"https:\/\/roveyayinevi.com.tr\/index.php\/wp-json\/wp\/v2\/product_tag?post=699746"}],"curies":[{"name":"wp","href":"https:\/\/api.w.org\/{rel}","templated":true}]}}