{"id":699741,"date":"2025-08-27T14:52:55","date_gmt":"2025-08-27T11:52:55","guid":{"rendered":"https:\/\/roveyayinevi.com.tr\/index.php\/urun\/40-salavat-boyama\/"},"modified":"2026-04-16T02:08:54","modified_gmt":"2026-04-15T23:08:54","slug":"40-salavat-boyama","status":"publish","type":"product","link":"https:\/\/roveyayinevi.com.tr\/index.php\/urun\/40-salavat-boyama\/","title":{"rendered":"40 Salavat Boyama"},"content":{"rendered":"<p>De\u011ferli anne-babalar ve e\u011fitimciler,Sevgili Peygamberimiz sallallahu aleyhi vesellem \u00e7ocuklar\u0131m\u0131z\u0131 peygamber sevgisi ve Kur\u2019an bilgisiyle yeti\u015ftirmemizi \u00f6\u011f\u00fctl\u00fcyor. \u201cSalavat\u201d, genel manada Peygamber Efendimiz Hazreti Muhammed\u2019i (a.s.m.) anmak, O\u2019na selam g\u00f6ndermektir.Bu kitapla hen\u00fcz somut d\u00fc\u015f\u00fcnce a\u015famas\u0131nda olan \u00e7ocuklar\u0131m\u0131z her g\u00f6rd\u00fckleri \u015feyde Allah\u2019\u0131 ve sevgili Peygamberimizi hat\u0131rlama becerisi kazanacaklar.O\u2019na dua etmenin zevkini ve faziletini ya\u015farken \u00e7evreleriyle ilgili fark\u0131ndal\u0131klar\u0131n\u0131 artt\u0131racaklar.   <\/p>\n","protected":false},"excerpt":{"rendered":"<p>De\u011ferli anne-babalar ve e\u011fitimciler,Sevgili Peygamberimiz sallallahu aleyhi vesellem \u00e7ocuklar\u0131m\u0131z\u0131 peygamber sevgisi ve Kur\u2019an bilgisiyle yeti\u015ftirmemizi \u00f6\u011f\u00fctl\u00fcyor. \u201cSalavat\u201d, genel manada Peygamber Efendimiz Hazreti Muhammed\u2019i (a.s.m.) anmak, O\u2019na<span class=\"excerpt-hellip\"> [\u2026]<\/span><\/p>\n","protected":false},"featured_media":0,"template":"","meta":{"_monsterinsights_skip_tracking":false,"_monsterinsights_sitenote_active":false,"_monsterinsights_sitenote_note":"","_monsterinsights_sitenote_category":0},"product_brand":[],"product_cat":[12644,12274],"product_tag":[],"class_list":{"0":"post-699741","1":"product","2":"type-product","3":"status-publish","5":"product_cat-boyama-kitaplari","6":"product_cat-cocuk-ve-genclik-kitaplari","7":"pa_cilt-ciltsiz","8":"pa_tur-kitap","9":"pa_yayinevi-nesil-cocuk-yayinlari","10":"pa_yazar-hayrunnisa-sen","12":"first","13":"instock","14":"sale","15":"shipping-taxable","16":"purchasable","17":"product-type-simple"},"_links":{"self":[{"href":"https:\/\/roveyayinevi.com.tr\/index.php\/wp-json\/wp\/v2\/product\/699741","targetHints":{"allow":["GET"]}}],"collection":[{"href":"https:\/\/roveyayinevi.com.tr\/index.php\/wp-json\/wp\/v2\/product"}],"about":[{"href":"https:\/\/roveyayinevi.com.tr\/index.php\/wp-json\/wp\/v2\/types\/product"}],"wp:attachment":[{"href":"https:\/\/roveyayinevi.com.tr\/index.php\/wp-json\/wp\/v2\/media?parent=699741"}],"wp:term":[{"taxonomy":"product_brand","embeddable":true,"href":"https:\/\/roveyayinevi.com.tr\/index.php\/wp-json\/wp\/v2\/product_brand?post=699741"},{"taxonomy":"product_cat","embeddable":true,"href":"https:\/\/roveyayinevi.com.tr\/index.php\/wp-json\/wp\/v2\/product_cat?post=699741"},{"taxonomy":"product_tag","embeddable":true,"href":"https:\/\/roveyayinevi.com.tr\/index.php\/wp-json\/wp\/v2\/product_tag?post=699741"}],"curies":[{"name":"wp","href":"https:\/\/api.w.org\/{rel}","templated":true}]}}