{"id":699739,"date":"2025-08-27T14:52:55","date_gmt":"2025-08-27T11:52:55","guid":{"rendered":"https:\/\/roveyayinevi.com.tr\/index.php\/urun\/modern-dunyanin-dogusu-kuresel-baglantilar-ve-karsilastirmalar-1780-1914\/"},"modified":"2026-04-16T02:08:54","modified_gmt":"2026-04-15T23:08:54","slug":"modern-dunyanin-dogusu-kuresel-baglantilar-ve-karsilastirmalar-1780-1914","status":"publish","type":"product","link":"https:\/\/roveyayinevi.com.tr\/index.php\/urun\/modern-dunyanin-dogusu-kuresel-baglantilar-ve-karsilastirmalar-1780-1914\/","title":{"rendered":"Modern D\u00fcnyan\u0131n Do\u011fu\u015fu &#8211; Ku\u0308resel Ba\u011flant\u0131lar ve Kar\u015f\u0131la\u015ft\u0131rmalar &#8211; 1780-1914"},"content":{"rendered":"<p>2004\u2019te Wolfson Tarih \u00d6d\u00fcl\u00fc ve D\u00fcnya ve Uluslararas\u0131 Tarih alan\u0131nda H-Soz-u-Kult \u00d6d\u00fcl\u00fc kazanm\u0131\u015f C. A. Bayly\u2019ninModern D\u00fcnyan\u0131n Do\u011fu\u015fu kitab\u0131 ald\u0131\u011f\u0131 \u00f6d\u00fclleri ve \u00f6vg\u00fcleri her bak\u0131mdan hak ediyor. 1780\u2019den Birinci D\u00fcnya Sava\u015f\u0131\u2019na kadar bir s\u00fcreci ele alan kitapd\u00fcnyan\u0131n o tarihlerde de d\u00fc\u015f\u00fcn\u00fcld\u00fc\u011f\u00fcnden \u00e7ok daha fazla k\u00fcreselle\u015fmi\u015f oldu\u011funu ortaya koyuyor. Ayr\u0131ca bu \u00e7al\u0131\u015fma, d\u00fcnya tarihinde bug\u00fcne kadar ihmal edilmi\u015f bir\u00e7ok ba\u011flant\u0131y\u0131 ele al\u0131rken, yan\u0131 s\u0131ra Avrupa devrimleri ve Amerikan \u0130\u00e7 Sava\u015f\u0131 gibi d\u00fcnya krizlerinin \u201cdalga etkileri\u201d \u00fczerinde duruyor. \u00d6te yandan Asya, Afrika ve G\u00fcney Amerika\u2019daki olaylar\u0131n bir b\u00fct\u00fcn olarak d\u00fcnyaya etkilerini inceliyor. On dokuzuncu y\u00fczy\u0131l d\u00fcnyas\u0131ndaki modern devletin ortaya \u00e7\u0131k\u0131\u015f\u0131, End\u00fcstri Devrimi ve liberalizm gibi b\u00fcy\u00fck geli\u015fmelere farkl\u0131 bir a\u00e7\u0131dan yakla\u015fan bu \u00e7\u0131\u011f\u0131r a\u00e7\u0131c\u0131 kitap, genelde tarih \u00f6\u011fretimi ve yaz\u0131m\u0131 alan\u0131nda egemenlik kurmu\u015f b\u00f6lgesel ve milliyet\u00e7i yakla\u015f\u0131mlara meydan okuyor. G\u00f6z kama\u015ft\u0131r\u0131c\u0131 bilgeli\u011fi ve geni\u015f kapsam\u0131yla Modern D\u00fcnyan\u0131n Do\u011fu\u015fu, uzakl\u0131k tan\u0131mayan sentezin bir \u015faheseridir. Tek bir hamlede b\u00fct\u00fcn o genel on dokuzuncu y\u00fczy\u0131l tarihleri s\u0131n\u0131rl\u0131 ve yetersiz hale geldi\u2026 Bu \u00fcst\u00fcn ba\u015far\u0131yla boy \u00f6l\u00e7\u00fc\u015febilecek herhangi bir ya\u015fayan tarih\u00e7i d\u00fc\u015f\u00fcnemiyorum. Bize alk\u0131\u015flamak kal\u0131yor yaln\u0131zca. Niall Ferguson, Oxford \u00dcniversitesi <\/p>\n","protected":false},"excerpt":{"rendered":"<p>2004\u2019te Wolfson Tarih \u00d6d\u00fcl\u00fc ve D\u00fcnya ve Uluslararas\u0131 Tarih alan\u0131nda H-Soz-u-Kult \u00d6d\u00fcl\u00fc kazanm\u0131\u015f C. A. Bayly\u2019ninModern D\u00fcnyan\u0131n Do\u011fu\u015fu kitab\u0131 ald\u0131\u011f\u0131 \u00f6d\u00fclleri ve \u00f6vg\u00fcleri her bak\u0131mdan hak<span class=\"excerpt-hellip\"> [\u2026]<\/span><\/p>\n","protected":false},"featured_media":0,"template":"","meta":{"_monsterinsights_skip_tracking":false,"_monsterinsights_sitenote_active":false,"_monsterinsights_sitenote_note":"","_monsterinsights_sitenote_category":0},"product_brand":[],"product_cat":[13590,12337],"product_tag":[],"class_list":{"0":"post-699739","1":"product","2":"type-product","3":"status-publish","5":"product_cat-arastirma-inceleme-politika-siyaset","6":"product_cat-politika-siyaset","7":"pa_cilt-ciltsiz","8":"pa_tur-kitap","9":"pa_yayinevi-ayrinti-yayinlari","10":"pa_yazar-christopher-alan-bayly","12":"first","13":"instock","14":"sale","15":"shipping-taxable","16":"purchasable","17":"product-type-simple"},"_links":{"self":[{"href":"https:\/\/roveyayinevi.com.tr\/index.php\/wp-json\/wp\/v2\/product\/699739","targetHints":{"allow":["GET"]}}],"collection":[{"href":"https:\/\/roveyayinevi.com.tr\/index.php\/wp-json\/wp\/v2\/product"}],"about":[{"href":"https:\/\/roveyayinevi.com.tr\/index.php\/wp-json\/wp\/v2\/types\/product"}],"wp:attachment":[{"href":"https:\/\/roveyayinevi.com.tr\/index.php\/wp-json\/wp\/v2\/media?parent=699739"}],"wp:term":[{"taxonomy":"product_brand","embeddable":true,"href":"https:\/\/roveyayinevi.com.tr\/index.php\/wp-json\/wp\/v2\/product_brand?post=699739"},{"taxonomy":"product_cat","embeddable":true,"href":"https:\/\/roveyayinevi.com.tr\/index.php\/wp-json\/wp\/v2\/product_cat?post=699739"},{"taxonomy":"product_tag","embeddable":true,"href":"https:\/\/roveyayinevi.com.tr\/index.php\/wp-json\/wp\/v2\/product_tag?post=699739"}],"curies":[{"name":"wp","href":"https:\/\/api.w.org\/{rel}","templated":true}]}}