{"id":699738,"date":"2025-08-27T14:52:55","date_gmt":"2025-08-27T11:52:55","guid":{"rendered":"https:\/\/roveyayinevi.com.tr\/index.php\/urun\/amok-kosucusu\/"},"modified":"2026-04-16T02:08:54","modified_gmt":"2026-04-15T23:08:54","slug":"amok-kosucusu","status":"publish","type":"product","link":"https:\/\/roveyayinevi.com.tr\/index.php\/urun\/amok-kosucusu\/","title":{"rendered":"Amok Ko\u015fucusu"},"content":{"rendered":"<p>Edebiyat\u0131n \u00e7e\u015fitli dallar\u0131nda \u00f6nemli yap\u0131tlar veren ve yap\u0131tlar\u0131 d\u00fcnya dillerine \u00e7evrilen Stefan Zweig (1881-1942), insan\u0131 ve insanc\u0131ll\u0131\u011f\u0131 yap\u0131t\u0131n\u0131n oda\u011f\u0131na koymu\u015f evrensel bir yazard\u0131r. Stefan Zweig\u2019\u0131n \u00f6yk\u00fcleri, insan\u0131n ruh, duygu ve d\u00fc\u015f\u00fcnce derinliklerine, bunlar\u0131n yol a\u00e7t\u0131\u011f\u0131 davran\u0131\u015flara yo\u011funla\u015fan \u00f6yk\u00fcler olarak, yaln\u0131zca bir \u00e7a\u011f\u0131n tan\u0131kl\u0131\u011f\u0131yla yetinmeyip, insan \u00f6z\u00fcn\u00fcn \u00e7a\u011flar \u00f6tesi s\u00fcre\u011fenli\u011fiyle d\u00fcn oldu\u011fu gibi, bug\u00fcn ve yar\u0131n da ilgiyle okunacakt\u0131r. Zweig\u2019\u0131n tan\u0131nm\u0131\u015f \u00f6yk\u00fclerinden Amok Ko\u015fucusu\u2019nun ad\u0131n\u0131 ta\u015f\u0131yan kitab\u0131m\u0131zda yer alan Fantastik Gece, Ge\u00e7 \u00d6denen Bor\u00e7, K\u0131sa Bir Yaz \u00d6yk\u00fcs\u00fc, Kad\u0131n ve Do\u011fa, Bir Kad\u0131n\u0131n Ya\u015fam\u0131ndan Yirmi D\u00f6rt Saat, M\u00fcrebbiye \u00f6yk\u00fclerini de severek okuyaca\u011f\u0131n\u0131z\u0131 umuyoruz. <\/p>\n","protected":false},"excerpt":{"rendered":"<p>Edebiyat\u0131n \u00e7e\u015fitli dallar\u0131nda \u00f6nemli yap\u0131tlar veren ve yap\u0131tlar\u0131 d\u00fcnya dillerine \u00e7evrilen Stefan Zweig (1881-1942), insan\u0131 ve insanc\u0131ll\u0131\u011f\u0131 yap\u0131t\u0131n\u0131n oda\u011f\u0131na koymu\u015f evrensel bir yazard\u0131r. Stefan Zweig\u2019\u0131n \u00f6yk\u00fcleri,<span class=\"excerpt-hellip\"> [\u2026]<\/span><\/p>\n","protected":false},"featured_media":0,"template":"","meta":{"_monsterinsights_skip_tracking":false,"_monsterinsights_sitenote_active":false,"_monsterinsights_sitenote_note":"","_monsterinsights_sitenote_category":0},"product_brand":[],"product_cat":[12782,12291],"product_tag":[],"class_list":{"0":"post-699738","1":"product","2":"type-product","3":"status-publish","5":"product_cat-alman-edebiyati","6":"product_cat-edebiyat","7":"pa_cilt-ciltsiz","8":"pa_tur-kitap","9":"pa_yayinevi-cem-yayinevi","10":"pa_yazar-stefan-zweig","12":"first","13":"instock","14":"sale","15":"shipping-taxable","16":"purchasable","17":"product-type-simple"},"_links":{"self":[{"href":"https:\/\/roveyayinevi.com.tr\/index.php\/wp-json\/wp\/v2\/product\/699738","targetHints":{"allow":["GET"]}}],"collection":[{"href":"https:\/\/roveyayinevi.com.tr\/index.php\/wp-json\/wp\/v2\/product"}],"about":[{"href":"https:\/\/roveyayinevi.com.tr\/index.php\/wp-json\/wp\/v2\/types\/product"}],"wp:attachment":[{"href":"https:\/\/roveyayinevi.com.tr\/index.php\/wp-json\/wp\/v2\/media?parent=699738"}],"wp:term":[{"taxonomy":"product_brand","embeddable":true,"href":"https:\/\/roveyayinevi.com.tr\/index.php\/wp-json\/wp\/v2\/product_brand?post=699738"},{"taxonomy":"product_cat","embeddable":true,"href":"https:\/\/roveyayinevi.com.tr\/index.php\/wp-json\/wp\/v2\/product_cat?post=699738"},{"taxonomy":"product_tag","embeddable":true,"href":"https:\/\/roveyayinevi.com.tr\/index.php\/wp-json\/wp\/v2\/product_tag?post=699738"}],"curies":[{"name":"wp","href":"https:\/\/api.w.org\/{rel}","templated":true}]}}