{"id":699737,"date":"2025-08-27T14:52:54","date_gmt":"2025-08-27T11:52:54","guid":{"rendered":"https:\/\/roveyayinevi.com.tr\/index.php\/urun\/1421-cinin-dunyayi-kesfettigi-yil\/"},"modified":"2026-04-16T02:08:54","modified_gmt":"2026-04-15T23:08:54","slug":"1421-cinin-dunyayi-kesfettigi-yil","status":"publish","type":"product","link":"https:\/\/roveyayinevi.com.tr\/index.php\/urun\/1421-cinin-dunyayi-kesfettigi-yil\/","title":{"rendered":"1421 &#8211; \u00c7in\u2019in D\u00fcnyay\u0131 Ke\u015ffetti\u011fi Y\u0131l"},"content":{"rendered":"<p>D\u00fcnya Tarihini De\u011fi\u015ftirecek \u0130ddia; Amerika K\u0131tas\u0131\u2019n\u0131 \u00c7inli M\u00fcsl\u00fcman General Zheng He, Kolomb\u2019tan 70 y\u0131l \u00f6nce ke\u015ffetti! \ufffcTan\u0131t\u0131m Metni<\/p>\n","protected":false},"excerpt":{"rendered":"<p>D\u00fcnya Tarihini De\u011fi\u015ftirecek \u0130ddia; Amerika K\u0131tas\u0131\u2019n\u0131 \u00c7inli M\u00fcsl\u00fcman General Zheng He, Kolomb\u2019tan 70 y\u0131l \u00f6nce ke\u015ffetti! \ufffcTan\u0131t\u0131m Metni<\/p>\n","protected":false},"featured_media":0,"template":"","meta":{"_monsterinsights_skip_tracking":false,"_monsterinsights_sitenote_active":false,"_monsterinsights_sitenote_note":"","_monsterinsights_sitenote_category":0},"product_brand":[],"product_cat":[12305,12304],"product_tag":[],"class_list":{"0":"post-699737","1":"product","2":"type-product","3":"status-publish","5":"product_cat-dunya-tarihi","6":"product_cat-tarih","7":"pa_tur-kitap","8":"pa_yayinevi-kalkedon-yayincilik","9":"pa_yazar-gavin-menzies","11":"first","12":"instock","13":"sale","14":"shipping-taxable","15":"purchasable","16":"product-type-simple"},"_links":{"self":[{"href":"https:\/\/roveyayinevi.com.tr\/index.php\/wp-json\/wp\/v2\/product\/699737","targetHints":{"allow":["GET"]}}],"collection":[{"href":"https:\/\/roveyayinevi.com.tr\/index.php\/wp-json\/wp\/v2\/product"}],"about":[{"href":"https:\/\/roveyayinevi.com.tr\/index.php\/wp-json\/wp\/v2\/types\/product"}],"wp:attachment":[{"href":"https:\/\/roveyayinevi.com.tr\/index.php\/wp-json\/wp\/v2\/media?parent=699737"}],"wp:term":[{"taxonomy":"product_brand","embeddable":true,"href":"https:\/\/roveyayinevi.com.tr\/index.php\/wp-json\/wp\/v2\/product_brand?post=699737"},{"taxonomy":"product_cat","embeddable":true,"href":"https:\/\/roveyayinevi.com.tr\/index.php\/wp-json\/wp\/v2\/product_cat?post=699737"},{"taxonomy":"product_tag","embeddable":true,"href":"https:\/\/roveyayinevi.com.tr\/index.php\/wp-json\/wp\/v2\/product_tag?post=699737"}],"curies":[{"name":"wp","href":"https:\/\/api.w.org\/{rel}","templated":true}]}}