{"id":699734,"date":"2025-08-27T14:52:53","date_gmt":"2025-08-27T11:52:53","guid":{"rendered":"https:\/\/roveyayinevi.com.tr\/index.php\/urun\/bedenim-bana-ait\/"},"modified":"2026-04-16T02:08:54","modified_gmt":"2026-04-15T23:08:54","slug":"bedenim-bana-ait","status":"publish","type":"product","link":"https:\/\/roveyayinevi.com.tr\/index.php\/urun\/bedenim-bana-ait\/","title":{"rendered":"Bedenim Bana Ait !"},"content":{"rendered":"<p>\u201cHay\u0131r\u201d demek ve ho\u015f olmayan temaslara kar\u015f\u0131 koymak, kolay bir \u015fey de\u011fil. \u00d6zg\u00fcvenli \u00e7ocuklar, neyi isteyip neyi istemediklerini net ve rahat bir \u015fekilde s\u00f6yleyebilir. Bu y\u00fczden, \u00e7ocuklar\u0131n duygu ve bedenlerinin fark\u0131na varmalar\u0131 \u00f6nemlidir. \u00c7\u00fcnk\u00fc \u00e7ocuklar ancak b\u00f6ylece s\u0131n\u0131r koyabilir. Elinizdeki kitap, dikkat \u00e7ekici resimler ve basit metinlerle \u201ccinsel s\u0131n\u0131r ihlalleri\u201d konusunda \u00f6neri ve te\u015fviklerde bulunuyor. Almanya\u2019 da 25. y\u0131l d\u00f6n\u00fcm\u00fc sebebiyle g\u00fcncellenen \u201cBedenim bana ait\u201d g\u00fcn\u00fcm\u00fcz teknolojisi ile geli\u015fen \u00e7ocuk istismar\u0131na kar\u015f\u0131 eklenen yeni sayfalar\u0131 ve beden haritas\u0131 ile \u00e7ocuklar\u0131 konu hakk\u0131nda tart\u0131\u015fma ve d\u00fc\u015f\u00fcnmeye y\u00f6nlendiren \u00f6neriler sunmaktad\u0131r. Alman Tabipler Birli\u011fi (Die Silberne Feder) \u00c7ocuk ve Gen\u00e7lik Kitaplar\u0131 G\u00fcm\u00fc\u015f T\u00fcy \u00d6d\u00fcl\u00fc <\/p>\n","protected":false},"excerpt":{"rendered":"<p>\u201cHay\u0131r\u201d demek ve ho\u015f olmayan temaslara kar\u015f\u0131 koymak, kolay bir \u015fey de\u011fil. \u00d6zg\u00fcvenli \u00e7ocuklar, neyi isteyip neyi istemediklerini net ve rahat bir \u015fekilde s\u00f6yleyebilir. Bu y\u00fczden,<span class=\"excerpt-hellip\"> [\u2026]<\/span><\/p>\n","protected":false},"featured_media":0,"template":"","meta":{"_monsterinsights_skip_tracking":false,"_monsterinsights_sitenote_active":false,"_monsterinsights_sitenote_note":"","_monsterinsights_sitenote_category":0},"product_brand":[],"product_cat":[26509,13365],"product_tag":[],"class_list":{"0":"post-699734","1":"product","2":"type-product","3":"status-publish","5":"product_cat-cocuk-gelisimi","6":"product_cat-saglik","7":"pa_cilt-ciltsiz","8":"pa_tur-kitap","9":"pa_yayinevi-gergedan-yayinlari","10":"pa_yazar-pro-familia","12":"first","13":"instock","14":"sale","15":"shipping-taxable","16":"purchasable","17":"product-type-simple"},"_links":{"self":[{"href":"https:\/\/roveyayinevi.com.tr\/index.php\/wp-json\/wp\/v2\/product\/699734","targetHints":{"allow":["GET"]}}],"collection":[{"href":"https:\/\/roveyayinevi.com.tr\/index.php\/wp-json\/wp\/v2\/product"}],"about":[{"href":"https:\/\/roveyayinevi.com.tr\/index.php\/wp-json\/wp\/v2\/types\/product"}],"wp:attachment":[{"href":"https:\/\/roveyayinevi.com.tr\/index.php\/wp-json\/wp\/v2\/media?parent=699734"}],"wp:term":[{"taxonomy":"product_brand","embeddable":true,"href":"https:\/\/roveyayinevi.com.tr\/index.php\/wp-json\/wp\/v2\/product_brand?post=699734"},{"taxonomy":"product_cat","embeddable":true,"href":"https:\/\/roveyayinevi.com.tr\/index.php\/wp-json\/wp\/v2\/product_cat?post=699734"},{"taxonomy":"product_tag","embeddable":true,"href":"https:\/\/roveyayinevi.com.tr\/index.php\/wp-json\/wp\/v2\/product_tag?post=699734"}],"curies":[{"name":"wp","href":"https:\/\/api.w.org\/{rel}","templated":true}]}}