{"id":699728,"date":"2025-08-27T14:52:52","date_gmt":"2025-08-27T11:52:52","guid":{"rendered":"https:\/\/roveyayinevi.com.tr\/index.php\/urun\/peygamber-oykuleri-serisi-hz-eyup\/"},"modified":"2026-02-03T02:14:45","modified_gmt":"2026-02-02T23:14:45","slug":"peygamber-oykuleri-serisi-hz-eyup","status":"publish","type":"product","link":"https:\/\/roveyayinevi.com.tr\/index.php\/urun\/peygamber-oykuleri-serisi-hz-eyup\/","title":{"rendered":"Peygamber \u00d6yk\u00fcleri Serisi &#8211; Hz Ey\u00fcp"},"content":{"rendered":"<p>Ba\u015fta sevgili Peygamberimiz Hazreti Muhammed (sav) olmak \u00fczere insanl\u0131\u011fa rehberlik eden, ya\u015fay\u0131\u015flar\u0131yla bizlere \u00f6rnek olan on bir peygamberin hayat\u0131 hepimize \u0131\u015f\u0131k tutacak. \ufffcTan\u0131t\u0131m Metni<\/p>\n","protected":false},"excerpt":{"rendered":"<p>Ba\u015fta sevgili Peygamberimiz Hazreti Muhammed (sav) olmak \u00fczere insanl\u0131\u011fa rehberlik eden, ya\u015fay\u0131\u015flar\u0131yla bizlere \u00f6rnek olan on bir peygamberin hayat\u0131 hepimize \u0131\u015f\u0131k tutacak. \ufffcTan\u0131t\u0131m Metni<\/p>\n","protected":false},"featured_media":0,"template":"","meta":{"_monsterinsights_skip_tracking":false,"_monsterinsights_sitenote_active":false,"_monsterinsights_sitenote_note":"","_monsterinsights_sitenote_category":0},"product_brand":[],"product_cat":[12312,12304],"product_tag":[],"class_list":{"0":"post-699728","1":"product","2":"type-product","3":"status-publish","5":"product_cat-diger","6":"product_cat-tarih","7":"pa_cilt-ciltsiz","8":"pa_tur-kitap","9":"pa_yayinevi-timas-cocuk","10":"pa_yazar-belkis-ibrahimhakkioglu","12":"first","13":"instock","14":"sale","15":"shipping-taxable","16":"purchasable","17":"product-type-simple"},"_links":{"self":[{"href":"https:\/\/roveyayinevi.com.tr\/index.php\/wp-json\/wp\/v2\/product\/699728","targetHints":{"allow":["GET"]}}],"collection":[{"href":"https:\/\/roveyayinevi.com.tr\/index.php\/wp-json\/wp\/v2\/product"}],"about":[{"href":"https:\/\/roveyayinevi.com.tr\/index.php\/wp-json\/wp\/v2\/types\/product"}],"wp:attachment":[{"href":"https:\/\/roveyayinevi.com.tr\/index.php\/wp-json\/wp\/v2\/media?parent=699728"}],"wp:term":[{"taxonomy":"product_brand","embeddable":true,"href":"https:\/\/roveyayinevi.com.tr\/index.php\/wp-json\/wp\/v2\/product_brand?post=699728"},{"taxonomy":"product_cat","embeddable":true,"href":"https:\/\/roveyayinevi.com.tr\/index.php\/wp-json\/wp\/v2\/product_cat?post=699728"},{"taxonomy":"product_tag","embeddable":true,"href":"https:\/\/roveyayinevi.com.tr\/index.php\/wp-json\/wp\/v2\/product_tag?post=699728"}],"curies":[{"name":"wp","href":"https:\/\/api.w.org\/{rel}","templated":true}]}}