{"id":699725,"date":"2025-08-27T14:52:51","date_gmt":"2025-08-27T11:52:51","guid":{"rendered":"https:\/\/roveyayinevi.com.tr\/index.php\/urun\/unlulerle-bir-gun-seti-10-kitap-takim\/"},"modified":"2026-04-16T02:08:54","modified_gmt":"2026-04-15T23:08:54","slug":"unlulerle-bir-gun-seti-10-kitap-takim","status":"publish","type":"product","link":"https:\/\/roveyayinevi.com.tr\/index.php\/urun\/unlulerle-bir-gun-seti-10-kitap-takim\/","title":{"rendered":"\u00dcnl\u00fclerle Bir G\u00fcn Seti (10 Kitap Tak\u0131m)"},"content":{"rendered":"<p>Sevgili \u00c7ocuklar! Muhte\u015fem bir yolculu\u011fa haz\u0131r m\u0131s\u0131n\u0131z? Hem De Bilet Almadan\u2026\u00dcnl\u00fclerle Bir G\u00fcn serisi sizi hi\u00e7 unutamayaca\u011f\u0131n\u0131z bir maceraya davet ediyor\u2026 Piri Reis&#8217;le ilk d\u00fcnya haritas\u0131n\u0131 \u00e7izecek, Yunus Emre ve Mevlana ile t\u00fcm evreni sevecek, Mehmet Akif&#8217;le istiklal mar\u015f\u0131m\u0131z\u0131 yazacaks\u0131n\u0131z\u2026Bunlarla kalmay\u0131p; Fatih&#8217;le \u0130stanbul&#8217;u fethedecek, Barbaros&#8217;la denizlere a\u00e7\u0131lacak, Mimar Sinan&#8217;la e\u015fsiz eserler in\u015fa edeceksiniz. Evliya \u00c7elebi&#8217;yle \u00fclke \u00fclke gezecek, \u0130bn-i Sina ile \u015fifa da\u011f\u0131tacak, Hezarfen&#8217;le ku\u015f gibi u\u00e7acaks\u0131n\u0131z! Bir g\u00fcvercinin kendisine getirdi\u011fi bir anahtar sayesinde, zamanda yolculuk yapan kahraman\u0131m\u0131z Murat, zamanda yolculu\u011fa \u00e7\u0131kt\u0131 ve b\u00fct\u00fcn bunlar\u0131 ya\u015fad\u0131. \u015eimdi s\u0131ra sizde! Bu f\u0131rsat\u0131 ka\u00e7\u0131rmay\u0131n!Kim bilir&#8230; Belki bir g\u00fcn bu g\u00fcvercin size de bir anahtar getirebilir.\u0130\u00e7indekiler:Barbaros&#8217;la Bir G\u00fcnEvliya \u00c7elebi&#8217;yle Bir G\u00fcnFatih&#8217;le Bir G\u00fcnHezarfen&#8217;le Bir G\u00fcn\u0130bni Sina&#8217;yla Bir G\u00fcnMehmet Akif&#8217;le Bir G\u00fcnMevlana&#8217;yla Bir G\u00fcnMimar Sinan&#8217;la Bir G\u00fcnPiri Reis&#8217;le Bir G\u00fcnYunus Emre&#8217;yle Bir G\u00fcn<\/p>\n","protected":false},"excerpt":{"rendered":"<p>Sevgili \u00c7ocuklar! Muhte\u015fem bir yolculu\u011fa haz\u0131r m\u0131s\u0131n\u0131z? Hem De Bilet Almadan\u2026\u00dcnl\u00fclerle Bir G\u00fcn serisi sizi hi\u00e7 unutamayaca\u011f\u0131n\u0131z bir maceraya davet ediyor\u2026 Piri Reis&#8217;le ilk d\u00fcnya haritas\u0131n\u0131<span class=\"excerpt-hellip\"> [\u2026]<\/span><\/p>\n","protected":false},"featured_media":0,"template":"","meta":{"_monsterinsights_skip_tracking":false,"_monsterinsights_sitenote_active":false,"_monsterinsights_sitenote_note":"","_monsterinsights_sitenote_category":0},"product_brand":[],"product_cat":[12275,12274],"product_tag":[],"class_list":{"0":"post-699725","1":"product","2":"type-product","3":"status-publish","5":"product_cat-6-12-yas-kitaplari","6":"product_cat-cocuk-ve-genclik-kitaplari","7":"pa_cilt-set","8":"pa_tur-kitap","9":"pa_yayinevi-timas-cocuk","10":"pa_yazar-mustafa-orakci","12":"first","13":"instock","14":"sale","15":"shipping-taxable","16":"purchasable","17":"product-type-simple"},"_links":{"self":[{"href":"https:\/\/roveyayinevi.com.tr\/index.php\/wp-json\/wp\/v2\/product\/699725","targetHints":{"allow":["GET"]}}],"collection":[{"href":"https:\/\/roveyayinevi.com.tr\/index.php\/wp-json\/wp\/v2\/product"}],"about":[{"href":"https:\/\/roveyayinevi.com.tr\/index.php\/wp-json\/wp\/v2\/types\/product"}],"wp:attachment":[{"href":"https:\/\/roveyayinevi.com.tr\/index.php\/wp-json\/wp\/v2\/media?parent=699725"}],"wp:term":[{"taxonomy":"product_brand","embeddable":true,"href":"https:\/\/roveyayinevi.com.tr\/index.php\/wp-json\/wp\/v2\/product_brand?post=699725"},{"taxonomy":"product_cat","embeddable":true,"href":"https:\/\/roveyayinevi.com.tr\/index.php\/wp-json\/wp\/v2\/product_cat?post=699725"},{"taxonomy":"product_tag","embeddable":true,"href":"https:\/\/roveyayinevi.com.tr\/index.php\/wp-json\/wp\/v2\/product_tag?post=699725"}],"curies":[{"name":"wp","href":"https:\/\/api.w.org\/{rel}","templated":true}]}}