{"id":699721,"date":"2025-08-27T14:52:50","date_gmt":"2025-08-27T11:52:50","guid":{"rendered":"https:\/\/roveyayinevi.com.tr\/index.php\/urun\/gizemli-ikizler-simendifer-cocuklari\/"},"modified":"2026-04-16T02:08:54","modified_gmt":"2026-04-15T23:08:54","slug":"gizemli-ikizler-simendifer-cocuklari","status":"publish","type":"product","link":"https:\/\/roveyayinevi.com.tr\/index.php\/urun\/gizemli-ikizler-simendifer-cocuklari\/","title":{"rendered":"Gizemli \u0130kizler &#8211; \u015eimendifer \u00c7ocuklar\u0131"},"content":{"rendered":"<p>\u015eimendifer \u00c7ocuklar\u0131&#8217;n\u0131 ilgin\u00e7 olaylar, s\u0131rlar; heyecanl\u0131, aksiyonlu dakikalar bekliyor&#8230; \u015eimendifer \u00c7ocuklar\u0131&#8217;n\u0131n ak\u0131ll\u0131 ve bilgili ikizleri Kerim ve Selim, yaln\u0131zca ikizlerin kat\u0131ld\u0131\u011f\u0131 bir yar\u0131\u015fmada \u00f6n elemeyi ge\u00e7ip \u015fehirde yap\u0131lacak yar\u0131\u015fmaya gitmeye hak kazan\u0131r. Grubun di\u011fer \u00fcyeleri de en az onlar kadar heyecanlan\u0131rlar. Hele arkada\u015flar\u0131yla birlikte gidebileceklerini \u00f6\u011frenince \u00e7ok sevinirler. Hummal\u0131 bir \u00e7al\u0131\u015fma ba\u015flar. Arkada\u015flar\u0131 ikizleri yar\u0131\u015fma i\u00e7in haz\u0131rlar ve o g\u00fcn geldi\u011finde hep beraber yola koyulurlar. Yolda ba\u015flar\u0131na gelmedik kalmaz. Ama as\u0131l olaylar hen\u00fcz ba\u015flamam\u0131\u015ft\u0131r. <\/p>\n","protected":false},"excerpt":{"rendered":"<p>\u015eimendifer \u00c7ocuklar\u0131&#8217;n\u0131 ilgin\u00e7 olaylar, s\u0131rlar; heyecanl\u0131, aksiyonlu dakikalar bekliyor&#8230; \u015eimendifer \u00c7ocuklar\u0131&#8217;n\u0131n ak\u0131ll\u0131 ve bilgili ikizleri Kerim ve Selim, yaln\u0131zca ikizlerin kat\u0131ld\u0131\u011f\u0131 bir yar\u0131\u015fmada \u00f6n elemeyi ge\u00e7ip<span class=\"excerpt-hellip\"> [\u2026]<\/span><\/p>\n","protected":false},"featured_media":0,"template":"","meta":{"_monsterinsights_skip_tracking":false,"_monsterinsights_sitenote_active":false,"_monsterinsights_sitenote_note":"","_monsterinsights_sitenote_category":0},"product_brand":[],"product_cat":[12274,12284],"product_tag":[],"class_list":{"0":"post-699721","1":"product","2":"type-product","3":"status-publish","5":"product_cat-cocuk-ve-genclik-kitaplari","6":"product_cat-hikayeler","7":"pa_cilt-ciltsiz","8":"pa_tur-kitap","9":"pa_yayinevi-timas-cocuk","10":"pa_yazar-esra-agaoglu","12":"first","13":"instock","14":"sale","15":"shipping-taxable","16":"purchasable","17":"product-type-simple"},"_links":{"self":[{"href":"https:\/\/roveyayinevi.com.tr\/index.php\/wp-json\/wp\/v2\/product\/699721","targetHints":{"allow":["GET"]}}],"collection":[{"href":"https:\/\/roveyayinevi.com.tr\/index.php\/wp-json\/wp\/v2\/product"}],"about":[{"href":"https:\/\/roveyayinevi.com.tr\/index.php\/wp-json\/wp\/v2\/types\/product"}],"wp:attachment":[{"href":"https:\/\/roveyayinevi.com.tr\/index.php\/wp-json\/wp\/v2\/media?parent=699721"}],"wp:term":[{"taxonomy":"product_brand","embeddable":true,"href":"https:\/\/roveyayinevi.com.tr\/index.php\/wp-json\/wp\/v2\/product_brand?post=699721"},{"taxonomy":"product_cat","embeddable":true,"href":"https:\/\/roveyayinevi.com.tr\/index.php\/wp-json\/wp\/v2\/product_cat?post=699721"},{"taxonomy":"product_tag","embeddable":true,"href":"https:\/\/roveyayinevi.com.tr\/index.php\/wp-json\/wp\/v2\/product_tag?post=699721"}],"curies":[{"name":"wp","href":"https:\/\/api.w.org\/{rel}","templated":true}]}}