{"id":699720,"date":"2025-08-27T14:52:50","date_gmt":"2025-08-27T11:52:50","guid":{"rendered":"https:\/\/roveyayinevi.com.tr\/index.php\/urun\/hayvanlar-atlasi\/"},"modified":"2026-04-16T02:08:54","modified_gmt":"2026-04-15T23:08:54","slug":"hayvanlar-atlasi","status":"publish","type":"product","link":"https:\/\/roveyayinevi.com.tr\/index.php\/urun\/hayvanlar-atlasi\/","title":{"rendered":"Hayvanlar Atlas\u0131"},"content":{"rendered":"<p>Komodo ejderi nerede ya\u015far? D\u00fcnyan\u0131n hangi b\u00f6lgesinde bir tek a\u011fa\u00e7ta 1500\u2019den fazla t\u00fcr ya\u015fayabilir? D\u00fcnya\u2019daki farkl\u0131 ya\u015fam alanlar\u0131na bir gezi yap\u0131p, ola\u011fan\u00fcst\u00fc ilgin\u00e7 hayvanlarla tan\u0131\u015f\u0131n. Hayvanlar\u0131n nas\u0131l ya\u015fad\u0131klar\u0131n\u0131 \u00f6\u011frenin. Ayr\u0131nt\u0131l\u0131 haritalar ve resimler gezilerinizi \u00e7ok daha renkli hale getirecek.<\/p>\n","protected":false},"excerpt":{"rendered":"<p>Komodo ejderi nerede ya\u015far? D\u00fcnyan\u0131n hangi b\u00f6lgesinde bir tek a\u011fa\u00e7ta 1500\u2019den fazla t\u00fcr ya\u015fayabilir? D\u00fcnya\u2019daki farkl\u0131 ya\u015fam alanlar\u0131na bir gezi yap\u0131p, ola\u011fan\u00fcst\u00fc ilgin\u00e7 hayvanlarla tan\u0131\u015f\u0131n. Hayvanlar\u0131n<span class=\"excerpt-hellip\"> [\u2026]<\/span><\/p>\n","protected":false},"featured_media":0,"template":"","meta":{"_monsterinsights_skip_tracking":false,"_monsterinsights_sitenote_active":false,"_monsterinsights_sitenote_note":"","_monsterinsights_sitenote_category":0},"product_brand":[],"product_cat":[12274,15842],"product_tag":[],"class_list":{"0":"post-699720","1":"product","2":"type-product","3":"status-publish","5":"product_cat-cocuk-ve-genclik-kitaplari","6":"product_cat-egitici-kitaplar","7":"pa_cilt-ciltsiz","8":"pa_tur-kitap","9":"pa_yayinevi-is-bankasi-kultur-yayinlari","10":"pa_yazar-anita-ganeri","12":"first","13":"instock","14":"sale","15":"shipping-taxable","16":"purchasable","17":"product-type-simple"},"_links":{"self":[{"href":"https:\/\/roveyayinevi.com.tr\/index.php\/wp-json\/wp\/v2\/product\/699720","targetHints":{"allow":["GET"]}}],"collection":[{"href":"https:\/\/roveyayinevi.com.tr\/index.php\/wp-json\/wp\/v2\/product"}],"about":[{"href":"https:\/\/roveyayinevi.com.tr\/index.php\/wp-json\/wp\/v2\/types\/product"}],"wp:attachment":[{"href":"https:\/\/roveyayinevi.com.tr\/index.php\/wp-json\/wp\/v2\/media?parent=699720"}],"wp:term":[{"taxonomy":"product_brand","embeddable":true,"href":"https:\/\/roveyayinevi.com.tr\/index.php\/wp-json\/wp\/v2\/product_brand?post=699720"},{"taxonomy":"product_cat","embeddable":true,"href":"https:\/\/roveyayinevi.com.tr\/index.php\/wp-json\/wp\/v2\/product_cat?post=699720"},{"taxonomy":"product_tag","embeddable":true,"href":"https:\/\/roveyayinevi.com.tr\/index.php\/wp-json\/wp\/v2\/product_tag?post=699720"}],"curies":[{"name":"wp","href":"https:\/\/api.w.org\/{rel}","templated":true}]}}