{"id":699719,"date":"2025-08-27T14:52:49","date_gmt":"2025-08-27T11:52:49","guid":{"rendered":"https:\/\/roveyayinevi.com.tr\/index.php\/urun\/hayvanat-bahcesinde-bir-gun\/"},"modified":"2025-10-26T20:53:48","modified_gmt":"2025-10-26T17:53:48","slug":"hayvanat-bahcesinde-bir-gun","status":"publish","type":"product","link":"https:\/\/roveyayinevi.com.tr\/index.php\/urun\/hayvanat-bahcesinde-bir-gun\/","title":{"rendered":"Hayvanat Bah\u00e7esinde Bir G\u00fcn"},"content":{"rendered":"<p>Bulmacalar ve Oyunlar \u00c7ok y\u00f6nl\u00fc konsantrasyon al\u0131\u015ft\u0131rmalar\u0131 Boyanacak bir\u00e7ok resim Elif, annesi, babas\u0131 ve karde\u015fi Cemil hayvanat bah\u00e7esine gitmi\u015fler. Hayvanat bah\u00e7esinde ke\u015ffedilecek bir\u00e7ok ilgin\u00e7 hayvan ve k\u00f6\u015fe var. Elif\u2019le birlikte bulmacalar\u0131 \u00e7\u00f6zerek ve boyama sayfalar\u0131n\u0131 boyayarak bu e\u011flenceli hayvanat bah\u00e7esi gezisine sen de kat\u0131labilirsin. \ufffcTan\u0131t\u0131m Metni<\/p>\n","protected":false},"excerpt":{"rendered":"<p>Bulmacalar ve Oyunlar \u00c7ok y\u00f6nl\u00fc konsantrasyon al\u0131\u015ft\u0131rmalar\u0131 Boyanacak bir\u00e7ok resim Elif, annesi, babas\u0131 ve karde\u015fi Cemil hayvanat bah\u00e7esine gitmi\u015fler. Hayvanat bah\u00e7esinde ke\u015ffedilecek bir\u00e7ok ilgin\u00e7 hayvan ve<span class=\"excerpt-hellip\"> [\u2026]<\/span><\/p>\n","protected":false},"featured_media":0,"template":"","meta":{"_monsterinsights_skip_tracking":false,"_monsterinsights_sitenote_active":false,"_monsterinsights_sitenote_note":"","_monsterinsights_sitenote_category":0},"product_brand":[],"product_cat":[12492,12274],"product_tag":[],"class_list":{"0":"post-699719","1":"product","2":"type-product","3":"status-publish","5":"product_cat-bilmece-bulmaca","6":"product_cat-cocuk-ve-genclik-kitaplari","7":"pa_cilt-ciltsiz","8":"pa_tur-kitap","9":"pa_yayinevi-is-bankasi-kultur-yayinlari","10":"pa_yazar-hanna-sorensen","12":"first","13":"instock","14":"sale","15":"shipping-taxable","16":"purchasable","17":"product-type-simple"},"_links":{"self":[{"href":"https:\/\/roveyayinevi.com.tr\/index.php\/wp-json\/wp\/v2\/product\/699719","targetHints":{"allow":["GET"]}}],"collection":[{"href":"https:\/\/roveyayinevi.com.tr\/index.php\/wp-json\/wp\/v2\/product"}],"about":[{"href":"https:\/\/roveyayinevi.com.tr\/index.php\/wp-json\/wp\/v2\/types\/product"}],"wp:attachment":[{"href":"https:\/\/roveyayinevi.com.tr\/index.php\/wp-json\/wp\/v2\/media?parent=699719"}],"wp:term":[{"taxonomy":"product_brand","embeddable":true,"href":"https:\/\/roveyayinevi.com.tr\/index.php\/wp-json\/wp\/v2\/product_brand?post=699719"},{"taxonomy":"product_cat","embeddable":true,"href":"https:\/\/roveyayinevi.com.tr\/index.php\/wp-json\/wp\/v2\/product_cat?post=699719"},{"taxonomy":"product_tag","embeddable":true,"href":"https:\/\/roveyayinevi.com.tr\/index.php\/wp-json\/wp\/v2\/product_tag?post=699719"}],"curies":[{"name":"wp","href":"https:\/\/api.w.org\/{rel}","templated":true}]}}