{"id":699718,"date":"2025-08-27T14:52:49","date_gmt":"2025-08-27T11:52:49","guid":{"rendered":"https:\/\/roveyayinevi.com.tr\/index.php\/urun\/oyun-oyunseverlik-yaraticilik-ve-bulus\/"},"modified":"2026-04-16T02:08:54","modified_gmt":"2026-04-15T23:08:54","slug":"oyun-oyunseverlik-yaraticilik-ve-bulus","status":"publish","type":"product","link":"https:\/\/roveyayinevi.com.tr\/index.php\/urun\/oyun-oyunseverlik-yaraticilik-ve-bulus\/","title":{"rendered":"Oyun, Oyunseverlik ,Yarat\u0131c\u0131l\u0131k ve Bulu\u015f"},"content":{"rendered":"<p>Yazarlar, geni\u015f bir biyolojik spektrum boyunca yarat\u0131c\u0131 s\u00fcre\u00e7lerin k\u00f6kenleriyle ili\u015fkilendirmede g\u00f6sterdikleri ba\u015far\u0131l\u0131 \u00e7abalar\u0131nda \u00f6nceki oyun kavramlar\u0131na bilgilendirici \u015fekilde ince ayar yap\u0131yorlar. Kitapta yarat\u0131c\u0131 geli\u015fim se\u00e7eneklerinin itici g\u00fcc\u00fc olarak oyun, ayr\u0131 bir bulu\u015f s\u00fcreci arac\u0131l\u0131\u011f\u0131yla davran\u0131\u015fsal ve sosyal repertuarda b\u00fct\u00fcnle\u015fmek i\u00e7in bir davran\u0131\u015fsal yenilik kayna\u011f\u0131 olarak oyun ve bireysellik ve toplumun daha kapsaml\u0131 sorunlar\u0131na y\u00f6nelik d\u00fc\u015f\u00fcnceler ve yakla\u015f\u0131mlar kayna\u011f\u0131 olarak oyun \u015feklinde genel ilgi \u00e7eken ana temalar bir eser \u00fcretmek i\u00e7in birlikte ele al\u0131n\u0131yor. Robert M. Fagen Bateson ve Martin, oyun i\u015flevleri konusunda yarat\u0131c\u0131l\u0131k olu\u015fturmak ve bulu\u015f\u00e7ulu\u011fu te\u015fvik etmek bak\u0131m\u0131ndan bir cevap sunmaktad\u0131rlar. Bu, tekd\u00fczelikten s\u0131yr\u0131lmak ve hayat\u0131n zorluklar\u0131na daha iyi \u00e7\u00f6z\u00fcmler bulmak y\u00f6n\u00fcnde bir adaptasyondur. Hayvan\u0131n bilme yetisinden \u00e7ocuk geli\u015fimine, hayal kurmaya ve hezeyana yol a\u00e7an ila\u00e7lara\/uyu\u015fturuculara kadar uzanan konularda \u00e7ok g\u00fczel ve anla\u015f\u0131l\u0131r \u015fekilde yaz\u0131lm\u0131\u015f olmas\u0131yla ve bunlar\u0131 kapsayan farkl\u0131 yay\u0131nlar\u0131 i\u00e7ermesiyle, Bateson ve Martin\u2019in metni m\u00fckemmel \u015fekilde okunabilir h\u00e2ldedir ve olduk\u00e7a ihtiya\u00e7 duyulan bir bilimsel oyun bilgisi \u00f6zetini sunmaktad\u0131r. \u201d<\/p>\n","protected":false},"excerpt":{"rendered":"<p>Yazarlar, geni\u015f bir biyolojik spektrum boyunca yarat\u0131c\u0131 s\u00fcre\u00e7lerin k\u00f6kenleriyle ili\u015fkilendirmede g\u00f6sterdikleri ba\u015far\u0131l\u0131 \u00e7abalar\u0131nda \u00f6nceki oyun kavramlar\u0131na bilgilendirici \u015fekilde ince ayar yap\u0131yorlar. Kitapta yarat\u0131c\u0131 geli\u015fim se\u00e7eneklerinin itici<span class=\"excerpt-hellip\"> [\u2026]<\/span><\/p>\n","protected":false},"featured_media":0,"template":"","meta":{"_monsterinsights_skip_tracking":false,"_monsterinsights_sitenote_active":false,"_monsterinsights_sitenote_note":"","_monsterinsights_sitenote_category":0},"product_brand":[],"product_cat":[12358,12357],"product_tag":[],"class_list":{"0":"post-699718","1":"product","2":"type-product","3":"status-publish","5":"product_cat-genel-psikoloji","6":"product_cat-psikoloji","7":"pa_cilt-ciltsiz","8":"pa_tur-kitap","9":"pa_yayinevi-ayrinti-yayinlari","10":"pa_yazar-paul-martin","12":"first","13":"instock","14":"sale","15":"shipping-taxable","16":"purchasable","17":"product-type-simple"},"_links":{"self":[{"href":"https:\/\/roveyayinevi.com.tr\/index.php\/wp-json\/wp\/v2\/product\/699718","targetHints":{"allow":["GET"]}}],"collection":[{"href":"https:\/\/roveyayinevi.com.tr\/index.php\/wp-json\/wp\/v2\/product"}],"about":[{"href":"https:\/\/roveyayinevi.com.tr\/index.php\/wp-json\/wp\/v2\/types\/product"}],"wp:attachment":[{"href":"https:\/\/roveyayinevi.com.tr\/index.php\/wp-json\/wp\/v2\/media?parent=699718"}],"wp:term":[{"taxonomy":"product_brand","embeddable":true,"href":"https:\/\/roveyayinevi.com.tr\/index.php\/wp-json\/wp\/v2\/product_brand?post=699718"},{"taxonomy":"product_cat","embeddable":true,"href":"https:\/\/roveyayinevi.com.tr\/index.php\/wp-json\/wp\/v2\/product_cat?post=699718"},{"taxonomy":"product_tag","embeddable":true,"href":"https:\/\/roveyayinevi.com.tr\/index.php\/wp-json\/wp\/v2\/product_tag?post=699718"}],"curies":[{"name":"wp","href":"https:\/\/api.w.org\/{rel}","templated":true}]}}