{"id":699716,"date":"2025-08-27T14:52:48","date_gmt":"2025-08-27T11:52:48","guid":{"rendered":"https:\/\/roveyayinevi.com.tr\/index.php\/urun\/ilkogretim-resimli-turkce-sozluk-2\/"},"modified":"2026-04-16T02:08:54","modified_gmt":"2026-04-15T23:08:54","slug":"ilkogretim-resimli-turkce-sozluk-2","status":"publish","type":"product","link":"https:\/\/roveyayinevi.com.tr\/index.php\/urun\/ilkogretim-resimli-turkce-sozluk-2\/","title":{"rendered":"\u0130lk\u00f6\u011fretim Resimli T\u00fcrk\u00e7e S\u00f6zl\u00fck"},"content":{"rendered":"<p>\u0130lkokul d\u00fczeyi i\u00e7in haz\u0131rlanan bu s\u00f6zl\u00fc\u011f\u00fcn tamam\u0131 renkli ve resimlidir. Tecr\u00fcbeli edebiyat\u00e7\u0131lar Aziz Sivasl\u0131o\u011flu ve Ayhan T\u00fcrkmen\u2019in haz\u0131rlad\u0131\u011f\u0131 s\u00f6zl\u00fck alan\u0131n\u0131n ilki ve en niteliklisi olma \u00f6zelli\u011fi ta\u015f\u0131maktad\u0131r. <\/p>\n","protected":false},"excerpt":{"rendered":"<p>\u0130lkokul d\u00fczeyi i\u00e7in haz\u0131rlanan bu s\u00f6zl\u00fc\u011f\u00fcn tamam\u0131 renkli ve resimlidir. Tecr\u00fcbeli edebiyat\u00e7\u0131lar Aziz Sivasl\u0131o\u011flu ve Ayhan T\u00fcrkmen\u2019in haz\u0131rlad\u0131\u011f\u0131 s\u00f6zl\u00fck alan\u0131n\u0131n ilki ve en niteliklisi olma \u00f6zelli\u011fi<span class=\"excerpt-hellip\"> [\u2026]<\/span><\/p>\n","protected":false},"featured_media":0,"template":"","meta":{"_monsterinsights_skip_tracking":false,"_monsterinsights_sitenote_active":false,"_monsterinsights_sitenote_note":"","_monsterinsights_sitenote_category":0},"product_brand":[],"product_cat":[12566,13611,19496],"product_tag":[],"class_list":{"0":"post-699716","1":"product","2":"type-product","3":"status-publish","5":"product_cat-egitim","6":"product_cat-sozlukler-ve-konusma-kilavuzlari","7":"product_cat-turkce-sozlukler","8":"pa_cilt-ciltsiz","9":"pa_tur-kitap","10":"pa_yayinevi-ozyurek-yayinlari","11":"pa_yazar-aziz-sivaslioglu","13":"first","14":"instock","15":"sale","16":"shipping-taxable","17":"purchasable","18":"product-type-simple"},"_links":{"self":[{"href":"https:\/\/roveyayinevi.com.tr\/index.php\/wp-json\/wp\/v2\/product\/699716","targetHints":{"allow":["GET"]}}],"collection":[{"href":"https:\/\/roveyayinevi.com.tr\/index.php\/wp-json\/wp\/v2\/product"}],"about":[{"href":"https:\/\/roveyayinevi.com.tr\/index.php\/wp-json\/wp\/v2\/types\/product"}],"wp:attachment":[{"href":"https:\/\/roveyayinevi.com.tr\/index.php\/wp-json\/wp\/v2\/media?parent=699716"}],"wp:term":[{"taxonomy":"product_brand","embeddable":true,"href":"https:\/\/roveyayinevi.com.tr\/index.php\/wp-json\/wp\/v2\/product_brand?post=699716"},{"taxonomy":"product_cat","embeddable":true,"href":"https:\/\/roveyayinevi.com.tr\/index.php\/wp-json\/wp\/v2\/product_cat?post=699716"},{"taxonomy":"product_tag","embeddable":true,"href":"https:\/\/roveyayinevi.com.tr\/index.php\/wp-json\/wp\/v2\/product_tag?post=699716"}],"curies":[{"name":"wp","href":"https:\/\/api.w.org\/{rel}","templated":true}]}}