{"id":699715,"date":"2025-08-27T14:52:48","date_gmt":"2025-08-27T11:52:48","guid":{"rendered":"https:\/\/roveyayinevi.com.tr\/index.php\/urun\/profesor-iyon-ile-fen-en-havali-yarisma\/"},"modified":"2026-04-16T02:08:54","modified_gmt":"2026-04-15T23:08:54","slug":"profesor-iyon-ile-fen-en-havali-yarisma","status":"publish","type":"product","link":"https:\/\/roveyayinevi.com.tr\/index.php\/urun\/profesor-iyon-ile-fen-en-havali-yarisma\/","title":{"rendered":"Profes\u00f6r \u0130yon \u0130le Fen : En Haval\u0131 Yar\u0131\u015fma"},"content":{"rendered":"<p>Mert ve Alper bilime merakl\u0131 ikiz karde\u015flerdir. O g\u00fcn yeni \u00f6\u011frendikleri konu ile ilgili deney yapmak isterler ancak anneleri uyudu\u011fu i\u00e7in yapamazlar. Bu durum i\u00e7lerinde kal\u0131r. Neyse ki \u00e7ocuklara yard\u0131m etmeyi g\u00f6rev edinmi\u015f Fen Gezegeni\u2019nin Ba\u015fkan\u0131 Profes\u00f6r \u0130yon vard\u0131r. Sadece s\u0131k\u0131nt\u0131 ya\u015fayanlar\u0131n problemlerini \u00e7\u00f6zmek de\u011fil, problemi olmayanlar\u0131n da \u00f6\u011frenme iste\u011fini diri tutmak onun g\u00f6revlerindendir. Uzman\u0131 Baz sayesinde ikizlerin r\u00fcyalar\u0131 keyifli bir yar\u0131\u015fmaya d\u00f6n\u00fc\u015f\u00fcr. Maddenin h\u00e2lleri art\u0131k ikizler i\u00e7in \u00e7ok basittir! Okurlar bu keyifli ve \u00f6\u011fretici \u00f6yk\u00fclere bay\u0131lacaklar! <\/p>\n","protected":false},"excerpt":{"rendered":"<p>Mert ve Alper bilime merakl\u0131 ikiz karde\u015flerdir. O g\u00fcn yeni \u00f6\u011frendikleri konu ile ilgili deney yapmak isterler ancak anneleri uyudu\u011fu i\u00e7in yapamazlar. Bu durum i\u00e7lerinde kal\u0131r.<span class=\"excerpt-hellip\"> [\u2026]<\/span><\/p>\n","protected":false},"featured_media":0,"template":"","meta":{"_monsterinsights_skip_tracking":false,"_monsterinsights_sitenote_active":false,"_monsterinsights_sitenote_note":"","_monsterinsights_sitenote_category":0},"product_brand":[],"product_cat":[13829,12274],"product_tag":[],"class_list":{"0":"post-699715","1":"product","2":"type-product","3":"status-publish","5":"product_cat-bilimsel-kitaplar","6":"product_cat-cocuk-ve-genclik-kitaplari","7":"pa_cilt-ciltsiz","8":"pa_tur-kitap","9":"pa_yayinevi-timas-cocuk","10":"pa_yazar-birsen-ekim-ozen","12":"first","13":"instock","14":"sale","15":"shipping-taxable","16":"purchasable","17":"product-type-simple"},"_links":{"self":[{"href":"https:\/\/roveyayinevi.com.tr\/index.php\/wp-json\/wp\/v2\/product\/699715","targetHints":{"allow":["GET"]}}],"collection":[{"href":"https:\/\/roveyayinevi.com.tr\/index.php\/wp-json\/wp\/v2\/product"}],"about":[{"href":"https:\/\/roveyayinevi.com.tr\/index.php\/wp-json\/wp\/v2\/types\/product"}],"wp:attachment":[{"href":"https:\/\/roveyayinevi.com.tr\/index.php\/wp-json\/wp\/v2\/media?parent=699715"}],"wp:term":[{"taxonomy":"product_brand","embeddable":true,"href":"https:\/\/roveyayinevi.com.tr\/index.php\/wp-json\/wp\/v2\/product_brand?post=699715"},{"taxonomy":"product_cat","embeddable":true,"href":"https:\/\/roveyayinevi.com.tr\/index.php\/wp-json\/wp\/v2\/product_cat?post=699715"},{"taxonomy":"product_tag","embeddable":true,"href":"https:\/\/roveyayinevi.com.tr\/index.php\/wp-json\/wp\/v2\/product_tag?post=699715"}],"curies":[{"name":"wp","href":"https:\/\/api.w.org\/{rel}","templated":true}]}}