{"id":699714,"date":"2025-08-27T14:52:48","date_gmt":"2025-08-27T11:52:48","guid":{"rendered":"https:\/\/roveyayinevi.com.tr\/index.php\/urun\/profesor-iyon-ile-fen-kup-pesinde-macera\/"},"modified":"2026-04-16T02:08:54","modified_gmt":"2026-04-15T23:08:54","slug":"profesor-iyon-ile-fen-kup-pesinde-macera","status":"publish","type":"product","link":"https:\/\/roveyayinevi.com.tr\/index.php\/urun\/profesor-iyon-ile-fen-kup-pesinde-macera\/","title":{"rendered":"Profes\u00f6r \u0130yon \u0130le Fen : K\u00fcp Pe\u015finde Macera"},"content":{"rendered":"<p>G\u00fcnay \u00e7al\u0131\u015fkan m\u0131 \u00e7al\u0131\u015fkan bir \u00e7ocuktur. Ancak \u00fczerindeki a\u011f\u0131r sorumluluklar onun derslerine yeteri kadar zaman\u0131 ay\u0131rmas\u0131n\u0131 engellemektedir. Neyse ki \u00e7ocuklara yard\u0131m etmeyi g\u00f6rev edinmi\u015f Fen Gezegeni\u2019nin Ba\u015fkan\u0131 Profes\u00f6r \u0130yon vard\u0131r. Uzman\u0131 Ohm sayesinde G\u00fcnay, maddi olarak ya\u015fad\u0131\u011f\u0131 s\u0131k\u0131nt\u0131lar\u0131 a\u015far, derste son i\u015fledikleri maddenin \u00f6l\u00e7\u00fclebilir \u00f6zellikleri konusunu iyice \u00f6\u011frenir ve kendisini tuhaf bir \u00fcniversitede, heyecanl\u0131 bir maceran\u0131n i\u00e7inde bulur. Okurlar bu keyifli ve \u00f6\u011fretici \u00f6yk\u00fclere bay\u0131lacaklar! <\/p>\n","protected":false},"excerpt":{"rendered":"<p>G\u00fcnay \u00e7al\u0131\u015fkan m\u0131 \u00e7al\u0131\u015fkan bir \u00e7ocuktur. Ancak \u00fczerindeki a\u011f\u0131r sorumluluklar onun derslerine yeteri kadar zaman\u0131 ay\u0131rmas\u0131n\u0131 engellemektedir. Neyse ki \u00e7ocuklara yard\u0131m etmeyi g\u00f6rev edinmi\u015f Fen Gezegeni\u2019nin<span class=\"excerpt-hellip\"> [\u2026]<\/span><\/p>\n","protected":false},"featured_media":0,"template":"","meta":{"_monsterinsights_skip_tracking":false,"_monsterinsights_sitenote_active":false,"_monsterinsights_sitenote_note":"","_monsterinsights_sitenote_category":0},"product_brand":[],"product_cat":[13829,12274],"product_tag":[],"class_list":{"0":"post-699714","1":"product","2":"type-product","3":"status-publish","5":"product_cat-bilimsel-kitaplar","6":"product_cat-cocuk-ve-genclik-kitaplari","7":"pa_cilt-ciltsiz","8":"pa_tur-kitap","9":"pa_yayinevi-timas-cocuk","10":"pa_yazar-birsen-ekim-ozen","12":"first","13":"instock","14":"sale","15":"shipping-taxable","16":"purchasable","17":"product-type-simple"},"_links":{"self":[{"href":"https:\/\/roveyayinevi.com.tr\/index.php\/wp-json\/wp\/v2\/product\/699714","targetHints":{"allow":["GET"]}}],"collection":[{"href":"https:\/\/roveyayinevi.com.tr\/index.php\/wp-json\/wp\/v2\/product"}],"about":[{"href":"https:\/\/roveyayinevi.com.tr\/index.php\/wp-json\/wp\/v2\/types\/product"}],"wp:attachment":[{"href":"https:\/\/roveyayinevi.com.tr\/index.php\/wp-json\/wp\/v2\/media?parent=699714"}],"wp:term":[{"taxonomy":"product_brand","embeddable":true,"href":"https:\/\/roveyayinevi.com.tr\/index.php\/wp-json\/wp\/v2\/product_brand?post=699714"},{"taxonomy":"product_cat","embeddable":true,"href":"https:\/\/roveyayinevi.com.tr\/index.php\/wp-json\/wp\/v2\/product_cat?post=699714"},{"taxonomy":"product_tag","embeddable":true,"href":"https:\/\/roveyayinevi.com.tr\/index.php\/wp-json\/wp\/v2\/product_tag?post=699714"}],"curies":[{"name":"wp","href":"https:\/\/api.w.org\/{rel}","templated":true}]}}