{"id":699713,"date":"2025-08-27T14:52:47","date_gmt":"2025-08-27T11:52:47","guid":{"rendered":"https:\/\/roveyayinevi.com.tr\/index.php\/urun\/ecce-homo-2\/"},"modified":"2026-04-16T02:08:54","modified_gmt":"2026-04-15T23:08:54","slug":"ecce-homo-2","status":"publish","type":"product","link":"https:\/\/roveyayinevi.com.tr\/index.php\/urun\/ecce-homo-2\/","title":{"rendered":"Ecce Homo"},"content":{"rendered":"<p>S\u00f6z geli\u015fi bir umac\u0131 de\u011filim ben, bir t\u00f6rensel korkuluk da de\u011filim, -\u00fcstelik bug\u00fcne de\u011fin, erdemli diye sayg\u0131 duyulan insan t\u00fcr\u00fcne ayk\u0131r\u0131 bir yarad\u0131l\u0131\u015ftay\u0131m. S\u00f6z aram\u0131zda gururumu kabartan da bu durum olsa gerek. Bilge Dionysos\u2019un \u00e7\u00f6meziyim ben, bir ermi\u015f olmaktansa bir satir olmak ye\u011fdir benim i\u00e7in. Bu yaz\u0131 okunsun yeter. Bu yaz\u0131, apa\u00e7\u0131k, insansever bir tutum i\u00e7inde, bu ayk\u0131r\u0131l\u0131\u011f\u0131 sergilemekten ba\u015fka bir amac\u0131m yoktur; insanl\u0131\u011f\u0131 d\u00fczeltmek , verebilece\u011fim son s\u00f6z olurdu san\u0131r\u0131m. \ufffcTan\u0131t\u0131m Metni<\/p>\n","protected":false},"excerpt":{"rendered":"<p>S\u00f6z geli\u015fi bir umac\u0131 de\u011filim ben, bir t\u00f6rensel korkuluk da de\u011filim, -\u00fcstelik bug\u00fcne de\u011fin, erdemli diye sayg\u0131 duyulan insan t\u00fcr\u00fcne ayk\u0131r\u0131 bir yarad\u0131l\u0131\u015ftay\u0131m. S\u00f6z aram\u0131zda gururumu<span class=\"excerpt-hellip\"> [\u2026]<\/span><\/p>\n","protected":false},"featured_media":0,"template":"","meta":{"_monsterinsights_skip_tracking":false,"_monsterinsights_sitenote_active":false,"_monsterinsights_sitenote_note":"","_monsterinsights_sitenote_category":0},"product_brand":[],"product_cat":[12389,12388],"product_tag":[],"class_list":{"0":"post-699713","1":"product","2":"type-product","3":"status-publish","5":"product_cat-diger-felsefe","6":"product_cat-felsefe","7":"pa_cilt-ciltsiz","8":"pa_tur-kitap","9":"pa_yayinevi-say-yayinlari","10":"pa_yazar-friedrich-wilhelm-nietzsche","12":"first","13":"instock","14":"sale","15":"shipping-taxable","16":"purchasable","17":"product-type-simple"},"_links":{"self":[{"href":"https:\/\/roveyayinevi.com.tr\/index.php\/wp-json\/wp\/v2\/product\/699713","targetHints":{"allow":["GET"]}}],"collection":[{"href":"https:\/\/roveyayinevi.com.tr\/index.php\/wp-json\/wp\/v2\/product"}],"about":[{"href":"https:\/\/roveyayinevi.com.tr\/index.php\/wp-json\/wp\/v2\/types\/product"}],"wp:attachment":[{"href":"https:\/\/roveyayinevi.com.tr\/index.php\/wp-json\/wp\/v2\/media?parent=699713"}],"wp:term":[{"taxonomy":"product_brand","embeddable":true,"href":"https:\/\/roveyayinevi.com.tr\/index.php\/wp-json\/wp\/v2\/product_brand?post=699713"},{"taxonomy":"product_cat","embeddable":true,"href":"https:\/\/roveyayinevi.com.tr\/index.php\/wp-json\/wp\/v2\/product_cat?post=699713"},{"taxonomy":"product_tag","embeddable":true,"href":"https:\/\/roveyayinevi.com.tr\/index.php\/wp-json\/wp\/v2\/product_tag?post=699713"}],"curies":[{"name":"wp","href":"https:\/\/api.w.org\/{rel}","templated":true}]}}