{"id":699712,"date":"2025-08-27T14:52:47","date_gmt":"2025-08-27T11:52:47","guid":{"rendered":"https:\/\/roveyayinevi.com.tr\/index.php\/urun\/dusunceye-cagiran\/"},"modified":"2026-04-16T02:08:53","modified_gmt":"2026-04-15T23:08:53","slug":"dusunceye-cagiran","status":"publish","type":"product","link":"https:\/\/roveyayinevi.com.tr\/index.php\/urun\/dusunceye-cagiran\/","title":{"rendered":"D\u00fc\u015f\u00fcnceye \u00c7a\u011f\u0131ran"},"content":{"rendered":"<p>D\u00fc\u015f\u00fcnceye art\u0131k yurt m\u00fcdafaas\u0131 \u00e7a\u011f\u0131r\u0131yor. Ba\u015fkas\u0131 de\u011fil. Ve yurt m\u00fcdafaas\u0131 d\u00fc\u015f\u00fcnceye \u00e7a\u011f\u0131r\u0131yor. Ba\u015fka bir \u015feye de\u011fil. Yurdu i\u00e7inde bulundu\u011fu bu m\u00fcdafaaya muhta\u00e7 durumdan ancak d\u00fc\u015f\u00fcnce \u00e7ekip \u00e7\u0131karabilir. Bu m\u00fcdafaay\u0131 hakk\u0131yla ancak d\u00fc\u015f\u00fcnce yapabilir, ba\u015fkas\u0131 de\u011fil. D\u00fc\u015f\u00fcncenin d\u0131\u015f\u0131nda bu m\u00fcdafaaya soyunacak olanlar m\u00fcdafaaya \u00e7a\u011f\u0131ran yurdu ancak daha hazin \u015feylere muhta\u00e7 hale getirirler. <\/p>\n","protected":false},"excerpt":{"rendered":"<p>D\u00fc\u015f\u00fcnceye art\u0131k yurt m\u00fcdafaas\u0131 \u00e7a\u011f\u0131r\u0131yor. Ba\u015fkas\u0131 de\u011fil. Ve yurt m\u00fcdafaas\u0131 d\u00fc\u015f\u00fcnceye \u00e7a\u011f\u0131r\u0131yor. Ba\u015fka bir \u015feye de\u011fil. Yurdu i\u00e7inde bulundu\u011fu bu m\u00fcdafaaya muhta\u00e7 durumdan ancak d\u00fc\u015f\u00fcnce \u00e7ekip<span class=\"excerpt-hellip\"> [\u2026]<\/span><\/p>\n","protected":false},"featured_media":0,"template":"","meta":{"_monsterinsights_skip_tracking":false,"_monsterinsights_sitenote_active":false,"_monsterinsights_sitenote_note":"","_monsterinsights_sitenote_category":0},"product_brand":[],"product_cat":[12389,12388],"product_tag":[],"class_list":{"0":"post-699712","1":"product","2":"type-product","3":"status-publish","5":"product_cat-diger-felsefe","6":"product_cat-felsefe","7":"pa_cilt-ciltsiz","8":"pa_tur-kitap","9":"pa_yayinevi-say-yayinlari","10":"pa_yazar-kai-hammermeister","12":"first","13":"instock","14":"sale","15":"shipping-taxable","16":"purchasable","17":"product-type-simple"},"_links":{"self":[{"href":"https:\/\/roveyayinevi.com.tr\/index.php\/wp-json\/wp\/v2\/product\/699712","targetHints":{"allow":["GET"]}}],"collection":[{"href":"https:\/\/roveyayinevi.com.tr\/index.php\/wp-json\/wp\/v2\/product"}],"about":[{"href":"https:\/\/roveyayinevi.com.tr\/index.php\/wp-json\/wp\/v2\/types\/product"}],"wp:attachment":[{"href":"https:\/\/roveyayinevi.com.tr\/index.php\/wp-json\/wp\/v2\/media?parent=699712"}],"wp:term":[{"taxonomy":"product_brand","embeddable":true,"href":"https:\/\/roveyayinevi.com.tr\/index.php\/wp-json\/wp\/v2\/product_brand?post=699712"},{"taxonomy":"product_cat","embeddable":true,"href":"https:\/\/roveyayinevi.com.tr\/index.php\/wp-json\/wp\/v2\/product_cat?post=699712"},{"taxonomy":"product_tag","embeddable":true,"href":"https:\/\/roveyayinevi.com.tr\/index.php\/wp-json\/wp\/v2\/product_tag?post=699712"}],"curies":[{"name":"wp","href":"https:\/\/api.w.org\/{rel}","templated":true}]}}