{"id":699711,"date":"2025-08-27T14:52:47","date_gmt":"2025-08-27T11:52:47","guid":{"rendered":"https:\/\/roveyayinevi.com.tr\/index.php\/urun\/sherlock-holmes-gibi-dusunmek\/"},"modified":"2026-04-16T02:08:53","modified_gmt":"2026-04-15T23:08:53","slug":"sherlock-holmes-gibi-dusunmek","status":"publish","type":"product","link":"https:\/\/roveyayinevi.com.tr\/index.php\/urun\/sherlock-holmes-gibi-dusunmek\/","title":{"rendered":"Sherlock Holmes Gibi D\u00fc\u015f\u00fcnmek"},"content":{"rendered":"<p>Gayet basit, Watson&#8221; diye ba\u015flayan ve Watson&#8217;un &#8220;tabii ya, bunu ben niye g\u00f6remedim&#8221; diye hay\u0131flanmas\u0131yla sonlanan her bir Sherlock \u00e7\u00f6z\u00fcmlemesi bize \u015funu s\u00f6yler: Sherlock Holmes insan zihninin eri\u015filebilir s\u0131n\u0131rlar\u0131 i\u00e7inde i\u015fini g\u00f6rmektedir; karakter kurmaca da olsa, zihni m\u00fcmk\u00fcn olan\u0131 simgeler. Peki ama bizler (yani genel olarak Watsonlar) Holmes&#8217;un ola\u011fan\u00fcst\u00fc zihinsel becerilerinden biraz olsun nasiplenemez miyiz?  Maria Konnikova bunun m\u00fcmk\u00fcn oldu\u011funu s\u00f6yl\u00fcyor. \u00d6rt\u00fcl\u00fc \u00f6nyarg\u0131lar\u0131m\u0131z g\u00fc\u00e7l\u00fc ama k\u0131r\u0131lmaz de\u011fil; al\u0131\u015fkanl\u0131k siperlerimiz sa\u011flam ama y\u0131k\u0131lmaz de\u011fil. Modern psikoloji ve n\u00f6robilim ile \u00fcnl\u00fc Sherlock vakalar\u0131n\u0131 harmanlayan Mastermind, \u00f6nce Sherlock&#8217;un bu davalarda neyi di\u011fer herkesten farkl\u0131 yapt\u0131\u011f\u0131n\u0131 g\u00f6steriyor, sonra bizim de ayn\u0131 yakla\u015f\u0131m\u0131 kullanabilmemiz i\u00e7in zihinsel bir yol haritas\u0131 sunuyor. Biraz fark\u0131ndal\u0131k ve biraz egzersiz ile Holmes&#8217;un alametifarikas\u0131 olan g\u00f6zlem, haf\u0131za, yarat\u0131c\u0131l\u0131k ve t\u00fcmdengelim gibi meziyetleri nas\u0131l i\u00e7selle\u015ftirebilece\u011fimizi ve bunun sonucunda nas\u0131l alg\u0131m\u0131z\u0131 keskinle\u015ftirip, yarat\u0131c\u0131 y\u00f6n\u00fcm\u00fcz\u00fc parlatabilece\u011fimizi g\u00f6steriyor. B\u00fcy\u00fck ilgi g\u00f6ren ve 17 dile \u00e7evrilen Mastermind, zihnimizi bir \u00fcst seviyeye \u00e7\u0131karmak i\u00e7in e\u015fsiz ve en az Sherlock \u00f6yk\u00fcleri kadar s\u00fcr\u00fckleyici bir rehber.  &#8220;Holmes&#8217;un bak\u0131\u015f a\u00e7\u0131s\u0131 ile modern n\u00f6robilimin leziz bir birle\u015fimi&#8221;  New York Times&#8221;\u0130lk sayfas\u0131ndan son sayfas\u0131na kadar b\u00fcy\u00fcleyici&#8221; Brain Picking&#8221;Kendiniz hakk\u0131nda ustala\u015fman\u0131z i\u00e7in heyecan verici bir yolculuk. Rehberiniz Sherlock Holmes.&#8221; Steven Pinker<\/p>\n","protected":false},"excerpt":{"rendered":"<p>Gayet basit, Watson&#8221; diye ba\u015flayan ve Watson&#8217;un &#8220;tabii ya, bunu ben niye g\u00f6remedim&#8221; diye hay\u0131flanmas\u0131yla sonlanan her bir Sherlock \u00e7\u00f6z\u00fcmlemesi bize \u015funu s\u00f6yler: Sherlock Holmes insan<span class=\"excerpt-hellip\"> [\u2026]<\/span><\/p>\n","protected":false},"featured_media":0,"template":"","meta":{"_monsterinsights_skip_tracking":false,"_monsterinsights_sitenote_active":false,"_monsterinsights_sitenote_note":"","_monsterinsights_sitenote_category":0},"product_brand":[],"product_cat":[13005,13006],"product_tag":[],"class_list":{"0":"post-699711","1":"product","2":"type-product","3":"status-publish","5":"product_cat-bilim-muhendislik","6":"product_cat-populer-bilim","7":"pa_cilt-ciltsiz","8":"pa_tur-kitap","9":"pa_yayinevi-domingo-yayinevi","10":"pa_yazar-maria-konnikova","12":"first","13":"instock","14":"sale","15":"shipping-taxable","16":"purchasable","17":"product-type-simple"},"_links":{"self":[{"href":"https:\/\/roveyayinevi.com.tr\/index.php\/wp-json\/wp\/v2\/product\/699711","targetHints":{"allow":["GET"]}}],"collection":[{"href":"https:\/\/roveyayinevi.com.tr\/index.php\/wp-json\/wp\/v2\/product"}],"about":[{"href":"https:\/\/roveyayinevi.com.tr\/index.php\/wp-json\/wp\/v2\/types\/product"}],"wp:attachment":[{"href":"https:\/\/roveyayinevi.com.tr\/index.php\/wp-json\/wp\/v2\/media?parent=699711"}],"wp:term":[{"taxonomy":"product_brand","embeddable":true,"href":"https:\/\/roveyayinevi.com.tr\/index.php\/wp-json\/wp\/v2\/product_brand?post=699711"},{"taxonomy":"product_cat","embeddable":true,"href":"https:\/\/roveyayinevi.com.tr\/index.php\/wp-json\/wp\/v2\/product_cat?post=699711"},{"taxonomy":"product_tag","embeddable":true,"href":"https:\/\/roveyayinevi.com.tr\/index.php\/wp-json\/wp\/v2\/product_tag?post=699711"}],"curies":[{"name":"wp","href":"https:\/\/api.w.org\/{rel}","templated":true}]}}