{"id":699710,"date":"2025-08-27T14:52:47","date_gmt":"2025-08-27T11:52:47","guid":{"rendered":"https:\/\/roveyayinevi.com.tr\/index.php\/urun\/zor-insanlarla-zorlanmadan-bas-etmek\/"},"modified":"2026-04-16T02:08:53","modified_gmt":"2026-04-15T23:08:53","slug":"zor-insanlarla-zorlanmadan-bas-etmek","status":"publish","type":"product","link":"https:\/\/roveyayinevi.com.tr\/index.php\/urun\/zor-insanlarla-zorlanmadan-bas-etmek\/","title":{"rendered":"Zor \u0130nsanlarla Zorlanmadan Ba\u015f Etmek"},"content":{"rendered":"<p>Ya\u015fam, dikensiz bir g\u00fcl bah\u00e7esi de\u011fil. Ya\u015fant\u0131m\u0131z\u0131n her a\u015famas\u0131nda bize mutluluk veren g\u00fcller olabilece\u011fi gibi, elimize batan dikenler de olacak. \u00d6nemli olan, o dikenlerle yaralanmadan elimizdeki g\u00fcllerden keyif alabilmek de\u011fil mi?  Biliyoruz ki baz\u0131 insanlarla birlikte ya\u015famak veya \u00e7al\u0131\u015fmak di\u011ferlerinden daha zor olabiliyor. Hepimiz, ya\u015fam\u0131m\u0131z\u0131n en az\u0131ndan bir d\u00f6neminde, zor bir insanla birlikte ya\u015famak veya \u00e7al\u0131\u015fmak zorunda kalabiliriz.  Kitapta yer alan \u00f6yk\u00fclerde, bu zor insanlardan \u00fc\u00e7\u00fcyle tan\u0131\u015f\u0131p i\u015f ya\u015fam\u0131na dair ipu\u00e7lar\u0131n\u0131 yakalayacaks\u0131n\u0131z. Hayat\u0131n her alan\u0131nda kar\u015f\u0131m\u0131za Alperler, G\u00fcrhanlar, Samiler \u00e7\u0131k\u0131yor. Bazen &#8220;zor&#8221;luklar\u0131n\u0131 kolayca fark ediyoruz fakat \u00e7o\u011fu zaman, asl\u0131nda birer kurban oldu\u011fumuzu en son biz \u00f6\u011freniyoruz. Bu keyifli kitap, okuyucuya bir yandan zor insanlar\u0131 kolayca te\u015fhis edip ba\u015fa \u00e7\u0131kman\u0131n yollar\u0131n\u0131 anlat\u0131yor, di\u011fer yandan da d\u00fc\u015f\u00fcnmeleri i\u00e7in f\u0131rsat tan\u0131yor. \u00d6zden Aslan&#8217;\u0131n bu de\u011ferli \u00e7al\u0131\u015fmas\u0131n\u0131, mutlulu\u011fu i\u015f ya\u015fam\u0131nda da arayan t\u00fcm \u00e7al\u0131\u015fanlara tavsiye ediyorum.  -Ali Kara-  Yazar, t\u0131pk\u0131 Bir \u0130nsan Kaynaklar\u0131 Masal\u0131&#8217;nda oldu\u011fu gibi, herkesin anlayaca\u011f\u0131 bir dil kullanarak yazm\u0131\u015f \u00f6yk\u00fcleri. Zor insanlarla her yerde kar\u015f\u0131la\u015fabiliriz. Kitab\u0131 bitirdi\u011fimde, &#8220;Evet, sizinle ba\u015f edebiliriz&#8221; dedim.  -Esra \u00d6zp\u0131nar- <\/p>\n","protected":false},"excerpt":{"rendered":"<p>Ya\u015fam, dikensiz bir g\u00fcl bah\u00e7esi de\u011fil. Ya\u015fant\u0131m\u0131z\u0131n her a\u015famas\u0131nda bize mutluluk veren g\u00fcller olabilece\u011fi gibi, elimize batan dikenler de olacak. \u00d6nemli olan, o dikenlerle yaralanmadan elimizdeki<span class=\"excerpt-hellip\"> [\u2026]<\/span><\/p>\n","protected":false},"featured_media":0,"template":"","meta":{"_monsterinsights_skip_tracking":false,"_monsterinsights_sitenote_active":false,"_monsterinsights_sitenote_note":"","_monsterinsights_sitenote_category":0},"product_brand":[],"product_cat":[12364,12376],"product_tag":[],"class_list":{"0":"post-699710","1":"product","2":"type-product","3":"status-publish","5":"product_cat-genel-konular","6":"product_cat-kisisel-gelisim","7":"pa_cilt-ciltsiz","8":"pa_tur-kitap","9":"pa_yayinevi-elma-yayinevi","10":"pa_yazar-ozden-aslan","12":"first","13":"instock","14":"sale","15":"shipping-taxable","16":"purchasable","17":"product-type-simple"},"_links":{"self":[{"href":"https:\/\/roveyayinevi.com.tr\/index.php\/wp-json\/wp\/v2\/product\/699710","targetHints":{"allow":["GET"]}}],"collection":[{"href":"https:\/\/roveyayinevi.com.tr\/index.php\/wp-json\/wp\/v2\/product"}],"about":[{"href":"https:\/\/roveyayinevi.com.tr\/index.php\/wp-json\/wp\/v2\/types\/product"}],"wp:attachment":[{"href":"https:\/\/roveyayinevi.com.tr\/index.php\/wp-json\/wp\/v2\/media?parent=699710"}],"wp:term":[{"taxonomy":"product_brand","embeddable":true,"href":"https:\/\/roveyayinevi.com.tr\/index.php\/wp-json\/wp\/v2\/product_brand?post=699710"},{"taxonomy":"product_cat","embeddable":true,"href":"https:\/\/roveyayinevi.com.tr\/index.php\/wp-json\/wp\/v2\/product_cat?post=699710"},{"taxonomy":"product_tag","embeddable":true,"href":"https:\/\/roveyayinevi.com.tr\/index.php\/wp-json\/wp\/v2\/product_tag?post=699710"}],"curies":[{"name":"wp","href":"https:\/\/api.w.org\/{rel}","templated":true}]}}