{"id":699709,"date":"2025-08-27T14:52:46","date_gmt":"2025-08-27T11:52:46","guid":{"rendered":"https:\/\/roveyayinevi.com.tr\/index.php\/urun\/etik-toplum-siyaset\/"},"modified":"2026-04-16T02:08:53","modified_gmt":"2026-04-15T23:08:53","slug":"etik-toplum-siyaset","status":"publish","type":"product","link":"https:\/\/roveyayinevi.com.tr\/index.php\/urun\/etik-toplum-siyaset\/","title":{"rendered":"Etik, Toplum, Siyaset"},"content":{"rendered":"<p>Etik, Toplum, Siyaset, modern \u00e7a\u011f\u0131n en hayranl\u0131k uyand\u0131r\u0131c\u0131 d\u00fc\u015f\u00fcn\u00fcrlerinden biri olan Bertrand Russell\u2019\u0131n hem siyasete hem de dine dair etik ve siyasi duru\u015funu b\u00fct\u00fcn\u00fcyle son kez ifade etti\u011fi bir eserdir. Russell, i\u00e7tepiler ve zek\u00e2 aras\u0131ndaki \u00e7at\u0131\u015fma dolay\u0131s\u0131yla eti\u011fin insan i\u00e7in gerekli oldu\u011funu, e\u011fer bunlardan biri di\u011feri olmaks\u0131z\u0131n var olabilseydi eti\u011fe de ihtiya\u00e7 olmayaca\u011f\u0131n\u0131 \u00f6ne s\u00fcrer. \u0130nsan\u0131n i\u00e7tepileri ve arzular\u0131 e\u015fit \u015fekilde hem sosyal hem de bireyseldir. Siyaset ve etik, toplum ve birey olarak bizlerin sosyal bak\u0131mdan bir amaca y\u00f6nelik hale gelmemiz i\u00e7in kullanabilece\u011fimiz ara\u00e7lard\u0131r, ahlak yasalar\u0131 ise eylem kurallar\u0131m\u0131z konusunda telkinde bulunur.   \u201cEtik felsefesini titizlikle ve sistematik olarak ele alan, bug\u00fcne dek yaz\u0131lm\u0131\u015f en iyi eser.\u201d \u2014Herald Tribune   \u201cBu kitap felsefi a\u00e7\u0131kl\u0131\u011f\u0131n en iyi \u00f6rne\u011fidir.\u201d \u2014The Observer <\/p>\n","protected":false},"excerpt":{"rendered":"<p>Etik, Toplum, Siyaset, modern \u00e7a\u011f\u0131n en hayranl\u0131k uyand\u0131r\u0131c\u0131 d\u00fc\u015f\u00fcn\u00fcrlerinden biri olan Bertrand Russell\u2019\u0131n hem siyasete hem de dine dair etik ve siyasi duru\u015funu b\u00fct\u00fcn\u00fcyle son kez<span class=\"excerpt-hellip\"> [\u2026]<\/span><\/p>\n","protected":false},"featured_media":0,"template":"","meta":{"_monsterinsights_skip_tracking":false,"_monsterinsights_sitenote_active":false,"_monsterinsights_sitenote_note":"","_monsterinsights_sitenote_category":0},"product_brand":[],"product_cat":[12389,12388],"product_tag":[],"class_list":{"0":"post-699709","1":"product","2":"type-product","3":"status-publish","5":"product_cat-diger-felsefe","6":"product_cat-felsefe","7":"pa_cilt-ciltsiz","8":"pa_tur-kitap","9":"pa_yayinevi-say-yayinlari","10":"pa_yazar-bertrand-russell","12":"first","13":"instock","14":"sale","15":"shipping-taxable","16":"purchasable","17":"product-type-simple"},"_links":{"self":[{"href":"https:\/\/roveyayinevi.com.tr\/index.php\/wp-json\/wp\/v2\/product\/699709","targetHints":{"allow":["GET"]}}],"collection":[{"href":"https:\/\/roveyayinevi.com.tr\/index.php\/wp-json\/wp\/v2\/product"}],"about":[{"href":"https:\/\/roveyayinevi.com.tr\/index.php\/wp-json\/wp\/v2\/types\/product"}],"wp:attachment":[{"href":"https:\/\/roveyayinevi.com.tr\/index.php\/wp-json\/wp\/v2\/media?parent=699709"}],"wp:term":[{"taxonomy":"product_brand","embeddable":true,"href":"https:\/\/roveyayinevi.com.tr\/index.php\/wp-json\/wp\/v2\/product_brand?post=699709"},{"taxonomy":"product_cat","embeddable":true,"href":"https:\/\/roveyayinevi.com.tr\/index.php\/wp-json\/wp\/v2\/product_cat?post=699709"},{"taxonomy":"product_tag","embeddable":true,"href":"https:\/\/roveyayinevi.com.tr\/index.php\/wp-json\/wp\/v2\/product_tag?post=699709"}],"curies":[{"name":"wp","href":"https:\/\/api.w.org\/{rel}","templated":true}]}}