{"id":699701,"date":"2025-08-27T14:52:44","date_gmt":"2025-08-27T11:52:44","guid":{"rendered":"https:\/\/roveyayinevi.com.tr\/index.php\/urun\/cinsel-terapi-ilkeleri-ve-uygulamalari\/"},"modified":"2026-01-29T02:16:45","modified_gmt":"2026-01-28T23:16:45","slug":"cinsel-terapi-ilkeleri-ve-uygulamalari","status":"publish","type":"product","link":"https:\/\/roveyayinevi.com.tr\/index.php\/urun\/cinsel-terapi-ilkeleri-ve-uygulamalari\/","title":{"rendered":"Cinsel Terapi \u0130lkeleri ve Uygulamalar\u0131"},"content":{"rendered":"<p>&#8220;CK Yay\u0131nevi&#8221;nin &#8220;Cinsel Terapi Dizisi&#8221; ad\u0131 alt\u0131nda sizlere sundu\u011fu bu yeni eserin ne kadar okunmaya de\u011fer oldu\u011funu arka kapaktaki bu k\u0131sa \u00f6zeti okudu\u011funuzda fark edeceksiniz. Bu kitap sadece profesyonellerin okuyaca\u011f\u0131 bir eser de\u011fildir. Ayn\u0131 zamanda cinsellik konusunda bilgi edinmek isteyenlerin, cinsel sorun ya\u015fayanlar\u0131n ya da cinsel ya\u015fant\u0131lar\u0131na farkl\u0131 bir anlay\u0131\u015f getirmek isteyenler i\u00e7in de \u00f6nemli bir kaynak olacakt\u0131r. Cebrail K\u0131saErkek ve kad\u0131n cinselli\u011fi farkl\u0131 m\u0131d\u0131r? Yak\u0131n ge\u00e7mi\u015fte meydana gelen en \u00f6nemli kavramsal ve kuramsal de\u011fi\u015fimlerden biri, erkek cinselli\u011fi ile kad\u0131n cinselli\u011finin olduk\u00e7a farkl\u0131 oldu\u011funun giderek kabul g\u00f6rmeye ba\u015flamas\u0131d\u0131r.  Kad\u0131n ve erkeklerdeki cinsel istek farkl\u0131 uyaranlar taraf\u0131ndan ba\u015flat\u0131l\u0131r ve farkl\u0131 motivasyonlar taraf\u0131ndan devam ettirilir.  Kad\u0131nlar\u0131n b\u00fcy\u00fck bir k\u0131sm\u0131nda cinsel uyar\u0131lma, cinsel iste\u011fe dair bilin\u00e7li duygulardan \u00f6nce gelirken, erkeklerin \u00e7o\u011funda uyar\u0131lmadan \u00f6nce cinsel istek gelir. Ger\u00e7ekten de cinsel istek olmadan erkeklerin b\u00fcy\u00fck bir k\u0131sm\u0131 sertle\u015fmeyi sa\u011flamada ya da devam ettirmede g\u00fc\u00e7l\u00fck \u00e7ekerler. Erkeklere k\u0131yasla kad\u0131nlar daha ileri ya\u015flarda ve daha az s\u0131kl\u0131kla mast\u00fcrbasyon yaparlar. Cinsel \u00e7e\u015fitlili\u011fi daha az isterler ve daha fazla say\u0131da cinsel \u015fik\u00e2yet ve endi\u015fe dile getirirler. Cinsel terapiste ba\u015fvuruda bulunma sebepleri de farkl\u0131d\u0131r. Erkekler, genellikle sertle\u015fmeyi sa\u011flayamama ya da bunu devam ettirememe gibi cinsel performansla ilgili sorunlar y\u00fcz\u00fcnden tedavi aray\u0131\u015f\u0131na girerken, kad\u0131nlar \u00e7o\u011funlukla cinsel istek azl\u0131\u011f\u0131 ya da cinsel haz yoksunlu\u011fu gibi cinsel duygularla ilgili endi\u015felerini dile getirerek tedaviye ba\u015flarlar. &#8221; <\/p>\n","protected":false},"excerpt":{"rendered":"<p>&#8220;CK Yay\u0131nevi&#8221;nin &#8220;Cinsel Terapi Dizisi&#8221; ad\u0131 alt\u0131nda sizlere sundu\u011fu bu yeni eserin ne kadar okunmaya de\u011fer oldu\u011funu arka kapaktaki bu k\u0131sa \u00f6zeti okudu\u011funuzda fark edeceksiniz. Bu<span class=\"excerpt-hellip\"> [\u2026]<\/span><\/p>\n","protected":false},"featured_media":0,"template":"","meta":{"_monsterinsights_skip_tracking":false,"_monsterinsights_sitenote_active":false,"_monsterinsights_sitenote_note":"","_monsterinsights_sitenote_category":0},"product_brand":[],"product_cat":[13365],"product_tag":[],"class_list":{"0":"post-699701","1":"product","2":"type-product","3":"status-publish","5":"product_cat-saglik","6":"pa_cilt-ciltsiz","7":"pa_tur-kitap","8":"pa_yayinevi-ck-yayinevi","9":"pa_yazar-kolektif","11":"first","12":"instock","13":"sale","14":"shipping-taxable","15":"purchasable","16":"product-type-simple"},"_links":{"self":[{"href":"https:\/\/roveyayinevi.com.tr\/index.php\/wp-json\/wp\/v2\/product\/699701","targetHints":{"allow":["GET"]}}],"collection":[{"href":"https:\/\/roveyayinevi.com.tr\/index.php\/wp-json\/wp\/v2\/product"}],"about":[{"href":"https:\/\/roveyayinevi.com.tr\/index.php\/wp-json\/wp\/v2\/types\/product"}],"wp:attachment":[{"href":"https:\/\/roveyayinevi.com.tr\/index.php\/wp-json\/wp\/v2\/media?parent=699701"}],"wp:term":[{"taxonomy":"product_brand","embeddable":true,"href":"https:\/\/roveyayinevi.com.tr\/index.php\/wp-json\/wp\/v2\/product_brand?post=699701"},{"taxonomy":"product_cat","embeddable":true,"href":"https:\/\/roveyayinevi.com.tr\/index.php\/wp-json\/wp\/v2\/product_cat?post=699701"},{"taxonomy":"product_tag","embeddable":true,"href":"https:\/\/roveyayinevi.com.tr\/index.php\/wp-json\/wp\/v2\/product_tag?post=699701"}],"curies":[{"name":"wp","href":"https:\/\/api.w.org\/{rel}","templated":true}]}}