{"id":699696,"date":"2025-08-27T14:52:42","date_gmt":"2025-08-27T11:52:42","guid":{"rendered":"https:\/\/roveyayinevi.com.tr\/index.php\/urun\/degerlere-ilk-adim-yardimlasma-hikayesi-yardim-edebilir-miyim\/"},"modified":"2026-04-16T02:08:53","modified_gmt":"2026-04-15T23:08:53","slug":"degerlere-ilk-adim-yardimlasma-hikayesi-yardim-edebilir-miyim","status":"publish","type":"product","link":"https:\/\/roveyayinevi.com.tr\/index.php\/urun\/degerlere-ilk-adim-yardimlasma-hikayesi-yardim-edebilir-miyim\/","title":{"rendered":"De\u011ferlere \u0130lk Ad\u0131m &#8211; Yard\u0131mla\u015fma Hikayesi: Yard\u0131m Edebilir miyim"},"content":{"rendered":"<p>De\u011ferler insanlar\u0131n tutum ve davran\u0131\u015flar\u0131n\u0131 etkiler ve insan ya\u015fam\u0131na y\u00f6n verir. Evrensel de\u011ferlerin \u00f6\u011fretimi insan ili\u015fkilerinin geli\u015fimi a\u00e7\u0131s\u0131ndan \u00f6nemlidir. \u00c7ocuklar geli\u015fim s\u00fcrecinde olumlu ve olumsuz tutum ve davran\u0131\u015flar\u0131n bir\u00e7o\u011funu \u00e7evrelerinden model alarak ve \u00f6zde\u015fim yoluyla \u00f6\u011frenirler. \u00c7ocuklar\u0131n evrensel de\u011ferleri \u00f6\u011frenmesinde nasihat etmek, ders verir gibi anlatmak do\u011fru bir y\u00f6ntem olmad\u0131\u011f\u0131 gibi bir\u00e7ok \u00e7ocuk  \u00f6z tir dilemelisin,sorumluluk almal\u0131s\u0131n, d\u00fcr\u00fcst olmal\u0131s\u0131n, temiz olmal\u0131s\u0131n  gibi s\u00fcrekli tekrarlanan s\u00f6zleri i\u00e7selle\u015ftiremedi\u011fi i\u00e7in davran\u0131\u015flar\u0131n\u0131 olumlu y\u00f6nde de\u011fi\u015ftiremez. Bu nedenle evrensel de\u011ferleri hikayelerin, masallar\u0131n ve oyunlar\u0131n i\u00e7ine serpi\u015ftirerek \u00e7ocuklar\u0131n model al\u0131p \u00f6zde\u015fim kuraca\u011f\u0131 \u015fekilde \u00e7ocuklar\u0131n d\u00fcnyas\u0131na uygun hale getirmek gerekir. Se\u00e7imler yapan, kararlar veren, ya\u015fad\u0131klar\u0131ndan keyif alan, ili\u015fkilerinde kendine ve \u00e7evresine sayg\u0131 g\u00f6steren, tutum ve davran\u0131\u015flar\u0131n\u0131 i\u00e7selle\u015ftirdi\u011fi evrensel de\u011ferler ile \u015fekillendirebilecek olan bug\u00fcn\u00fcn \u00e7ocuklar\u0131n\u0131 gelece\u011fe haz\u0131rlamak i\u00e7in yay\u0131nlad\u0131\u011f\u0131m\u0131z kitaplar\u0131m\u0131z\u0131 anne babalar ve \u00e7ocuklarla \u00e7al\u0131\u015fan t\u00fcm e\u011fitimcilere tavsiye ederim. \u00dclk\u00fc Unsu Psikolojik Dan\u0131\u015fman \u00c7ift ve Aile Terapisti\/ Art Terapist <\/p>\n","protected":false},"excerpt":{"rendered":"<p>De\u011ferler insanlar\u0131n tutum ve davran\u0131\u015flar\u0131n\u0131 etkiler ve insan ya\u015fam\u0131na y\u00f6n verir. Evrensel de\u011ferlerin \u00f6\u011fretimi insan ili\u015fkilerinin geli\u015fimi a\u00e7\u0131s\u0131ndan \u00f6nemlidir. \u00c7ocuklar geli\u015fim s\u00fcrecinde olumlu ve olumsuz tutum<span class=\"excerpt-hellip\"> [\u2026]<\/span><\/p>\n","protected":false},"featured_media":0,"template":"","meta":{"_monsterinsights_skip_tracking":false,"_monsterinsights_sitenote_active":false,"_monsterinsights_sitenote_note":"","_monsterinsights_sitenote_category":0},"product_brand":[],"product_cat":[12274,12631],"product_tag":[],"class_list":{"0":"post-699696","1":"product","2":"type-product","3":"status-publish","5":"product_cat-cocuk-ve-genclik-kitaplari","6":"product_cat-diger-cocuk-ve-genclik-kitaplari","7":"pa_tur-kitap","8":"pa_yayinevi-parilti-yayinlari","9":"pa_yazar-tapasi-de","11":"first","12":"instock","13":"sale","14":"shipping-taxable","15":"purchasable","16":"product-type-simple"},"_links":{"self":[{"href":"https:\/\/roveyayinevi.com.tr\/index.php\/wp-json\/wp\/v2\/product\/699696","targetHints":{"allow":["GET"]}}],"collection":[{"href":"https:\/\/roveyayinevi.com.tr\/index.php\/wp-json\/wp\/v2\/product"}],"about":[{"href":"https:\/\/roveyayinevi.com.tr\/index.php\/wp-json\/wp\/v2\/types\/product"}],"wp:attachment":[{"href":"https:\/\/roveyayinevi.com.tr\/index.php\/wp-json\/wp\/v2\/media?parent=699696"}],"wp:term":[{"taxonomy":"product_brand","embeddable":true,"href":"https:\/\/roveyayinevi.com.tr\/index.php\/wp-json\/wp\/v2\/product_brand?post=699696"},{"taxonomy":"product_cat","embeddable":true,"href":"https:\/\/roveyayinevi.com.tr\/index.php\/wp-json\/wp\/v2\/product_cat?post=699696"},{"taxonomy":"product_tag","embeddable":true,"href":"https:\/\/roveyayinevi.com.tr\/index.php\/wp-json\/wp\/v2\/product_tag?post=699696"}],"curies":[{"name":"wp","href":"https:\/\/api.w.org\/{rel}","templated":true}]}}