{"id":699695,"date":"2025-08-27T14:52:42","date_gmt":"2025-08-27T11:52:42","guid":{"rendered":"https:\/\/roveyayinevi.com.tr\/index.php\/urun\/arkadasim-orhan-kemal-ve-mektuplar-ciltli\/"},"modified":"2026-04-06T12:30:25","modified_gmt":"2026-04-06T09:30:25","slug":"arkadasim-orhan-kemal-ve-mektuplar-ciltli","status":"publish","type":"product","link":"https:\/\/roveyayinevi.com.tr\/index.php\/urun\/arkadasim-orhan-kemal-ve-mektuplar-ciltli\/","title":{"rendered":"Arkada\u015f\u0131m Orhan Kemal ve Mektuplar (Ciltli)"},"content":{"rendered":"<p>Ya\u015fad\u0131\u011f\u0131m\u0131z ayn\u0131 kentten ekme\u011fim u\u011fruna ayr\u0131landa, Orhan Kemal\u2019le \u00f6lene dek mektupla\u015ft\u0131k, nasip olanda bulu\u015ftuk Ankara\u2019da, \u0130stanbul\u2019da, son olarak Moskova\u2019da. <\/p>\n","protected":false},"excerpt":{"rendered":"<p>Ya\u015fad\u0131\u011f\u0131m\u0131z ayn\u0131 kentten ekme\u011fim u\u011fruna ayr\u0131landa, Orhan Kemal\u2019le \u00f6lene dek mektupla\u015ft\u0131k, nasip olanda bulu\u015ftuk Ankara\u2019da, \u0130stanbul\u2019da, son olarak Moskova\u2019da.<\/p>\n","protected":false},"featured_media":0,"template":"","meta":{"_monsterinsights_skip_tracking":false,"_monsterinsights_sitenote_active":false,"_monsterinsights_sitenote_note":"","_monsterinsights_sitenote_category":0},"product_brand":[],"product_cat":[13701,12291],"product_tag":[],"class_list":{"0":"post-699695","1":"product","2":"type-product","3":"status-publish","5":"product_cat-ani-mektup-gunluk","6":"product_cat-edebiyat","7":"pa_cilt-ciltli","8":"pa_tur-kitap","9":"pa_yayinevi-is-bankasi-kultur-yayinlari","10":"pa_yazar-fikret-otyam","12":"first","13":"instock","14":"sale","15":"shipping-taxable","16":"purchasable","17":"product-type-simple"},"_links":{"self":[{"href":"https:\/\/roveyayinevi.com.tr\/index.php\/wp-json\/wp\/v2\/product\/699695","targetHints":{"allow":["GET"]}}],"collection":[{"href":"https:\/\/roveyayinevi.com.tr\/index.php\/wp-json\/wp\/v2\/product"}],"about":[{"href":"https:\/\/roveyayinevi.com.tr\/index.php\/wp-json\/wp\/v2\/types\/product"}],"wp:attachment":[{"href":"https:\/\/roveyayinevi.com.tr\/index.php\/wp-json\/wp\/v2\/media?parent=699695"}],"wp:term":[{"taxonomy":"product_brand","embeddable":true,"href":"https:\/\/roveyayinevi.com.tr\/index.php\/wp-json\/wp\/v2\/product_brand?post=699695"},{"taxonomy":"product_cat","embeddable":true,"href":"https:\/\/roveyayinevi.com.tr\/index.php\/wp-json\/wp\/v2\/product_cat?post=699695"},{"taxonomy":"product_tag","embeddable":true,"href":"https:\/\/roveyayinevi.com.tr\/index.php\/wp-json\/wp\/v2\/product_tag?post=699695"}],"curies":[{"name":"wp","href":"https:\/\/api.w.org\/{rel}","templated":true}]}}