{"id":699687,"date":"2025-08-27T14:52:39","date_gmt":"2025-08-27T11:52:39","guid":{"rendered":"https:\/\/roveyayinevi.com.tr\/index.php\/urun\/uc-buyuk-usta\/"},"modified":"2026-04-16T02:08:53","modified_gmt":"2026-04-15T23:08:53","slug":"uc-buyuk-usta","status":"publish","type":"product","link":"https:\/\/roveyayinevi.com.tr\/index.php\/urun\/uc-buyuk-usta\/","title":{"rendered":"\u00dc\u00e7 B\u00fcy\u00fck Usta"},"content":{"rendered":"<p>Stefan Zweig, \u00dc\u00e7 B\u00fcy\u00fck Usta\u2019da \u00fc\u00e7 b\u00fcy\u00fck yazar\u0131n ya\u015fam \u00f6yk\u00fcleri \u00fczerinden, okurlar\u0131n\u0131 edebiyat tarihine, edebi dehan\u0131n s\u0131n\u0131rlar\u0131na do\u011fru bir yolculu\u011fa \u00e7\u0131kar\u0131yor. <\/p>\n","protected":false},"excerpt":{"rendered":"<p>Stefan Zweig, \u00dc\u00e7 B\u00fcy\u00fck Usta\u2019da \u00fc\u00e7 b\u00fcy\u00fck yazar\u0131n ya\u015fam \u00f6yk\u00fcleri \u00fczerinden, okurlar\u0131n\u0131 edebiyat tarihine, edebi dehan\u0131n s\u0131n\u0131rlar\u0131na do\u011fru bir yolculu\u011fa \u00e7\u0131kar\u0131yor.<\/p>\n","protected":false},"featured_media":0,"template":"","meta":{"_monsterinsights_skip_tracking":false,"_monsterinsights_sitenote_active":false,"_monsterinsights_sitenote_note":"","_monsterinsights_sitenote_category":0},"product_brand":[],"product_cat":[13946,12304],"product_tag":[],"class_list":{"0":"post-699687","1":"product","2":"type-product","3":"status-publish","5":"product_cat-biyografi-otobiyografi","6":"product_cat-tarih","7":"pa_cilt-ciltsiz","8":"pa_tur-kitap","9":"pa_yayinevi-is-bankasi-kultur-yayinlari","10":"pa_yazar-stefan-zweig","12":"first","13":"instock","14":"sale","15":"shipping-taxable","16":"purchasable","17":"product-type-simple"},"_links":{"self":[{"href":"https:\/\/roveyayinevi.com.tr\/index.php\/wp-json\/wp\/v2\/product\/699687","targetHints":{"allow":["GET"]}}],"collection":[{"href":"https:\/\/roveyayinevi.com.tr\/index.php\/wp-json\/wp\/v2\/product"}],"about":[{"href":"https:\/\/roveyayinevi.com.tr\/index.php\/wp-json\/wp\/v2\/types\/product"}],"wp:attachment":[{"href":"https:\/\/roveyayinevi.com.tr\/index.php\/wp-json\/wp\/v2\/media?parent=699687"}],"wp:term":[{"taxonomy":"product_brand","embeddable":true,"href":"https:\/\/roveyayinevi.com.tr\/index.php\/wp-json\/wp\/v2\/product_brand?post=699687"},{"taxonomy":"product_cat","embeddable":true,"href":"https:\/\/roveyayinevi.com.tr\/index.php\/wp-json\/wp\/v2\/product_cat?post=699687"},{"taxonomy":"product_tag","embeddable":true,"href":"https:\/\/roveyayinevi.com.tr\/index.php\/wp-json\/wp\/v2\/product_tag?post=699687"}],"curies":[{"name":"wp","href":"https:\/\/api.w.org\/{rel}","templated":true}]}}