{"id":699686,"date":"2025-08-27T14:52:39","date_gmt":"2025-08-27T11:52:39","guid":{"rendered":"https:\/\/roveyayinevi.com.tr\/index.php\/urun\/ceza-hukuku-felsefesine-katki-radbruch-formulu\/"},"modified":"2026-04-16T02:08:53","modified_gmt":"2026-04-15T23:08:53","slug":"ceza-hukuku-felsefesine-katki-radbruch-formulu","status":"publish","type":"product","link":"https:\/\/roveyayinevi.com.tr\/index.php\/urun\/ceza-hukuku-felsefesine-katki-radbruch-formulu\/","title":{"rendered":"Ceza Hukuku Felsefesine Katk\u0131: Radbruch Form\u00fcl\u00fc"},"content":{"rendered":"<p>&#8221;Emir, emirdir\u201d ve \u201cyasa, yasad\u0131r\u201d. Bu iki maksim vas\u0131tas\u0131yla Nasyonal Sosyalizm kendine tabi olanlar\u0131, askerler ve hukuk\u00e7ular\u0131 sayg\u0131yla ba\u011flaman\u0131n \u00e7aresini bulmu\u015ftu.\u201d &#8221;\u2026meslekleri nesilden nesile ge\u00e7en bir t\u00fcr zanaat olsa da cellatlar m\u00fctemadiyen kendilerinin sadece infaz ettiklerini, h\u00fck\u00fcm vermenin say\u0131n yarg\u0131\u00e7lar\u0131n g\u00f6revi oldu\u011funa g\u00f6ndermede bulunarak, kendilerinin mazur olduklar\u0131na dikkat \u00e7ekerler. \u201cBeyefendiler k\u00f6t\u00fcl\u00fc\u011f\u00fc kontrol alt\u0131na al\u0131rlar ve ben onlar\u0131n h\u00fck\u00fcmlerini infaz ederim\u201d.  Yarg\u0131\u00e7lar \u201c\u2026Nasyonal Sosyalist hukukun, yasal haks\u0131zl\u0131k oldu\u011funu dile getirmi\u015f olsalard\u0131 ya\u015famlar\u0131n\u0131n riske girece\u011fine i\u015faret ederek Ceza Kanunu\u2019nun 54. maddesindeki \u0131zt\u0131rar haline s\u0131\u011f\u0131nmaktad\u0131rlar. Bu da utan\u0131lacak bir haldir, \u00e7\u00fcnk\u00fc yarg\u0131c\u0131n ethosu, kendi ya\u015fam\u0131 d\u00e2hil ne pahas\u0131na olursa olsun adalete do\u011fru y\u00f6nelmektir.\u201d &#8221;Yasal haks\u0131zl\u0131k ile yanl\u0131\u015fl\u0131\u011f\u0131na ra\u011fmen ge\u00e7erli yasalar aras\u0131nda keskin bir s\u0131n\u0131r \u00e7izmek olanaks\u0131zd\u0131r. Yine de son derece a\u00e7\u0131kl\u0131kla \u00e7izilebilecek bir ayr\u0131m \u00e7izgisi vard\u0131r. Bu s\u0131n\u0131r, adaletin \u00f6z\u00fc olan e\u015fitli\u011fe te\u015febb\u00fcs dahi edilmeyip, pozitif yasan\u0131n \u00e7\u0131kar\u0131lmas\u0131nda e\u015fitli\u011fin bilin\u00e7li olarak reddedilmesi halinde, yasan\u0131n sadece \u201cyanl\u0131\u015f hukuk\u201d de\u011fil, her hal\u00fckarda hukukun do\u011fas\u0131ndan tamamen yoksun kalmas\u0131 halidir.\u201d Elinizdeki kitap \u201cg\u00f6r\u00fcn\u00fc\u015fte\u201d Nazi d\u00f6nemi Almanya\u2019s\u0131 hukuksuzluklar\u0131n\u0131 if\u015fa ediyor ve gelecek g\u00fcnler Almanya\u2019s\u0131na bu tecr\u00fcbelerin tekrar etmemesi i\u00e7in yol g\u00f6steriyor. Fakat korkar\u0131z ki hukuk demeye dilinizin varmayaca\u011f\u0131 yasama ve yarg\u0131 uygulamalar\u0131n\u0131 tan\u0131d\u0131k bulacaks\u0131n\u0131z. Mutlak bir adaletsizli\u011fin ya\u015fand\u0131\u011f\u0131 vakitte Radbruch, emri hukuktan, intikam\u0131 adaletten ay\u0131ran form\u00fcl\u00fcn\u00fc sunuyor. Bu form\u00fcl o g\u00fcnden beri hukukun yeniden tesis edilebilmesi ve anlaml\u0131 bir adalet tart\u0131\u015fmas\u0131 i\u00e7in bir imkan olarak g\u00f6r\u00fcl\u00fcyor. <\/p>\n","protected":false},"excerpt":{"rendered":"<p>&#8221;Emir, emirdir\u201d ve \u201cyasa, yasad\u0131r\u201d. Bu iki maksim vas\u0131tas\u0131yla Nasyonal Sosyalizm kendine tabi olanlar\u0131, askerler ve hukuk\u00e7ular\u0131 sayg\u0131yla ba\u011flaman\u0131n \u00e7aresini bulmu\u015ftu.\u201d &#8221;\u2026meslekleri nesilden nesile ge\u00e7en bir<span class=\"excerpt-hellip\"> [\u2026]<\/span><\/p>\n","protected":false},"featured_media":0,"template":"","meta":{"_monsterinsights_skip_tracking":false,"_monsterinsights_sitenote_active":false,"_monsterinsights_sitenote_note":"","_monsterinsights_sitenote_category":0},"product_brand":[],"product_cat":[15350,17602],"product_tag":[],"class_list":{"0":"post-699686","1":"product","2":"type-product","3":"status-publish","5":"product_cat-hukuk","6":"product_cat-hukuk-uzerine","7":"pa_cilt-ciltsiz","8":"pa_tur-kitap","9":"pa_yayinevi-tekin-yayinevi","10":"pa_yazar-sevtap-metin-altan-heper","12":"first","13":"instock","14":"sale","15":"shipping-taxable","16":"purchasable","17":"product-type-simple"},"_links":{"self":[{"href":"https:\/\/roveyayinevi.com.tr\/index.php\/wp-json\/wp\/v2\/product\/699686","targetHints":{"allow":["GET"]}}],"collection":[{"href":"https:\/\/roveyayinevi.com.tr\/index.php\/wp-json\/wp\/v2\/product"}],"about":[{"href":"https:\/\/roveyayinevi.com.tr\/index.php\/wp-json\/wp\/v2\/types\/product"}],"wp:attachment":[{"href":"https:\/\/roveyayinevi.com.tr\/index.php\/wp-json\/wp\/v2\/media?parent=699686"}],"wp:term":[{"taxonomy":"product_brand","embeddable":true,"href":"https:\/\/roveyayinevi.com.tr\/index.php\/wp-json\/wp\/v2\/product_brand?post=699686"},{"taxonomy":"product_cat","embeddable":true,"href":"https:\/\/roveyayinevi.com.tr\/index.php\/wp-json\/wp\/v2\/product_cat?post=699686"},{"taxonomy":"product_tag","embeddable":true,"href":"https:\/\/roveyayinevi.com.tr\/index.php\/wp-json\/wp\/v2\/product_tag?post=699686"}],"curies":[{"name":"wp","href":"https:\/\/api.w.org\/{rel}","templated":true}]}}