{"id":699685,"date":"2025-08-27T14:52:39","date_gmt":"2025-08-27T11:52:39","guid":{"rendered":"https:\/\/roveyayinevi.com.tr\/index.php\/urun\/atalarimizin-golgesinde\/"},"modified":"2026-04-16T02:08:53","modified_gmt":"2026-04-15T23:08:53","slug":"atalarimizin-golgesinde","status":"publish","type":"product","link":"https:\/\/roveyayinevi.com.tr\/index.php\/urun\/atalarimizin-golgesinde\/","title":{"rendered":"Atalar\u0131m\u0131z\u0131n G\u00f6lgesinde"},"content":{"rendered":"<p>\u0130nsanl\u0131\u011f\u0131 varl\u0131kl\u0131 bir evin kap\u0131s\u0131na b\u0131rak\u0131lm\u0131\u015f kimsesiz bebe\u011fe benzetsek yeridir. Yeni ebeveyni ona ge\u00e7mi\u015fine dair bir \u00f6yk\u00fc anlat\u0131r. \u00c7ocuk b\u00fcy\u00fcd\u00fck\u00e7e bu \u00f6yk\u00fcy\u00fc inand\u0131r\u0131c\u0131 bulmay\u0131p ger\u00e7ekte kim oldu\u011funu, hangi soydan geldi\u011fini ara\u015ft\u0131r\u0131r. \u00d6\u011frenir ki insan ve d\u00fcnya g\u00fcn\u00fcm\u00fczden 6000 y\u0131l \u00f6nce yarat\u0131lmam\u0131\u015ft\u0131r! D\u00fcnya 5 milyar y\u0131l \u00f6nce olu\u015fmu\u015f, ya\u015fam 4 milyar y\u0131l \u00f6nce ortaya \u00e7\u0131km\u0131\u015f ve evrilerek 2 milyon y\u0131l \u00f6nce insan t\u00fcr\u00fc bi\u00e7imini alm\u0131\u015ft\u0131r&#8230; \u00c7ocuk en sonunda insan t\u00fcr\u00fcn\u00fcn kendisini do\u011fadan ayr\u0131, ondan \u00fcst\u00fcn bir varl\u0131k olarak g\u00f6rmesinin yanl\u0131\u015f oldu\u011funu anlar.  Bu yanl\u0131\u015ftan kurtulup en yak\u0131n akrabalar\u0131m\u0131z olan canl\u0131 t\u00fcrlerinin ya\u015fam tarz\u0131n\u0131 incelemek, t\u00fcr\u00fcm\u00fcz\u00fcn ba\u015f\u0131na bela olmu\u015f, sava\u015f, katliam, s\u00f6m\u00fcr\u00fc, etnik merkezcilik, yabanc\u0131 d\u00fc\u015fmanl\u0131\u011f\u0131, cinsiyet ayr\u0131mc\u0131l\u0131\u011f\u0131 gibi sorunlar\u0131n \u00e7\u00f6z\u00fcm\u00fcne katk\u0131 sa\u011flayacakt\u0131r. Carl Sagan ve Ann Druyan Atalar\u0131m\u0131z\u0131n G\u00f6lgesinde ile okuru bir bilim \u015fenli\u011fine davet ediyor. Bu \u015fenlikte mitoloji ve felsefeden de s\u00f6z edilece\u011fini s\u00f6ylememize tabii ki gerek yok&#8230; <\/p>\n","protected":false},"excerpt":{"rendered":"<p>\u0130nsanl\u0131\u011f\u0131 varl\u0131kl\u0131 bir evin kap\u0131s\u0131na b\u0131rak\u0131lm\u0131\u015f kimsesiz bebe\u011fe benzetsek yeridir. Yeni ebeveyni ona ge\u00e7mi\u015fine dair bir \u00f6yk\u00fc anlat\u0131r. \u00c7ocuk b\u00fcy\u00fcd\u00fck\u00e7e bu \u00f6yk\u00fcy\u00fc inand\u0131r\u0131c\u0131 bulmay\u0131p ger\u00e7ekte kim<span class=\"excerpt-hellip\"> [\u2026]<\/span><\/p>\n","protected":false},"featured_media":0,"template":"","meta":{"_monsterinsights_skip_tracking":false,"_monsterinsights_sitenote_active":false,"_monsterinsights_sitenote_note":"","_monsterinsights_sitenote_category":0},"product_brand":[],"product_cat":[13633,12324],"product_tag":[],"class_list":{"0":"post-699685","1":"product","2":"type-product","3":"status-publish","5":"product_cat-kultur-ve-bilim","6":"product_cat-sosyoloji","7":"pa_cilt-ciltsiz","8":"pa_tur-kitap","9":"pa_yayinevi-say-yayinlari","10":"pa_yazar-ann-druyan","12":"first","13":"instock","14":"sale","15":"shipping-taxable","16":"purchasable","17":"product-type-simple"},"_links":{"self":[{"href":"https:\/\/roveyayinevi.com.tr\/index.php\/wp-json\/wp\/v2\/product\/699685","targetHints":{"allow":["GET"]}}],"collection":[{"href":"https:\/\/roveyayinevi.com.tr\/index.php\/wp-json\/wp\/v2\/product"}],"about":[{"href":"https:\/\/roveyayinevi.com.tr\/index.php\/wp-json\/wp\/v2\/types\/product"}],"wp:attachment":[{"href":"https:\/\/roveyayinevi.com.tr\/index.php\/wp-json\/wp\/v2\/media?parent=699685"}],"wp:term":[{"taxonomy":"product_brand","embeddable":true,"href":"https:\/\/roveyayinevi.com.tr\/index.php\/wp-json\/wp\/v2\/product_brand?post=699685"},{"taxonomy":"product_cat","embeddable":true,"href":"https:\/\/roveyayinevi.com.tr\/index.php\/wp-json\/wp\/v2\/product_cat?post=699685"},{"taxonomy":"product_tag","embeddable":true,"href":"https:\/\/roveyayinevi.com.tr\/index.php\/wp-json\/wp\/v2\/product_tag?post=699685"}],"curies":[{"name":"wp","href":"https:\/\/api.w.org\/{rel}","templated":true}]}}